{"id":8587,"date":"2025-05-12T11:37:28","date_gmt":"2025-05-12T09:37:28","guid":{"rendered":"https:\/\/padrino.dreamify.es\/?page_id=8587"},"modified":"2025-07-17T10:42:46","modified_gmt":"2025-07-17T08:42:46","slug":"menu-grupo-la-cazuela","status":"publish","type":"page","link":"https:\/\/grupoelpadrino.com\/it\/menu-grupo-la-cazuela\/","title":{"rendered":"Men\u00fa grupo La Cazuela"},"content":{"rendered":"<div data-elementor-type=\"wp-page\" data-elementor-id=\"8587\" class=\"elementor elementor-8587\" data-elementor-post-type=\"page\">\n\t\t\t\t<div class=\"elementor-element elementor-element-c4795fa e-flex e-con-boxed e-con e-parent\" data-id=\"c4795fa\" data-element_type=\"container\" data-e-type=\"container\" data-settings=\"{&quot;background_background&quot;:&quot;classic&quot;}\">\n\t\t\t\t\t<div class=\"e-con-inner\">\n\t\t<div class=\"elementor-element elementor-element-fc66f45 e-con-full e-flex e-con e-child\" data-id=\"fc66f45\" data-element_type=\"container\" data-e-type=\"container\">\n\t\t\t\t<div class=\"elementor-element elementor-element-6e71198 elementor-widget elementor-widget-heading\" data-id=\"6e71198\" data-element_type=\"widget\" data-e-type=\"widget\" data-widget_type=\"heading.default\">\n\t\t\t\t<div class=\"elementor-widget-container\">\n\t\t\t\t\t<h1 class=\"elementor-heading-title elementor-size-default\">Menu per gruppi<br> La Cazuela<\/h1>\t\t\t\t<\/div>\n\t\t\t\t<\/div>\n\t\t<div class=\"elementor-element elementor-element-a0d284d e-con-full e-flex e-con e-child\" data-id=\"a0d284d\" data-element_type=\"container\" data-e-type=\"container\">\n\t\t\t\t<div class=\"elementor-element elementor-element-a2ad894 elementor-widget__width-auto elementor-widget elementor-widget-button\" data-id=\"a2ad894\" data-element_type=\"widget\" data-e-type=\"widget\" data-widget_type=\"button.default\">\n\t\t\t\t<div class=\"elementor-widget-container\">\n\t\t\t\t\t\t\t\t\t<div class=\"elementor-button-wrapper\">\n\t\t\t\t\t<a class=\"elementor-button elementor-button-link elementor-size-sm\" href=\"https:\/\/grupoelpadrino.com\/it\/reserva-la-cazuela\/\">\n\t\t\t\t\t\t<span class=\"elementor-button-content-wrapper\">\n\t\t\t\t\t\t\t\t\t<span class=\"elementor-button-text\">RISERVAR<\/span>\n\t\t\t\t\t<\/span>\n\t\t\t\t\t<\/a>\n\t\t\t\t<\/div>\n\t\t\t\t\t\t\t\t<\/div>\n\t\t\t\t<\/div>\n\t\t\t\t<\/div>\n\t\t\t\t<\/div>\n\t\t\t\t\t<\/div>\n\t\t\t\t<\/div>\n\t\t<div class=\"elementor-element elementor-element-d2c896f e-flex e-con-boxed e-con e-parent\" data-id=\"d2c896f\" data-element_type=\"container\" data-e-type=\"container\" data-settings=\"{&quot;background_background&quot;:&quot;classic&quot;,&quot;shape_divider_top&quot;:&quot;curve-asymmetrical&quot;,&quot;shape_divider_top_negative&quot;:&quot;yes&quot;,&quot;shape_divider_bottom&quot;:&quot;curve-asymmetrical&quot;}\">\n\t\t\t\t\t<div class=\"e-con-inner\">\n\t\t\t\t<div class=\"elementor-shape elementor-shape-top\" aria-hidden=\"true\" data-negative=\"true\">\n\t\t\t<svg xmlns=\"http:\/\/www.w3.org\/2000\/svg\" viewbox=\"0 0 1000 100\" preserveaspectratio=\"none\">\n\t<path class=\"elementor-shape-fill\" d=\"M615.2,96.7C240.2,97.8,0,18.9,0,0v100h1000V0C1000,19.2,989.8,96,615.2,96.7z\"\/>\n<\/svg>\t\t<\/div>\n\t\t\t\t<div class=\"elementor-shape elementor-shape-bottom\" aria-hidden=\"true\" data-negative=\"false\">\n\t\t\t<svg xmlns=\"http:\/\/www.w3.org\/2000\/svg\" viewbox=\"0 0 1000 100\" preserveaspectratio=\"none\">\n\t<path class=\"elementor-shape-fill\" d=\"M0,0c0,0,0,6,0,6.7c0,18,240.2,93.6,615.2,92.6C989.8,98.5,1000,25,1000,6.7c0-0.7,0-6.7,0-6.7H0z\"\/>\n<\/svg>\t\t<\/div>\n\t\t\t\t<div class=\"elementor-element elementor-element-344b397 elementor-widget elementor-widget-html\" data-id=\"344b397\" data-element_type=\"widget\" data-e-type=\"widget\" data-widget_type=\"html.default\">\n\t\t\t\t<div class=\"elementor-widget-container\">\n\t\t\t\t\t<style>\r\n  .menu-container {\r\n    font-family: Arial, sans-serif;\r\n    max-width: 1200px;\r\n    margin: auto;\r\n    background-color: white;\r\n    padding: 2rem;\r\n    border-radius: 10px;\r\n  }\r\n\r\n  .menu-tabs, .submenu-tabs {\r\n    display: flex;\r\n    flex-wrap: wrap;\r\n    gap: 0.5rem;\r\n    margin-bottom: 1rem;\r\n    justify-content: center;\r\n  }\r\n\r\n  .tab-button, .subtab-button {\r\n    padding: 18px 15px;\r\n    cursor: pointer;\r\n    background: #721739;\r\n    color: #B28E65;\r\n    font-weight: 600;\r\n    font-size: 15px;\r\n    border: none;\r\n    border-radius: 5px;\r\n  }\r\n\r\n  .tab-button.active, .subtab-button.active {\r\n    background: #FFF;\r\n    color: #721739;\r\n    font-weight: bold;\r\n  }\r\n\r\n  .subtab-button {\r\n    background: #721739;\r\n    color: #B28E65;\r\n    transition: background-color 0.3s ease;\r\n  }\r\n\r\n  .subtab-button.active {\r\n    background: #fff;\r\n    color: #721739;\r\n  }\r\n\r\n  .menu-content, .submenu-content {\r\n    display: none;\r\n  }\r\n\r\n  .menu-content.active, .submenu-content.active {\r\n    display: block;\r\n  }\r\n\r\n.dish-list {\r\n  display: flex;\r\n  flex-direction: column;\r\n  align-items: center;\r\n  text-align: center;\r\n  gap: 0.5rem; \/* separa un poco cada bloque *\/\r\n  padding: 1rem;\r\n}\r\n\r\n.dish-list h3 {\r\n  font-size: 1.5rem;\r\n  margin-top: 2rem;\r\n  color: #721739; \/* opcional para que destaque *\/\r\n}\r\n\r\n.dish-list p {\r\n  font-size: 1rem;\r\n  max-width: 600px; \/* opcional, para que no ocupen todo el ancho en pantallas grandes *\/\r\n  margin: 0.2rem 0;\r\n}\r\n\r\n.menu-price {\r\n  margin-top: 2rem;\r\n  font-size: 1.3rem;\r\n  color: #721739;\r\n}\r\n\r\n  .price {\r\n    font-weight: bold;\r\n    white-space: nowrap;\r\n    margin-left: 1rem;\r\n  }\r\n\r\n  .allergens {\r\n    display: flex;\r\n    gap: 6px;\r\n    flex-wrap: wrap;\r\n  }\r\n\r\n  .allergens i {\r\n    font-size: 22px;\r\n    color: #333;\r\n  }\r\n\r\n  @media (max-width: 768px) {\r\n    .dish-title-price {\r\n      flex-direction: column;\r\n      align-items: center;\r\n      text-align: center;\r\n    }\r\n\r\n    .dish-info {\r\n      flex-direction: column;\r\n      align-items: center;\r\n      text-align: center; \/* NUEVO *\/\r\n      gap: 0.5rem;\r\n    }\r\n\r\n    .allergens {\r\n      justify-content: center;\r\n      gap: 4px;\r\n    }\r\n    \r\n    .price {\r\n    margin-left: 0;\r\n  }\r\n  .tab-button,\r\n    .subtab-button {\r\n    font-size: 13px;\r\n    font-weight: 400;\r\n}\r\n.menu-container {\r\n    padding:10px;\r\n}\r\n\r\n  }\r\n<\/style>\r\n<div class=\"menu-container\">\r\n\r\n  <!-- Contenido de MEN\u00da -->\r\n  <div class=\"menu-content active\" id=\"menu\">\r\n    <div class=\"submenu-tabs\">\r\n      <button class=\"subtab-button active\" data-target=\"estandar\">EST\u00c1NDAR<\/button>\r\n      <button class=\"subtab-button\" data-target=\"selecto\">SELECTO<\/button>\r\n      <button class=\"subtab-button\" data-target=\"picoteo\">PICOTEO<\/button>\r\n      <button class=\"subtab-button\" data-target=\"vegetariano\"> VEGETARIANO<\/button>\r\n    <\/div>\r\n\r\n    <!-- Subcontenidos -->\r\n   <div class=\"submenu-content active\" id=\"estandar\">\r\n    <ul class=\"dish-list\">\r\n        <h3>In arrivo<\/h3>\r\n        <p>Almogrote &#039; di pomodoro con pane tostato<\/p>\r\n        <p>Montaditos de pan pay\u00e9s, tomate y jam\u00f3n ib\u00e9rico<\/p>\r\n        <p>Crocchette di la cernia banane con ali oli<\/p>\r\n        <p>Calamar sahariano frito con papas arrugadas y mojo<\/p>\r\n\r\n        <h3>Principal<\/h3>\r\n        <p>Per scegliere tra<\/p>\r\n        <p>Salm\u00f3n asado con gulas salteadas al ajillo sobre papas bonitas chafadas<\/p>\r\n        <p>Solomillo cerdo asado con salsa de queso roquefort, verduras y papa r\u00fastica.<\/p>\r\n\r\n        <h3>Dessert<\/h3>\r\n        <p>Cremoso de chocolate con dulce de leche y crumble de cacahuetes<\/p>\r\n\r\n        <h3>Bevande<\/h3>\r\n        <p>Agua y cerveza o refresco<\/p>\r\n        <p>Vino Blanco Palestra verdejo, Rueda<\/p>\r\n        <p>Vino Tinto M\u00e1s Momentos, Cabernet Sauvignon<\/p>\r\n\r\n        <h3 class=\"menu-price\"><strong>Prezzo per persona: 38\u20ac<\/strong><\/h3>\r\n    <\/ul>\r\n<\/div>\r\n\r\n    \r\n   <div class=\"submenu-content active\" id=\"selecto\">\r\n    <ul class=\"dish-list\">\r\n        <h3>In arrivo<\/h3>\r\n        <p>Ensalada ventresca de at\u00fan con cogollos, esp\u00e1rragos y pimientos del piquillo<\/p>\r\n        <p>Jam\u00f3n ib\u00e9rico con tomate rallado y pan pay\u00e9s<\/p>\r\n        <p>Croquetas de gambas al ajillo con ali oli<\/p>\r\n        <p>Queso rulo de cabra frito con mermelada de mango<\/p>\r\n\r\n        <h3>Principal<\/h3>\r\n        <p>Per scegliere tra<\/p>\r\n        <p>Pasta negra salteada con pulpo, gambas y almejas al ajillo<\/p>\r\n        <p>Tronco bacalao confitado con encebollado canario y papas bonitas arrugadas<\/p>\r\n        <p>Solomillo res asado con salsa queso roquefort, verduras salteadas y papas<\/p>\r\n\r\n        <h3>Dessert<\/h3>\r\n        <p>Tarta de manzana con helado y miel de palma<\/p>\r\n\r\n        <h3>Bevande<\/h3>\r\n        <p>Agua y cerveza o refresco<\/p>\r\n        <p>Vino blanco Vi\u00f1a Engracia, Icod de los Vinos<\/p>\r\n        <p>Vino tinto Monte castrillo, Ribera del Duero<\/p>\r\n\r\n        <h3 class=\"menu-price\"><strong>Precio por persona 54\u20ac<\/strong><\/h3>\r\n    <\/ul>\r\n<\/div>\r\n\r\n    <div class=\"submenu-content\" id=\"picoteo\">\r\n      <ul class=\"dish-list\">\r\n          <h3>MENU<\/h3>\r\n        <em>(1 plato cada 4 comensales)<\/em>\r\n        <p>Almogrote &#039; con pane tostato<\/p>\r\n        <p>Spagnolo iberico prosciutto con pane contadino e pomodoro<\/p>\r\n        <p>Ensalada canaria de tomate, queso y aguacate con ali\u00f1o de or\u00e9gano<\/p>\r\n        <p>Croquetas de pollo de corral asado con ali oli<\/p>\r\n        <p>Calamar sahariano frito andaluza con mojo rojo y papas arrugadas<\/p>\r\n        <p>Huevos estrellados con secreto ib\u00e9rico y jam\u00f3n ib\u00e9rico<\/p>\r\n\r\n        <h3>Dessert<\/h3>\r\n        <p>1 por comensales<\/p>\r\n        <p>Tiramis\u00fa de la casa<\/p>\r\n\r\n        <h3>Bevande<\/h3>\r\n        <p>Agua y cerveza o refresco<\/p>\r\n        <p>Vino Blanco Palestra verdejo, Rueda<\/p>\r\n        <p>Vino Tinto M\u00e1s Momentos, Cabernet Sauvignon<\/p>\r\n\r\n        <h3 class=\"menu-price\"><strong>Prezzo per persona: 36\u20ac<\/strong><\/h3>\r\n    <\/ul>\r\n\r\n    <\/div>\r\n    <div class=\"submenu-content\" id=\"vegetariano\">\r\n       <ul class=\"dish-list\">\r\n        <h3>Menu<\/h3>\r\n        <p>Pasta di anacardi, mandorle, pomodori secchi e pane tostato<\/p>\r\n        <p>Carpaccio calabac\u00edn con aguacate, tomate seco y parmesano con toque c\u00edtrico<\/p>\r\n        <p>Crocchette di zucca e noci<\/p>\r\n        <p>Fungo empanadas e patatine fritte con la maionese di avocado<\/p>\r\n\r\n        <h3>Principal<\/h3>\r\n        <p>Per scegliere tra<\/p>\r\n        <p>Risotto di funghi varia da stagione<\/p>\r\n        <p>Tajine di polpette heura con cous cous<\/p>\r\n\r\n        <h3>Dessert<\/h3>\r\n        <p>Torta con pere e yogurt con miele<\/p>\r\n\r\n        <h3>Bevande<\/h3>\r\n        <p>Agua, cerveza o refresco<\/p>\r\n\r\n        <h3 class=\"menu-price\"><strong>Prezzo Per persona: 34\u20ac<\/strong><\/h3>\r\n    <\/ul>\r\n    <\/div>\r\n  <\/div>\r\n<\/div>\r\n\r\n<script>\r\n  \/\/ Cambiar entre pesta\u00f1as principales (solo MEN\u00da activa contenido)\r\n  document.querySelectorAll('.tab-button').forEach(button => {\r\n    button.addEventListener('click', e => {\r\n      if (button.dataset.target !== \"menu\") return; \/\/ solo men\u00fa tiene contenido\r\n      document.querySelectorAll('.tab-button').forEach(btn => btn.classList.remove('active'));\r\n      document.querySelectorAll('.menu-content').forEach(content => content.classList.remove('active'));\r\n\r\n      button.classList.add('active');\r\n      document.getElementById(button.dataset.target).classList.add('active');\r\n    });\r\n  });\r\n\r\n  \/\/ Submen\u00fa dentro de MEN\u00da\r\n  document.querySelectorAll('.subtab-button').forEach(button => {\r\n    button.addEventListener('click', () => {\r\n      document.querySelectorAll('.subtab-button').forEach(btn => btn.classList.remove('active'));\r\n      document.querySelectorAll('.submenu-content').forEach(content => content.classList.remove('active'));\r\n\r\n      button.classList.add('active');\r\n      document.getElementById(button.dataset.target).classList.add('active');\r\n    });\r\n  });\r\n<\/script>\r\n\t\t\t\t<\/div>\n\t\t\t\t<\/div>\n\t\t\t\t\t<\/div>\n\t\t\t\t<\/div>\n\t\t<div class=\"elementor-element elementor-element-a0fbcb6 e-flex e-con-boxed e-con e-parent\" data-id=\"a0fbcb6\" data-element_type=\"container\" data-e-type=\"container\" data-settings=\"{&quot;background_background&quot;:&quot;classic&quot;}\">\n\t\t\t\t\t<div class=\"e-con-inner\">\n\t\t\t\t<div class=\"elementor-element elementor-element-f785700 elementor-widget elementor-widget-text-editor\" data-id=\"f785700\" data-element_type=\"widget\" data-e-type=\"widget\" data-widget_type=\"text-editor.default\">\n\t\t\t\t<div class=\"elementor-widget-container\">\n\t\t\t\t\t\t\t\t\t<p>NOTA: IL CLIENTE DEVE INFORMARE 4 GIORNI PRIMA CHE I PIATTI SCELTI. Gli snack serviamo <br \/>razione per ogni 4 ospiti. Il vino viene servita una bottiglia ogni due persone, o l&#039;equivalente in birra o <br \/>soft drink e una bottiglia di acqua minerale. Il resto delle bevande saranno considerati come optional non incluso nel <br \/>prezzo del menu. <br \/>Il Menu non \u00e8 disponibile per le date speciali come: 24,25 e 31 Dici<\/p>\t\t\t\t\t\t\t\t<\/div>\n\t\t\t\t<\/div>\n\t\t\t\t<div class=\"elementor-element elementor-element-9c48b32 elementor-widget elementor-widget-text-editor\" data-id=\"9c48b32\" data-element_type=\"widget\" data-e-type=\"widget\" data-widget_type=\"text-editor.default\">\n\t\t\t\t<div class=\"elementor-widget-container\">\n\t\t\t\t\t\t\t\t\t<p><strong>I.G.I.C. INCLUIDO.<\/strong><\/p>\t\t\t\t\t\t\t\t<\/div>\n\t\t\t\t<\/div>\n\t\t\t\t\t<\/div>\n\t\t\t\t<\/div>\n\t\t\t\t<\/div>","protected":false},"excerpt":{"rendered":"<p>Men\u00fa para grupos La Cazuela RESERVAR EST\u00c1NDAR SELECTO PICOTEO VEGETARIANO Entrantes Almogrote gomero con tostadas Montaditos de pan pay\u00e9s, tomate [&hellip;]<\/p>\n","protected":false},"author":3,"featured_media":0,"parent":0,"menu_order":0,"comment_status":"closed","ping_status":"closed","template":"","meta":{"site-sidebar-layout":"no-sidebar","site-content-layout":"","ast-site-content-layout":"full-width-container","site-content-style":"default","site-sidebar-style":"default","ast-global-header-display":"","ast-banner-title-visibility":"","ast-main-header-display":"","ast-hfb-above-header-display":"","ast-hfb-below-header-display":"","ast-hfb-mobile-header-display":"","site-post-title":"disabled","ast-breadcrumbs-content":"","ast-featured-img":"disabled","footer-sml-layout":"","ast-disable-related-posts":"","theme-transparent-header-meta":"","adv-header-id-meta":"","stick-header-meta":"","header-above-stick-meta":"","header-main-stick-meta":"","header-below-stick-meta":"","astra-migrate-meta-layouts":"default","ast-page-background-enabled":"default","ast-page-background-meta":{"desktop":{"background-color":"var(--ast-global-color-5)","background-image":"","background-repeat":"repeat","background-position":"center center","background-size":"auto","background-attachment":"scroll","background-type":"","background-media":"","overlay-type":"","overlay-color":"","overlay-opacity":"","overlay-gradient":""},"tablet":{"background-color":"","background-image":"","background-repeat":"repeat","background-position":"center center","background-size":"auto","background-attachment":"scroll","background-type":"","background-media":"","overlay-type":"","overlay-color":"","overlay-opacity":"","overlay-gradient":""},"mobile":{"background-color":"","background-image":"","background-repeat":"repeat","background-position":"center center","background-size":"auto","background-attachment":"scroll","background-type":"","background-media":"","overlay-type":"","overlay-color":"","overlay-opacity":"","overlay-gradient":""}},"ast-content-background-meta":{"desktop":{"background-color":"var(--ast-global-color-4)","background-image":"","background-repeat":"repeat","background-position":"center center","background-size":"auto","background-attachment":"scroll","background-type":"","background-media":"","overlay-type":"","overlay-color":"","overlay-opacity":"","overlay-gradient":""},"tablet":{"background-color":"var(--ast-global-color-4)","background-image":"","background-repeat":"repeat","background-position":"center center","background-size":"auto","background-attachment":"scroll","background-type":"","background-media":"","overlay-type":"","overlay-color":"","overlay-opacity":"","overlay-gradient":""},"mobile":{"background-color":"var(--ast-global-color-4)","background-image":"","background-repeat":"repeat","background-position":"center center","background-size":"auto","background-attachment":"scroll","background-type":"","background-media":"","overlay-type":"","overlay-color":"","overlay-opacity":"","overlay-gradient":""}},"footnotes":""},"class_list":["post-8587","page","type-page","status-publish","hentry"],"_links":{"self":[{"href":"https:\/\/grupoelpadrino.com\/it\/wp-json\/wp\/v2\/pages\/8587","targetHints":{"allow":["GET"]}}],"collection":[{"href":"https:\/\/grupoelpadrino.com\/it\/wp-json\/wp\/v2\/pages"}],"about":[{"href":"https:\/\/grupoelpadrino.com\/it\/wp-json\/wp\/v2\/types\/page"}],"author":[{"embeddable":true,"href":"https:\/\/grupoelpadrino.com\/it\/wp-json\/wp\/v2\/users\/3"}],"replies":[{"embeddable":true,"href":"https:\/\/grupoelpadrino.com\/it\/wp-json\/wp\/v2\/comments?post=8587"}],"version-history":[{"count":31,"href":"https:\/\/grupoelpadrino.com\/it\/wp-json\/wp\/v2\/pages\/8587\/revisions"}],"predecessor-version":[{"id":8980,"href":"https:\/\/grupoelpadrino.com\/it\/wp-json\/wp\/v2\/pages\/8587\/revisions\/8980"}],"wp:attachment":[{"href":"https:\/\/grupoelpadrino.com\/it\/wp-json\/wp\/v2\/media?parent=8587"}],"curies":[{"name":"wp","href":"https:\/\/api.w.org\/{rel}","templated":true}]}}