{"id":7801,"date":"2025-04-22T12:21:56","date_gmt":"2025-04-22T10:21:56","guid":{"rendered":"http:\/\/localhost\/grupo-padrino\/?page_id=7801"},"modified":"2025-04-22T12:22:36","modified_gmt":"2025-04-22T10:22:36","slug":"politica-de-privacidad","status":"publish","type":"page","link":"https:\/\/grupoelpadrino.com\/it\/politica-de-privacidad\/","title":{"rendered":"Politica sulla Privacy"},"content":{"rendered":"<div data-elementor-type=\"wp-page\" data-elementor-id=\"7801\" class=\"elementor elementor-7801\" data-elementor-post-type=\"page\">\n\t\t\t\t<div class=\"elementor-element elementor-element-0f76967 e-flex e-con-boxed e-con e-parent\" data-id=\"0f76967\" data-element_type=\"container\" data-e-type=\"container\">\n\t\t\t\t\t<div class=\"e-con-inner\">\n\t\t\t\t<div class=\"elementor-element elementor-element-02b4140 elementor-widget elementor-widget-heading\" data-id=\"02b4140\" data-element_type=\"widget\" data-e-type=\"widget\" data-widget_type=\"heading.default\">\n\t\t\t\t<div class=\"elementor-widget-container\">\n\t\t\t\t\t<h2 class=\"elementor-heading-title elementor-size-default\">Politica sulla Privacy<\/h2>\t\t\t\t<\/div>\n\t\t\t\t<\/div>\n\t\t\t\t<div class=\"elementor-element elementor-element-18c210f elementor-widget elementor-widget-text-editor\" data-id=\"18c210f\" data-element_type=\"widget\" data-e-type=\"widget\" data-widget_type=\"text-editor.default\">\n\t\t\t\t<div class=\"elementor-widget-container\">\n\t\t\t\t\t\t\t\t\t<p>IL PADRINO INVESTIMENTI SL si impegna nel garantire che la vostra privacy \u00e8 protetta. Questa informativa sulla privacy illustra le modalit\u00e0 di utilizzo delle informazioni personali raccolte attraverso il nostro sito web e altri canali digitali, in conformit\u00e0 con il Regolamento Generale di Protezione dei Dati (RGPD) (EU 2016\/679) e la Legge Organica 3\/2018, sulla Protezione dei Dati Personali e di garanzia dei diritti digitali (LOPDGDD).<\/p><h4 class=\"wp-block-heading\">Responsabile del Trattamento dei Dati<\/h4><ul><li><strong>Responsabile<\/strong>: IL PADRINO INVESTIMENTI SL<\/li><li><strong>NIF<\/strong>: B67796268<\/li><li><strong>Indirizzo registrato<\/strong>: AV CRISTOBAL COLON 14 PUERTO DE LA CRUZ 38400<\/li><li><strong>E-mail<\/strong>:\u00a0<a class=\"css-1rn59kg\" title=\"mailto:INFO@GRUPOELPADRINO.COM\" href=\"mailto:INFO@GRUPOELPADRINO.COM\" data-testid=\"link-with-safety\" data-renderer-mark=\"true\">INFO@GRUPOELPADRINO.COM<\/a><\/li><\/ul><h4>Quali informazioni raccogliamo<\/h4><p>Possiamo raccogliere le seguenti informazioni personali:<\/p><ul><li>Nome e cognome<\/li><li>Informazioni di contatto tra cui indirizzo e-mail e numero di telefono<\/li><li>Informazioni demografiche, come il codice postale, preferenze e interessi<\/li><li>Informazioni tecniche come ad esempio indirizzo IP, tipo di browser, e dati di navigazione (cookies)<\/li><\/ul><h4>Finalit\u00e0 del Trattamento dei Dati<\/h4><p>Raccogliamo queste informazioni per fornire servizi migliori e, in particolare, per i seguenti motivi:<\/p><ul><li><strong>Consultazioni di gestione<\/strong>: Per rispondere a domande, richieste o fornire informazioni.<\/li><li><strong>Miglioramento dei nostri prodotti e servizi<\/strong>: Utilizziamo i dati per analisi interne.<\/li><li><strong>Di comunicazione commerciale<\/strong>: Con il tuo espresso consenso, si pu\u00f2 inviare informazioni promozionali relative a prodotti, servizi o eventi che riteniamo possano essere di interesse per voi.<\/li><li><strong>Rispetto degli obblighi di legge.<\/strong>: Quando necessario, provvederemo a elaborare i vostri dati al fine di ottemperare ai nostri obblighi legali.<\/li><\/ul><h4>Legittimazione per il Trattamento dei Dati<\/h4><p>La base giuridica per il trattamento dei dati \u00e8 il\u00a0<strong>esplicito consenso<\/strong>\u00a0da voi fornite quando si accetta la presente politica sulla privacy e fornendo i propri dati personali.<\/p><h4>Diritti degli Utenti<\/h4><p>Come titolare dei dati personali, lei ha diritto di:<\/p><ul><li><strong>Accesso<\/strong>\u00a0i tuoi dati personali.<\/li><li><strong>Rettifica<\/strong>\u00a0errate o incomplete.<\/li><li><strong>Per richiedere la cancellazione<\/strong>\u00a0dei tuoi dati quando non sono pi\u00f9 necessari per gli scopi per cui sono stati raccolti.<\/li><li><strong>Limitare il trattamento<\/strong>\u00a0i dati in determinate circostanze.<\/li><li><strong>Opporsi<\/strong>\u00a0il trattamento dei tuoi dati per finalit\u00e0 di marketing.<\/li><li><strong>Striscia<\/strong>\u00a0i loro dati ad un altro responsabile, ove tecnicamente possibile.<\/li><\/ul><p>Potr\u00e0 esercitare tali diritti inviando una e-mail a\u00a0<a class=\"css-1rn59kg\" title=\"mailto:INFO@GRUPOELPADRINO.COM\" href=\"mailto:INFO@GRUPOELPADRINO.COM\" data-testid=\"link-with-safety\" data-renderer-mark=\"true\">INFO@GRUPOELPADRINO.COM<\/a>\u00a0o per posta al nostro indirizzo di cui sopra. In tutti i casi, \u00e8 necessario includere una copia del proprio documento di identit\u00e0 per verificare la tua identit\u00e0.<\/p><h4>Sicurezza dei Dati<\/h4><p>IL PADRINO INVESTIMENTI SL si impegna a garantire che le vostre informazioni sono al sicuro. Per impedire l&#039;accesso non autorizzato o la divulgazione di dati personali, abbiamo adottato misure di sicurezza fisiche, elettroniche e amministrative.<\/p><h4>Utilizzo dei Cookies<\/h4><p>Il nostro sito utilizza i cookies per raccogliere informazioni tecniche e migliorare l&#039;esperienza utente. Per ulteriori dettagli su come utilizziamo i cookie, si prega di fare riferimento al nostro\u00a0<strong>Cookie policy<\/strong>.<\/p><h4>Conservazione dei Dati<\/h4><p>I tuoi dati personali saranno conservati per tutto il tempo in quanto vi \u00e8 una relazione d&#039;affari o fino a quando \u00e8 richiesta la sua soppressione da parte dell&#039;interessato, purch\u00e9 nel rispetto dei limiti fissati dalla normativa in vigore.<\/p><h4>Cambiamenti nella Privacy Policy<\/h4><p>IL PADRINO INVESTIMENTI SL si riserva il diritto di modificare questa politica sulla privacy in qualsiasi momento. Eventuali variazioni saranno comunicate tramite questo sito web.<\/p><h4>Contatto<\/h4><p>Se avete domande su questa politica di privacy o sul modo in cui trattiamo i tuoi dati personali, \u00e8 possibile contattarci tramite\u00a0<a class=\"css-1rn59kg\" title=\"mailto:INFO@GRUPOELPADRINO.COM\" href=\"mailto:INFO@GRUPOELPADRINO.COM\" data-testid=\"link-with-safety\" data-renderer-mark=\"true\">INFO@GRUPOELPADRINO.COM<\/a>.<\/p>\t\t\t\t\t\t\t\t<\/div>\n\t\t\t\t<\/div>\n\t\t\t\t\t<\/div>\n\t\t\t\t<\/div>\n\t\t\t\t<\/div>","protected":false},"excerpt":{"rendered":"<p>Pol\u00edtica de Privacidad EL PADRINO INVERSIONES SL se compromete a garantizar que su privacidad est\u00e9 protegida. Esta pol\u00edtica de privacidad [&hellip;]<\/p>\n","protected":false},"author":3,"featured_media":0,"parent":0,"menu_order":0,"comment_status":"closed","ping_status":"closed","template":"","meta":{"site-sidebar-layout":"no-sidebar","site-content-layout":"","ast-site-content-layout":"full-width-container","site-content-style":"default","site-sidebar-style":"default","ast-global-header-display":"","ast-banner-title-visibility":"","ast-main-header-display":"","ast-hfb-above-header-display":"","ast-hfb-below-header-display":"","ast-hfb-mobile-header-display":"","site-post-title":"disabled","ast-breadcrumbs-content":"","ast-featured-img":"disabled","footer-sml-layout":"","ast-disable-related-posts":"","theme-transparent-header-meta":"","adv-header-id-meta":"","stick-header-meta":"","header-above-stick-meta":"","header-main-stick-meta":"","header-below-stick-meta":"","astra-migrate-meta-layouts":"default","ast-page-background-enabled":"default","ast-page-background-meta":{"desktop":{"background-color":"var(--ast-global-color-5)","background-image":"","background-repeat":"repeat","background-position":"center center","background-size":"auto","background-attachment":"scroll","background-type":"","background-media":"","overlay-type":"","overlay-color":"","overlay-opacity":"","overlay-gradient":""},"tablet":{"background-color":"","background-image":"","background-repeat":"repeat","background-position":"center center","background-size":"auto","background-attachment":"scroll","background-type":"","background-media":"","overlay-type":"","overlay-color":"","overlay-opacity":"","overlay-gradient":""},"mobile":{"background-color":"","background-image":"","background-repeat":"repeat","background-position":"center center","background-size":"auto","background-attachment":"scroll","background-type":"","background-media":"","overlay-type":"","overlay-color":"","overlay-opacity":"","overlay-gradient":""}},"ast-content-background-meta":{"desktop":{"background-color":"var(--ast-global-color-4)","background-image":"","background-repeat":"repeat","background-position":"center center","background-size":"auto","background-attachment":"scroll","background-type":"","background-media":"","overlay-type":"","overlay-color":"","overlay-opacity":"","overlay-gradient":""},"tablet":{"background-color":"var(--ast-global-color-4)","background-image":"","background-repeat":"repeat","background-position":"center center","background-size":"auto","background-attachment":"scroll","background-type":"","background-media":"","overlay-type":"","overlay-color":"","overlay-opacity":"","overlay-gradient":""},"mobile":{"background-color":"var(--ast-global-color-4)","background-image":"","background-repeat":"repeat","background-position":"center center","background-size":"auto","background-attachment":"scroll","background-type":"","background-media":"","overlay-type":"","overlay-color":"","overlay-opacity":"","overlay-gradient":""}},"footnotes":""},"class_list":["post-7801","page","type-page","status-publish","hentry"],"_links":{"self":[{"href":"https:\/\/grupoelpadrino.com\/it\/wp-json\/wp\/v2\/pages\/7801","targetHints":{"allow":["GET"]}}],"collection":[{"href":"https:\/\/grupoelpadrino.com\/it\/wp-json\/wp\/v2\/pages"}],"about":[{"href":"https:\/\/grupoelpadrino.com\/it\/wp-json\/wp\/v2\/types\/page"}],"author":[{"embeddable":true,"href":"https:\/\/grupoelpadrino.com\/it\/wp-json\/wp\/v2\/users\/3"}],"replies":[{"embeddable":true,"href":"https:\/\/grupoelpadrino.com\/it\/wp-json\/wp\/v2\/comments?post=7801"}],"version-history":[{"count":7,"href":"https:\/\/grupoelpadrino.com\/it\/wp-json\/wp\/v2\/pages\/7801\/revisions"}],"predecessor-version":[{"id":7808,"href":"https:\/\/grupoelpadrino.com\/it\/wp-json\/wp\/v2\/pages\/7801\/revisions\/7808"}],"wp:attachment":[{"href":"https:\/\/grupoelpadrino.com\/it\/wp-json\/wp\/v2\/media?parent=7801"}],"curies":[{"name":"wp","href":"https:\/\/api.w.org\/{rel}","templated":true}]}}