{"id":7793,"date":"2025-04-22T12:19:54","date_gmt":"2025-04-22T10:19:54","guid":{"rendered":"http:\/\/localhost\/grupo-padrino\/?page_id=7793"},"modified":"2025-04-22T12:22:48","modified_gmt":"2025-04-22T10:22:48","slug":"aviso-legal","status":"publish","type":"page","link":"https:\/\/grupoelpadrino.com\/it\/aviso-legal\/","title":{"rendered":"Avviso Legale"},"content":{"rendered":"<div data-elementor-type=\"wp-page\" data-elementor-id=\"7793\" class=\"elementor elementor-7793\" data-elementor-post-type=\"page\">\n\t\t\t\t<div class=\"elementor-element elementor-element-0f76967 e-flex e-con-boxed e-con e-parent\" data-id=\"0f76967\" data-element_type=\"container\" data-e-type=\"container\">\n\t\t\t\t\t<div class=\"e-con-inner\">\n\t\t\t\t<div class=\"elementor-element elementor-element-02b4140 elementor-widget elementor-widget-heading\" data-id=\"02b4140\" data-element_type=\"widget\" data-e-type=\"widget\" data-widget_type=\"heading.default\">\n\t\t\t\t<div class=\"elementor-widget-container\">\n\t\t\t\t\t<h2 class=\"elementor-heading-title elementor-size-default\">Avviso Legale<\/h2>\t\t\t\t<\/div>\n\t\t\t\t<\/div>\n\t\t\t\t<div class=\"elementor-element elementor-element-18c210f elementor-widget elementor-widget-text-editor\" data-id=\"18c210f\" data-element_type=\"widget\" data-e-type=\"widget\" data-widget_type=\"text-editor.default\">\n\t\t\t\t<div class=\"elementor-widget-container\">\n\t\t\t\t\t\t\t\t\tIn conformit\u00e0 con le disposizioni della Legge 34\/2002, del 11 luglio, sui Servizi della Societ\u00e0 dell&#039;Informazione e Commercio Elettronico (LSSI-CE), vi informiamo di quanto segue gli aspetti legali di questo sito:\n<h4>Propriet\u00e0 del Sito<\/h4>\n<ul>\n \t<li><strong>Ragione sociale<\/strong>: IL PADRINO INVESTIMENTI SL<\/li>\n \t<li><strong>CIF<\/strong>: B67796268<\/li>\n \t<li><strong>Indirizzo fiscale e sociale<\/strong>: AV CRISTOBAL COLON 14 PUERTO DE LA CRUZ 38400<\/li>\n \t<li><strong>E-mail<\/strong>:\u00a0<a class=\"css-1rn59kg\" title=\"mailto:INFO@GRUPOELPADRINO.COM\" href=\"mailto:INFO@GRUPOELPADRINO.COM\" data-testid=\"link-with-safety\" data-renderer-mark=\"true\">INFO@GRUPOELPADRINO.COM<\/a><\/li>\n<\/ul>\n<h4>Termini di utilizzo<\/h4>\nL&#039;accesso e l&#039;uso del sito web di IL PADRINO INVESTIMENTI SL attribuisce la condizione di utente e comporta la piena e incondizionata accettazione di tutti e di ciascuno delle disposizioni contenute nel presente Avviso Legale, nella versione pubblicata da IL PADRINO INVESTIMENTI SL nel momento stesso in cui l&#039;utente accede al sito web.\n<h4>Di propriet\u00e0 intellettuale e Industriale<\/h4>\nTutti i contenuti del sito web, che \u00e8 compreso, ma non limitato a, i testi, le fotografie, i grafici, le immagini, le icone, la tecnologia, il software e altri contenuti audiovisivi o sonori, cos\u00ec come la sua grafica e il codice sorgente sono propriet\u00e0 intellettuale di SPONSOR INVESTIMENTI SL, senza essere trasferita all&#039;utente nessuno dei diritti di sfruttamento su di loro al di l\u00e0 di quanto \u00e8 strettamente necessario per il corretto utilizzo del sito web.\n<h4>Protezione dei dati<\/h4>\nIL PADRINO INVESTIMENTI SL \u00e8 conforme alla normativa vigente in materia di protezione dei dati, e assicura la corretta gestione dei dati personali che possono essere raccolti attraverso il form di contatto sul sito web, in conformit\u00e0 con le disposizioni del Regolamento (UE) 2016\/679 (Regolamento Generale sulla Protezione dei Dati).\n<h4>Responsabilit\u00e0 per i Contenuti<\/h4>\nIL PADRINO INVESTIMENTI SL non \u00e8 responsabile per la legalit\u00e0 di altri siti web di terze parti da cui si accede a questo sito web. Non sar\u00e0 responsabile per la legalit\u00e0 di altri siti web di terzi che possono essere collegati o collegati a questo sito web.\n<h4>Legislazione applicabile e foro Competente<\/h4>\nIl rapporto tra IL PADRINO INVESTIMENTI SL e l&#039;utente sono regolati dalla vigente normativa spagnola e qualsiasi controversia sar\u00e0 sottoposta alle corti e ai Tribunali della citt\u00e0 di Tenerife, a meno che la legge applicabile disponga diversamente.\n\n<hr \/>\n\nPer ulteriori informazioni o dubbi su questa nota Legale, vi preghiamo di contattarci via e-mail: <a class=\"css-1rn59kg\" style=\"font-size: 16px; background-color: #ffffff;\" title=\"mailto:INFO@GRUPOELPADRINO.COM\" href=\"mailto:INFO@GRUPOELPADRINO.COM\" data-testid=\"link-with-safety\" data-renderer-mark=\"true\">INFO@GRUPOELPADRINO.COM<\/a>\n\n<span style=\"text-decoration: underline;\"><em>.<\/em><\/span>\t\t\t\t\t\t\t\t<\/div>\n\t\t\t\t<\/div>\n\t\t\t\t\t<\/div>\n\t\t\t\t<\/div>\n\t\t\t\t<\/div>","protected":false},"excerpt":{"rendered":"<p>Aviso Legal En cumplimiento con lo dispuesto en la Ley 34\/2002, de 11 de julio, de Servicios de la Sociedad [&hellip;]<\/p>\n","protected":false},"author":3,"featured_media":0,"parent":0,"menu_order":0,"comment_status":"closed","ping_status":"closed","template":"","meta":{"site-sidebar-layout":"no-sidebar","site-content-layout":"","ast-site-content-layout":"full-width-container","site-content-style":"default","site-sidebar-style":"default","ast-global-header-display":"","ast-banner-title-visibility":"","ast-main-header-display":"","ast-hfb-above-header-display":"","ast-hfb-below-header-display":"","ast-hfb-mobile-header-display":"","site-post-title":"disabled","ast-breadcrumbs-content":"","ast-featured-img":"disabled","footer-sml-layout":"","ast-disable-related-posts":"","theme-transparent-header-meta":"","adv-header-id-meta":"","stick-header-meta":"","header-above-stick-meta":"","header-main-stick-meta":"","header-below-stick-meta":"","astra-migrate-meta-layouts":"default","ast-page-background-enabled":"default","ast-page-background-meta":{"desktop":{"background-color":"var(--ast-global-color-5)","background-image":"","background-repeat":"repeat","background-position":"center center","background-size":"auto","background-attachment":"scroll","background-type":"","background-media":"","overlay-type":"","overlay-color":"","overlay-opacity":"","overlay-gradient":""},"tablet":{"background-color":"","background-image":"","background-repeat":"repeat","background-position":"center center","background-size":"auto","background-attachment":"scroll","background-type":"","background-media":"","overlay-type":"","overlay-color":"","overlay-opacity":"","overlay-gradient":""},"mobile":{"background-color":"","background-image":"","background-repeat":"repeat","background-position":"center center","background-size":"auto","background-attachment":"scroll","background-type":"","background-media":"","overlay-type":"","overlay-color":"","overlay-opacity":"","overlay-gradient":""}},"ast-content-background-meta":{"desktop":{"background-color":"var(--ast-global-color-4)","background-image":"","background-repeat":"repeat","background-position":"center center","background-size":"auto","background-attachment":"scroll","background-type":"","background-media":"","overlay-type":"","overlay-color":"","overlay-opacity":"","overlay-gradient":""},"tablet":{"background-color":"var(--ast-global-color-4)","background-image":"","background-repeat":"repeat","background-position":"center center","background-size":"auto","background-attachment":"scroll","background-type":"","background-media":"","overlay-type":"","overlay-color":"","overlay-opacity":"","overlay-gradient":""},"mobile":{"background-color":"var(--ast-global-color-4)","background-image":"","background-repeat":"repeat","background-position":"center center","background-size":"auto","background-attachment":"scroll","background-type":"","background-media":"","overlay-type":"","overlay-color":"","overlay-opacity":"","overlay-gradient":""}},"footnotes":""},"class_list":["post-7793","page","type-page","status-publish","hentry"],"_links":{"self":[{"href":"https:\/\/grupoelpadrino.com\/it\/wp-json\/wp\/v2\/pages\/7793","targetHints":{"allow":["GET"]}}],"collection":[{"href":"https:\/\/grupoelpadrino.com\/it\/wp-json\/wp\/v2\/pages"}],"about":[{"href":"https:\/\/grupoelpadrino.com\/it\/wp-json\/wp\/v2\/types\/page"}],"author":[{"embeddable":true,"href":"https:\/\/grupoelpadrino.com\/it\/wp-json\/wp\/v2\/users\/3"}],"replies":[{"embeddable":true,"href":"https:\/\/grupoelpadrino.com\/it\/wp-json\/wp\/v2\/comments?post=7793"}],"version-history":[{"count":10,"href":"https:\/\/grupoelpadrino.com\/it\/wp-json\/wp\/v2\/pages\/7793\/revisions"}],"predecessor-version":[{"id":7811,"href":"https:\/\/grupoelpadrino.com\/it\/wp-json\/wp\/v2\/pages\/7793\/revisions\/7811"}],"wp:attachment":[{"href":"https:\/\/grupoelpadrino.com\/it\/wp-json\/wp\/v2\/media?parent=7793"}],"curies":[{"name":"wp","href":"https:\/\/api.w.org\/{rel}","templated":true}]}}