{"id":10281,"date":"2025-10-11T11:54:08","date_gmt":"2025-10-11T10:54:08","guid":{"rendered":"https:\/\/grupoelpadrino.com\/producto\/brandada-de-bacalao-al-estilo-canario-con-papas-bonitas\/"},"modified":"2026-03-11T13:03:04","modified_gmt":"2026-03-11T13:03:04","slug":"brandada-de-bacalao-al-estilo-canario-con-papas-bonitas","status":"publish","type":"product","link":"https:\/\/grupoelpadrino.com\/fr\/product\/brandada-de-bacalao-al-estilo-canario-con-papas-bonitas\/","title":{"rendered":"ENSALADA DE ALCACHOFAS CON JAM\u00d3N IB\u00c9RICO Y TR\u00cdO DE PIMIENTOS ASADOS"},"content":{"rendered":"","protected":false},"excerpt":{"rendered":"","protected":false},"featured_media":0,"comment_status":"closed","ping_status":"open","template":"","meta":{"site-sidebar-layout":"default","site-content-layout":"","ast-site-content-layout":"default","site-content-style":"default","site-sidebar-style":"default","ast-global-header-display":"","ast-banner-title-visibility":"","ast-main-header-display":"","ast-hfb-above-header-display":"","ast-hfb-below-header-display":"","ast-hfb-mobile-header-display":"","site-post-title":"","ast-breadcrumbs-content":"","ast-featured-img":"","footer-sml-layout":"","ast-disable-related-posts":"","theme-transparent-header-meta":"","adv-header-id-meta":"","stick-header-meta":"","header-above-stick-meta":"","header-main-stick-meta":"","header-below-stick-meta":"","astra-migrate-meta-layouts":"default","ast-page-background-enabled":"default","ast-page-background-meta":{"desktop":{"background-color":"var(--ast-global-color-5)","background-image":"","background-repeat":"repeat","background-position":"center center","background-size":"auto","background-attachment":"scroll","background-type":"","background-media":"","overlay-type":"","overlay-color":"","overlay-opacity":"","overlay-gradient":""},"tablet":{"background-color":"","background-image":"","background-repeat":"repeat","background-position":"center center","background-size":"auto","background-attachment":"scroll","background-type":"","background-media":"","overlay-type":"","overlay-color":"","overlay-opacity":"","overlay-gradient":""},"mobile":{"background-color":"","background-image":"","background-repeat":"repeat","background-position":"center center","background-size":"auto","background-attachment":"scroll","background-type":"","background-media":"","overlay-type":"","overlay-color":"","overlay-opacity":"","overlay-gradient":""}},"ast-content-background-meta":{"desktop":{"background-color":"var(--ast-global-color-4)","background-image":"","background-repeat":"repeat","background-position":"center center","background-size":"auto","background-attachment":"scroll","background-type":"","background-media":"","overlay-type":"","overlay-color":"","overlay-opacity":"","overlay-gradient":""},"tablet":{"background-color":"var(--ast-global-color-4)","background-image":"","background-repeat":"repeat","background-position":"center center","background-size":"auto","background-attachment":"scroll","background-type":"","background-media":"","overlay-type":"","overlay-color":"","overlay-opacity":"","overlay-gradient":""},"mobile":{"background-color":"var(--ast-global-color-4)","background-image":"","background-repeat":"repeat","background-position":"center center","background-size":"auto","background-attachment":"scroll","background-type":"","background-media":"","overlay-type":"","overlay-color":"","overlay-opacity":"","overlay-gradient":""}}},"product_brand":[],"product_cat":[23],"product_tag":[],"restaurantes":[140],"alergenos":[128,135],"class_list":{"0":"post-10281","1":"product","2":"type-product","3":"status-publish","5":"product_cat-fuera-de-carta","6":"restaurantes-el-pescador","7":"alergenos-huevos","8":"alergenos-sulfitos","9":"desktop-align-left","10":"tablet-align-left","11":"mobile-align-left","12":"ast-product-gallery-layout-horizontal-slider","13":"ast-product-gallery-with-no-image","14":"ast-product-tabs-layout-horizontal","16":"first","17":"instock","18":"virtual","19":"purchasable","20":"product-type-simple"},"_links":{"self":[{"href":"https:\/\/grupoelpadrino.com\/fr\/wp-json\/wp\/v2\/product\/10281","targetHints":{"allow":["GET"]}}],"collection":[{"href":"https:\/\/grupoelpadrino.com\/fr\/wp-json\/wp\/v2\/product"}],"about":[{"href":"https:\/\/grupoelpadrino.com\/fr\/wp-json\/wp\/v2\/types\/product"}],"replies":[{"embeddable":true,"href":"https:\/\/grupoelpadrino.com\/fr\/wp-json\/wp\/v2\/comments?post=10281"}],"wp:attachment":[{"href":"https:\/\/grupoelpadrino.com\/fr\/wp-json\/wp\/v2\/media?parent=10281"}],"wp:term":[{"taxonomy":"product_brand","embeddable":true,"href":"https:\/\/grupoelpadrino.com\/fr\/wp-json\/wp\/v2\/product_brand?post=10281"},{"taxonomy":"product_cat","embeddable":true,"href":"https:\/\/grupoelpadrino.com\/fr\/wp-json\/wp\/v2\/product_cat?post=10281"},{"taxonomy":"product_tag","embeddable":true,"href":"https:\/\/grupoelpadrino.com\/fr\/wp-json\/wp\/v2\/product_tag?post=10281"},{"taxonomy":"restaurantes","embeddable":true,"href":"https:\/\/grupoelpadrino.com\/fr\/wp-json\/wp\/v2\/restaurantes?post=10281"},{"taxonomy":"alergenos","embeddable":true,"href":"https:\/\/grupoelpadrino.com\/fr\/wp-json\/wp\/v2\/alergenos?post=10281"}],"curies":[{"name":"wp","href":"https:\/\/api.w.org\/{rel}","templated":true}]}}