{"id":7801,"date":"2025-04-22T12:21:56","date_gmt":"2025-04-22T10:21:56","guid":{"rendered":"http:\/\/localhost\/grupo-padrino\/?page_id=7801"},"modified":"2025-04-22T12:22:36","modified_gmt":"2025-04-22T10:22:36","slug":"politica-de-privacidad","status":"publish","type":"page","link":"https:\/\/grupoelpadrino.com\/fr\/politica-de-privacidad\/","title":{"rendered":"Politique de confidentialit\u00e9"},"content":{"rendered":"<div data-elementor-type=\"wp-page\" data-elementor-id=\"7801\" class=\"elementor elementor-7801\" data-elementor-post-type=\"page\">\n\t\t\t\t<div class=\"elementor-element elementor-element-0f76967 e-flex e-con-boxed e-con e-parent\" data-id=\"0f76967\" data-element_type=\"container\" data-e-type=\"container\">\n\t\t\t\t\t<div class=\"e-con-inner\">\n\t\t\t\t<div class=\"elementor-element elementor-element-02b4140 elementor-widget elementor-widget-heading\" data-id=\"02b4140\" data-element_type=\"widget\" data-e-type=\"widget\" data-widget_type=\"heading.default\">\n\t\t\t\t<div class=\"elementor-widget-container\">\n\t\t\t\t\t<h2 class=\"elementor-heading-title elementor-size-default\">Politique de confidentialit\u00e9<\/h2>\t\t\t\t<\/div>\n\t\t\t\t<\/div>\n\t\t\t\t<div class=\"elementor-element elementor-element-18c210f elementor-widget elementor-widget-text-editor\" data-id=\"18c210f\" data-element_type=\"widget\" data-e-type=\"widget\" data-widget_type=\"text-editor.default\">\n\t\t\t\t<div class=\"elementor-widget-container\">\n\t\t\t\t\t\t\t\t\t<p>LE PARRAIN INVESTISSEMENTS SL s&#039;engage \u00e0 assurer que votre vie priv\u00e9e soit prot\u00e9g\u00e9e. Cette politique de confidentialit\u00e9 explique comment nous utilisons les renseignements personnels que nous recueillons par le biais de notre site internet et d&#039;autres canaux num\u00e9riques, en conformit\u00e9 avec le R\u00e8glement G\u00e9n\u00e9ral de la Protection des Donn\u00e9es (RGPD) (UE 2016\/679) et \u00e0 la Loi Organique 3\/2018, sur la Protection des Donn\u00e9es Personnelles et de garantie des droits num\u00e9riques (LOPDGDD).<\/p><h4 class=\"wp-block-heading\">Responsable du Traitement des Donn\u00e9es<\/h4><ul><li><strong>Responsable<\/strong>: LE PARRAIN DES INVESTISSEMENTS SL<\/li><li><strong>FIV<\/strong>: B67796268<\/li><li><strong>Adresse du si\u00e8ge social<\/strong>: AV CRISTOBAL COLON 14 PUERTO DE LA CRUZ, 38400<\/li><li><strong>E-mail<\/strong>:\u00a0<a class=\"css-1rn59kg\" title=\"mailto:INFO@GRUPOELPADRINO.COM\" href=\"mailto:INFO@GRUPOELPADRINO.COM\" data-testid=\"link-with-safety\" data-renderer-mark=\"true\">INFO@GRUPOELPADRINO.COM<\/a><\/li><\/ul><h4>Quelles sont les informations que nous recueillons<\/h4><p>Nous pouvons recueillir les renseignements personnels suivants:<\/p><ul><li>Nom et pr\u00e9nom<\/li><li>Coordonn\u00e9es incluant l&#039;adresse courriel et le num\u00e9ro de t\u00e9l\u00e9phone<\/li><li>Des informations d\u00e9mographiques telles que le code postal, pr\u00e9f\u00e9rences et int\u00e9r\u00eats<\/li><li>Informations techniques telles que l&#039;adresse IP, type de navigateur et les donn\u00e9es de navigation (cookies)<\/li><\/ul><h4>Le but du Traitement des Donn\u00e9es<\/h4><p>Nous recueillons ces informations pour offrir de meilleurs services et, en particulier, pour les raisons suivantes:<\/p><ul><li><strong>Des consultations sur la gestion<\/strong>: Pour r\u00e9pondre aux questions, demandes, ou de fournir des renseignements.<\/li><li><strong>L&#039;am\u00e9lioration de nos produits et services<\/strong>: Nous utilisons les donn\u00e9es pour l&#039;analyse interne.<\/li><li><strong>Les communications commerciales<\/strong>: Avec votre consentement, nous pouvons vous envoyer des informations promotionnelles sur des produits, des services ou des \u00e9v\u00e9nements que nous croyons \u00eatre d&#039;int\u00e9r\u00eat pour vous.<\/li><li><strong>La conformit\u00e9 avec les obligations l\u00e9gales.<\/strong>: Si n\u00e9cessaire, nous traiterons vos donn\u00e9es afin de respecter nos obligations l\u00e9gales.<\/li><\/ul><h4>De l\u00e9gitimation pour le Traitement des Donn\u00e9es<\/h4><p>La base juridique pour le traitement de vos donn\u00e9es est l&#039;\u00a0<strong>consentement explicite<\/strong>\u00a0fournies par vous lorsque vous acceptez la pr\u00e9sente politique de confidentialit\u00e9 et en nous fournissant vos renseignements personnels.<\/p><h4>Droits des Utilisateurs<\/h4><p>En tant que d\u00e9tenteur des donn\u00e9es personnelles, vous avez le droit de:<\/p><ul><li><strong>Acc\u00e8s<\/strong>\u00a0vos donn\u00e9es personnelles.<\/li><li><strong>Rectifier<\/strong>\u00a0tout incorrectes ou incompl\u00e8tes.<\/li><li><strong>Pour demander la suppression<\/strong>\u00a0de vos donn\u00e9es lorsqu&#039;elles ne sont plus n\u00e9cessaires aux fins pour lesquelles elles ont \u00e9t\u00e9 collect\u00e9es.<\/li><li><strong>Limiter le traitement<\/strong>\u00a0vos donn\u00e9es dans certaines circonstances.<\/li><li><strong>S&#039;opposer \u00e0<\/strong>\u00a0le traitement de vos donn\u00e9es \u00e0 des fins de marketing.<\/li><li><strong>Bande<\/strong>\u00a0leurs donn\u00e9es \u00e0 un autre responsable lorsque cela est techniquement possible.<\/li><\/ul><p>Vous pouvez exercer ces droits en envoyant un e-mail \u00e0\u00a0<a class=\"css-1rn59kg\" title=\"mailto:INFO@GRUPOELPADRINO.COM\" href=\"mailto:INFO@GRUPOELPADRINO.COM\" data-testid=\"link-with-safety\" data-renderer-mark=\"true\">INFO@GRUPOELPADRINO.COM<\/a>\u00a0ou par courrier \u00e0 notre adresse indiqu\u00e9e ci-dessus. Dans tous les cas, vous devez inclure une copie de votre pi\u00e8ce d&#039;identit\u00e9 afin de v\u00e9rifier votre identit\u00e9.<\/p><h4>La s\u00e9curit\u00e9 des Donn\u00e9es<\/h4><p>LE PARRAIN INVESTISSEMENTS SL s&#039;engage \u00e0 assurer que votre information est s\u00e9curis\u00e9e. Pour emp\u00eacher tout acc\u00e8s non autoris\u00e9 ou la divulgation de vos donn\u00e9es personnelles, nous avons des mesures de s\u00e9curit\u00e9 physiques, \u00e9lectroniques et administratives.<\/p><h4>Utilisation des Cookies<\/h4><p>Notre site web utilise des cookies pour collecter des informations techniques et d&#039;am\u00e9liorer votre exp\u00e9rience d&#039;utilisateur. Pour plus de d\u00e9tails sur la fa\u00e7on dont nous utilisons les cookies, veuillez consulter notre\u00a0<strong>Politique en mati\u00e8re de cookies<\/strong>.<\/p><h4>La conservation des Donn\u00e9es<\/h4><p>Vos donn\u00e9es personnelles seront conserv\u00e9es aussi longtemps que il ya une relation d&#039;affaires ou jusqu&#039;\u00e0 ce que vous en demander la suppression par l&#039;int\u00e9ress\u00e9, \u00e0 condition en conformit\u00e9 avec les d\u00e9lais fix\u00e9s par la r\u00e9glementation en vigueur.<\/p><h4>Les changements dans la Politique de Confidentialit\u00e9<\/h4><p>LE PARRAIN INVESTISSEMENTS SL se r\u00e9serve le droit de modifier cette politique de confidentialit\u00e9 \u00e0 tout moment. Tout changement sera communiqu\u00e9 par le biais de ce site web.<\/p><h4>Contact<\/h4><p>Si vous avez des questions concernant cette politique de confidentialit\u00e9 ou la fa\u00e7on dont nous traitons vos donn\u00e9es personnelles, vous pouvez contacter avec nous par le biais de\u00a0<a class=\"css-1rn59kg\" title=\"mailto:INFO@GRUPOELPADRINO.COM\" href=\"mailto:INFO@GRUPOELPADRINO.COM\" data-testid=\"link-with-safety\" data-renderer-mark=\"true\">INFO@GRUPOELPADRINO.COM<\/a>.<\/p>\t\t\t\t\t\t\t\t<\/div>\n\t\t\t\t<\/div>\n\t\t\t\t\t<\/div>\n\t\t\t\t<\/div>\n\t\t\t\t<\/div>","protected":false},"excerpt":{"rendered":"<p>Pol\u00edtica de Privacidad EL PADRINO INVERSIONES SL se compromete a garantizar que su privacidad est\u00e9 protegida. Esta pol\u00edtica de privacidad [&hellip;]<\/p>\n","protected":false},"author":3,"featured_media":0,"parent":0,"menu_order":0,"comment_status":"closed","ping_status":"closed","template":"","meta":{"site-sidebar-layout":"no-sidebar","site-content-layout":"","ast-site-content-layout":"full-width-container","site-content-style":"default","site-sidebar-style":"default","ast-global-header-display":"","ast-banner-title-visibility":"","ast-main-header-display":"","ast-hfb-above-header-display":"","ast-hfb-below-header-display":"","ast-hfb-mobile-header-display":"","site-post-title":"disabled","ast-breadcrumbs-content":"","ast-featured-img":"disabled","footer-sml-layout":"","ast-disable-related-posts":"","theme-transparent-header-meta":"","adv-header-id-meta":"","stick-header-meta":"","header-above-stick-meta":"","header-main-stick-meta":"","header-below-stick-meta":"","astra-migrate-meta-layouts":"default","ast-page-background-enabled":"default","ast-page-background-meta":{"desktop":{"background-color":"var(--ast-global-color-5)","background-image":"","background-repeat":"repeat","background-position":"center center","background-size":"auto","background-attachment":"scroll","background-type":"","background-media":"","overlay-type":"","overlay-color":"","overlay-opacity":"","overlay-gradient":""},"tablet":{"background-color":"","background-image":"","background-repeat":"repeat","background-position":"center center","background-size":"auto","background-attachment":"scroll","background-type":"","background-media":"","overlay-type":"","overlay-color":"","overlay-opacity":"","overlay-gradient":""},"mobile":{"background-color":"","background-image":"","background-repeat":"repeat","background-position":"center center","background-size":"auto","background-attachment":"scroll","background-type":"","background-media":"","overlay-type":"","overlay-color":"","overlay-opacity":"","overlay-gradient":""}},"ast-content-background-meta":{"desktop":{"background-color":"var(--ast-global-color-4)","background-image":"","background-repeat":"repeat","background-position":"center center","background-size":"auto","background-attachment":"scroll","background-type":"","background-media":"","overlay-type":"","overlay-color":"","overlay-opacity":"","overlay-gradient":""},"tablet":{"background-color":"var(--ast-global-color-4)","background-image":"","background-repeat":"repeat","background-position":"center center","background-size":"auto","background-attachment":"scroll","background-type":"","background-media":"","overlay-type":"","overlay-color":"","overlay-opacity":"","overlay-gradient":""},"mobile":{"background-color":"var(--ast-global-color-4)","background-image":"","background-repeat":"repeat","background-position":"center center","background-size":"auto","background-attachment":"scroll","background-type":"","background-media":"","overlay-type":"","overlay-color":"","overlay-opacity":"","overlay-gradient":""}},"footnotes":""},"class_list":["post-7801","page","type-page","status-publish","hentry"],"_links":{"self":[{"href":"https:\/\/grupoelpadrino.com\/fr\/wp-json\/wp\/v2\/pages\/7801","targetHints":{"allow":["GET"]}}],"collection":[{"href":"https:\/\/grupoelpadrino.com\/fr\/wp-json\/wp\/v2\/pages"}],"about":[{"href":"https:\/\/grupoelpadrino.com\/fr\/wp-json\/wp\/v2\/types\/page"}],"author":[{"embeddable":true,"href":"https:\/\/grupoelpadrino.com\/fr\/wp-json\/wp\/v2\/users\/3"}],"replies":[{"embeddable":true,"href":"https:\/\/grupoelpadrino.com\/fr\/wp-json\/wp\/v2\/comments?post=7801"}],"version-history":[{"count":7,"href":"https:\/\/grupoelpadrino.com\/fr\/wp-json\/wp\/v2\/pages\/7801\/revisions"}],"predecessor-version":[{"id":7808,"href":"https:\/\/grupoelpadrino.com\/fr\/wp-json\/wp\/v2\/pages\/7801\/revisions\/7808"}],"wp:attachment":[{"href":"https:\/\/grupoelpadrino.com\/fr\/wp-json\/wp\/v2\/media?parent=7801"}],"curies":[{"name":"wp","href":"https:\/\/api.w.org\/{rel}","templated":true}]}}