{"id":7793,"date":"2025-04-22T12:19:54","date_gmt":"2025-04-22T10:19:54","guid":{"rendered":"http:\/\/localhost\/grupo-padrino\/?page_id=7793"},"modified":"2025-04-22T12:22:48","modified_gmt":"2025-04-22T10:22:48","slug":"aviso-legal","status":"publish","type":"page","link":"https:\/\/grupoelpadrino.com\/fr\/aviso-legal\/","title":{"rendered":"Avis Juridique"},"content":{"rendered":"<div data-elementor-type=\"wp-page\" data-elementor-id=\"7793\" class=\"elementor elementor-7793\" data-elementor-post-type=\"page\">\n\t\t\t\t<div class=\"elementor-element elementor-element-0f76967 e-flex e-con-boxed e-con e-parent\" data-id=\"0f76967\" data-element_type=\"container\" data-e-type=\"container\">\n\t\t\t\t\t<div class=\"e-con-inner\">\n\t\t\t\t<div class=\"elementor-element elementor-element-02b4140 elementor-widget elementor-widget-heading\" data-id=\"02b4140\" data-element_type=\"widget\" data-e-type=\"widget\" data-widget_type=\"heading.default\">\n\t\t\t\t<div class=\"elementor-widget-container\">\n\t\t\t\t\t<h2 class=\"elementor-heading-title elementor-size-default\">Avis Juridique<\/h2>\t\t\t\t<\/div>\n\t\t\t\t<\/div>\n\t\t\t\t<div class=\"elementor-element elementor-element-18c210f elementor-widget elementor-widget-text-editor\" data-id=\"18c210f\" data-element_type=\"widget\" data-e-type=\"widget\" data-widget_type=\"text-editor.default\">\n\t\t\t\t<div class=\"elementor-widget-container\">\n\t\t\t\t\t\t\t\t\tEn conformit\u00e9 avec les dispositions de la Loi 34\/2002, du 11 juillet, sur les Services de la Soci\u00e9t\u00e9 de l&#039;Information et du Commerce \u00c9lectronique (LSSI-CE), nous vous informons que les aspects juridiques de ce site:\n<h4>Propri\u00e9t\u00e9 du Site<\/h4>\n<ul>\n \t<li><strong>Raison sociale<\/strong>: LE PARRAIN DES INVESTISSEMENTS SL<\/li>\n \t<li><strong>CIF<\/strong>: B67796268<\/li>\n \t<li><strong>Adresse fiscale et sociale<\/strong>: AV CRISTOBAL COLON 14 PUERTO DE LA CRUZ, 38400<\/li>\n \t<li><strong>E-mail<\/strong>:\u00a0<a class=\"css-1rn59kg\" title=\"mailto:INFO@GRUPOELPADRINO.COM\" href=\"mailto:INFO@GRUPOELPADRINO.COM\" data-testid=\"link-with-safety\" data-renderer-mark=\"true\">INFO@GRUPOELPADRINO.COM<\/a><\/li>\n<\/ul>\n<h4>Conditions d&#039;utilisation<\/h4>\nL&#039;acc\u00e8s et l&#039;utilisation du site web du PARRAIN INVESTISSEMENTS SL conf\u00e8re la condition d&#039;utilisateur et implique l&#039;acceptation pleine et enti\u00e8re de tous et de chacun de dispositions incluses dans le pr\u00e9sent Avis Juridique dans la version publi\u00e9e par LE PARRAIN INVESTISSEMENTS SL dans le m\u00eame moment que l&#039;utilisateur acc\u00e8de au site web.\n<h4>Propri\u00e9t\u00e9 intellectuelle et Industrielle<\/h4>\nTous les contenus sur le site, ce qui est compris, mais non exclusivement, les textes, photographies, graphiques, images, ic\u00f4nes, technologie, logiciel, et d&#039;autres de l&#039;audiovisuel ou de son contenu, ainsi que sa conception graphique et les codes source sont la propri\u00e9t\u00e9 intellectuelle de LA PROMOTEUR des INVESTISSEMENTS SL, sans \u00eatre transf\u00e9r\u00e9 \u00e0 l&#039;utilisateur aucun des droits d&#039;exploitation au-del\u00e0 de ce qui est strictement n\u00e9cessaire pour l&#039;utilisation correcte du site.\n<h4>La protection des donn\u00e9es<\/h4>\nLE PARRAIN INVESTISSEMENTS SL est conforme \u00e0 la r\u00e9glementation en vigueur sur la protection des donn\u00e9es, et s&#039;assure de la bonne gestion des donn\u00e9es personnelles qui peuvent \u00eatre collect\u00e9es via le formulaire de contact sur le site, conform\u00e9ment aux dispositions du R\u00e8glement (UE) 2016\/679 (R\u00e8glement G\u00e9n\u00e9ral sur la Protection des Donn\u00e9es).\n<h4>Responsabilit\u00e9 pour le Contenu<\/h4>\nLE PARRAIN INVESTISSEMENTS SL n&#039;est pas responsable du contenu des autres sites web de tiers \u00e0 partir duquel vous avez acc\u00e9d\u00e9 \u00e0 ce site web. Ne pas \u00eatre responsable de la l\u00e9galit\u00e9 des autres sites web de tiers qui peuvent \u00eatre li\u00e9s \u00e0 li\u00e9s \u00e0 partir de ce site web.\n<h4>L\u00e9gislation Applicable et de la Juridiction<\/h4>\nLa relation entre LE PARRAIN INVESTISSEMENTS SL et l&#039;utilisateur sont r\u00e9gies par la l\u00e9gislation espagnole et tout litige sera soumis aux Tribunaux de la ville de Tenerife, \u00e0 moins que la loi applicable en dispose autrement.\n\n<hr \/>\n\nPour plus d&#039;informations ou de tout doute au sujet de cet Avis Juridique, veuillez nous contacter par e-mail: <a class=\"css-1rn59kg\" style=\"font-size: 16px; background-color: #ffffff;\" title=\"mailto:INFO@GRUPOELPADRINO.COM\" href=\"mailto:INFO@GRUPOELPADRINO.COM\" data-testid=\"link-with-safety\" data-renderer-mark=\"true\">INFO@GRUPOELPADRINO.COM<\/a>\n\n<span style=\"text-decoration: underline;\"><em>.<\/em><\/span>\t\t\t\t\t\t\t\t<\/div>\n\t\t\t\t<\/div>\n\t\t\t\t\t<\/div>\n\t\t\t\t<\/div>\n\t\t\t\t<\/div>","protected":false},"excerpt":{"rendered":"<p>Aviso Legal En cumplimiento con lo dispuesto en la Ley 34\/2002, de 11 de julio, de Servicios de la Sociedad [&hellip;]<\/p>\n","protected":false},"author":3,"featured_media":0,"parent":0,"menu_order":0,"comment_status":"closed","ping_status":"closed","template":"","meta":{"site-sidebar-layout":"no-sidebar","site-content-layout":"","ast-site-content-layout":"full-width-container","site-content-style":"default","site-sidebar-style":"default","ast-global-header-display":"","ast-banner-title-visibility":"","ast-main-header-display":"","ast-hfb-above-header-display":"","ast-hfb-below-header-display":"","ast-hfb-mobile-header-display":"","site-post-title":"disabled","ast-breadcrumbs-content":"","ast-featured-img":"disabled","footer-sml-layout":"","ast-disable-related-posts":"","theme-transparent-header-meta":"","adv-header-id-meta":"","stick-header-meta":"","header-above-stick-meta":"","header-main-stick-meta":"","header-below-stick-meta":"","astra-migrate-meta-layouts":"default","ast-page-background-enabled":"default","ast-page-background-meta":{"desktop":{"background-color":"var(--ast-global-color-5)","background-image":"","background-repeat":"repeat","background-position":"center center","background-size":"auto","background-attachment":"scroll","background-type":"","background-media":"","overlay-type":"","overlay-color":"","overlay-opacity":"","overlay-gradient":""},"tablet":{"background-color":"","background-image":"","background-repeat":"repeat","background-position":"center center","background-size":"auto","background-attachment":"scroll","background-type":"","background-media":"","overlay-type":"","overlay-color":"","overlay-opacity":"","overlay-gradient":""},"mobile":{"background-color":"","background-image":"","background-repeat":"repeat","background-position":"center center","background-size":"auto","background-attachment":"scroll","background-type":"","background-media":"","overlay-type":"","overlay-color":"","overlay-opacity":"","overlay-gradient":""}},"ast-content-background-meta":{"desktop":{"background-color":"var(--ast-global-color-4)","background-image":"","background-repeat":"repeat","background-position":"center center","background-size":"auto","background-attachment":"scroll","background-type":"","background-media":"","overlay-type":"","overlay-color":"","overlay-opacity":"","overlay-gradient":""},"tablet":{"background-color":"var(--ast-global-color-4)","background-image":"","background-repeat":"repeat","background-position":"center center","background-size":"auto","background-attachment":"scroll","background-type":"","background-media":"","overlay-type":"","overlay-color":"","overlay-opacity":"","overlay-gradient":""},"mobile":{"background-color":"var(--ast-global-color-4)","background-image":"","background-repeat":"repeat","background-position":"center center","background-size":"auto","background-attachment":"scroll","background-type":"","background-media":"","overlay-type":"","overlay-color":"","overlay-opacity":"","overlay-gradient":""}},"footnotes":""},"class_list":["post-7793","page","type-page","status-publish","hentry"],"_links":{"self":[{"href":"https:\/\/grupoelpadrino.com\/fr\/wp-json\/wp\/v2\/pages\/7793","targetHints":{"allow":["GET"]}}],"collection":[{"href":"https:\/\/grupoelpadrino.com\/fr\/wp-json\/wp\/v2\/pages"}],"about":[{"href":"https:\/\/grupoelpadrino.com\/fr\/wp-json\/wp\/v2\/types\/page"}],"author":[{"embeddable":true,"href":"https:\/\/grupoelpadrino.com\/fr\/wp-json\/wp\/v2\/users\/3"}],"replies":[{"embeddable":true,"href":"https:\/\/grupoelpadrino.com\/fr\/wp-json\/wp\/v2\/comments?post=7793"}],"version-history":[{"count":10,"href":"https:\/\/grupoelpadrino.com\/fr\/wp-json\/wp\/v2\/pages\/7793\/revisions"}],"predecessor-version":[{"id":7811,"href":"https:\/\/grupoelpadrino.com\/fr\/wp-json\/wp\/v2\/pages\/7793\/revisions\/7811"}],"wp:attachment":[{"href":"https:\/\/grupoelpadrino.com\/fr\/wp-json\/wp\/v2\/media?parent=7793"}],"curies":[{"name":"wp","href":"https:\/\/api.w.org\/{rel}","templated":true}]}}