{"id":8614,"date":"2025-05-12T12:10:52","date_gmt":"2025-05-12T10:10:52","guid":{"rendered":"https:\/\/padrino.dreamify.es\/?page_id=8614"},"modified":"2025-08-18T12:42:07","modified_gmt":"2025-08-18T10:42:07","slug":"menu-grupo-san-amaro","status":"publish","type":"page","link":"https:\/\/grupoelpadrino.com\/en\/menu-grupo-san-amaro\/","title":{"rendered":"Men\u00fa grupo San Amaro"},"content":{"rendered":"<div data-elementor-type=\"wp-page\" data-elementor-id=\"8614\" class=\"elementor elementor-8614\" data-elementor-post-type=\"page\">\n\t\t\t\t<div class=\"elementor-element elementor-element-c4795fa e-flex e-con-boxed e-con e-parent\" data-id=\"c4795fa\" data-element_type=\"container\" data-e-type=\"container\" data-settings=\"{&quot;background_background&quot;:&quot;classic&quot;}\">\n\t\t\t\t\t<div class=\"e-con-inner\">\n\t\t<div class=\"elementor-element elementor-element-fc66f45 e-con-full e-flex e-con e-child\" data-id=\"fc66f45\" data-element_type=\"container\" data-e-type=\"container\">\n\t\t\t\t<div class=\"elementor-element elementor-element-6e71198 elementor-widget elementor-widget-heading\" data-id=\"6e71198\" data-element_type=\"widget\" data-e-type=\"widget\" data-widget_type=\"heading.default\">\n\t\t\t\t<div class=\"elementor-widget-container\">\n\t\t\t\t\t<h1 class=\"elementor-heading-title elementor-size-default\">Menu for groups<br> San Amaro<\/h1>\t\t\t\t<\/div>\n\t\t\t\t<\/div>\n\t\t<div class=\"elementor-element elementor-element-a0d284d e-con-full e-flex e-con e-child\" data-id=\"a0d284d\" data-element_type=\"container\" data-e-type=\"container\">\n\t\t\t\t<div class=\"elementor-element elementor-element-a2ad894 elementor-widget__width-auto elementor-widget elementor-widget-button\" data-id=\"a2ad894\" data-element_type=\"widget\" data-e-type=\"widget\" data-widget_type=\"button.default\">\n\t\t\t\t<div class=\"elementor-widget-container\">\n\t\t\t\t\t\t\t\t\t<div class=\"elementor-button-wrapper\">\n\t\t\t\t\t<a class=\"elementor-button elementor-button-link elementor-size-sm\" href=\"https:\/\/grupoelpadrino.com\/en\/reserva-san-amaro\/\">\n\t\t\t\t\t\t<span class=\"elementor-button-content-wrapper\">\n\t\t\t\t\t\t\t\t\t<span class=\"elementor-button-text\">RESERVE<\/span>\n\t\t\t\t\t<\/span>\n\t\t\t\t\t<\/a>\n\t\t\t\t<\/div>\n\t\t\t\t\t\t\t\t<\/div>\n\t\t\t\t<\/div>\n\t\t\t\t<\/div>\n\t\t\t\t<\/div>\n\t\t\t\t\t<\/div>\n\t\t\t\t<\/div>\n\t\t<div class=\"elementor-element elementor-element-d2c896f e-flex e-con-boxed e-con e-parent\" data-id=\"d2c896f\" data-element_type=\"container\" data-e-type=\"container\" data-settings=\"{&quot;background_background&quot;:&quot;classic&quot;}\">\n\t\t\t\t\t<div class=\"e-con-inner\">\n\t\t\t\t<div class=\"elementor-element elementor-element-344b397 elementor-widget elementor-widget-html\" data-id=\"344b397\" data-element_type=\"widget\" data-e-type=\"widget\" data-widget_type=\"html.default\">\n\t\t\t\t<div class=\"elementor-widget-container\">\n\t\t\t\t\t<style>\r\n   .menu-container {\r\n    font-family: Arial, sans-serif;\r\n    max-width: 1200px;\r\n    margin: auto;\r\n    background-color: white;\r\n    padding: 2rem;\r\n    border-radius: 10px;\r\n  }\r\n\r\n  .menu-tabs, .submenu-tabs {\r\n    display: flex;\r\n    flex-wrap: wrap;\r\n    gap: 0.5rem;\r\n    margin-bottom: 1rem;\r\n    justify-content: center;\r\n  }\r\n\r\n  .tab-button, .subtab-button {\r\n    padding: 18px 15px;\r\n    cursor: pointer;\r\n    background: #000;\r\n    color: #fff;\r\n    font-weight: 600;\r\n    font-size: 15px;\r\n    border: none;\r\n    border-radius: 5px;\r\n  }\r\n\r\n  .tab-button.active, .subtab-button.active {\r\n    background: #FFF;\r\n    color: #000;\r\n    font-weight: bold;\r\n  }\r\n  \r\n  .tab-button:hover{\r\n      color:#b28e65;\r\n  }\r\n\r\n  .subtab-button {\r\n    background: #B1B1B1;\r\n    color: #000;\r\n    transition: background-color 0.3s ease;\r\n  }\r\n\r\n  .subtab-button.active {\r\n    background: #fff;\r\n    color: #000;\r\n  }\r\n\r\n  .menu-content, .submenu-content {\r\n    display: none;\r\n  }\r\n\r\n  .menu-content.active, .submenu-content.active {\r\n    display: block;\r\n  }\r\n\r\n.dish-list {\r\n  display: flex;\r\n  flex-direction: column;\r\n  align-items: center;\r\n  text-align: center;\r\n  gap: 0.5rem; \/* separa un poco cada bloque *\/\r\n  padding: 1rem;\r\n}\r\n\r\n.dish-list h3 {\r\n  font-size: 1.5rem;\r\n  margin-top: 2rem;\r\n  color: #721739; \/* opcional para que destaque *\/\r\n}\r\n\r\n.dish-list p {\r\n  font-size: 1rem;\r\n  max-width: 600px; \/* opcional, para que no ocupen todo el ancho en pantallas grandes *\/\r\n  margin: 0.2rem 0;\r\n}\r\n\r\n.menu-price {\r\n  margin-top: 2rem;\r\n  font-size: 1.3rem;\r\n  color: #721739;\r\n}\r\n\r\n  .price {\r\n    font-weight: bold;\r\n    white-space: nowrap;\r\n    margin-left: 1rem;\r\n  }\r\n\r\n  .allergens {\r\n    display: flex;\r\n    gap: 6px;\r\n    flex-wrap: wrap;\r\n  }\r\n\r\n  .allergens i {\r\n    font-size: 22px;\r\n    color: #333;\r\n  }\r\n\r\n  @media (max-width: 768px) {\r\n    .dish-title-price {\r\n      flex-direction: column;\r\n      align-items: center;\r\n      text-align: center;\r\n    }\r\n\r\n    .dish-info {\r\n      flex-direction: column;\r\n      align-items: center;\r\n      text-align: center; \/* NUEVO *\/\r\n      gap: 0.5rem;\r\n    }\r\n\r\n    .allergens {\r\n      justify-content: center;\r\n      gap: 4px;\r\n    }\r\n    \r\n    .price {\r\n    margin-left: 0;\r\n  }\r\n  .tab-button,\r\n    .subtab-button {\r\n    font-size: 13px;\r\n    font-weight: 400;\r\n}\r\n.menu-container {\r\n    padding:10px;\r\n}\r\n\r\n  }\r\n<\/style>\r\n<div class=\"menu-container\">\r\n\r\n  <!-- Contenido de MEN\u00da -->\r\n  <div class=\"menu-content active\" id=\"menu\">\r\n    <div class=\"submenu-tabs\">\r\n      <button class=\"subtab-button active\" data-target=\"compartir\">SHARE MENU<\/button>\r\n      <button class=\"subtab-button\" data-target=\"italia\">MENU ITALY<\/button>\r\n      <button class=\"subtab-button\" data-target=\"clasico\">CLASSIC MENU<\/button>\r\n      <button class=\"subtab-button\" data-target=\"vegetariano\">VEGETARIAN MENU<\/button>\r\n    <\/div>\r\n\r\n    <!-- Subcontenidos -->\r\n<div class=\"submenu-content active\" id=\"compartir\">\r\n<ul class=\"dish-list\">\r\n<h3>Incoming<\/h3>\r\n    <p>Almogrote &#039; with toast<\/p>\r\n    <p>Tostas de pan pay\u00e9s with iberian ham and tomato<\/p>\r\n    <p>Salmon croquettes with sauce b\u00e9arnaise<\/p>\r\n    <p>Risotto chicken canaria<\/p>\r\n    <p>Strips of squid saharan fries with mayonnaise<\/p>\r\n    <p>Medallions of pork fillet roast, salsa, chips and stir-fried vegetables (sauces: blue cheese and mushrooms)<\/p>\r\n\r\n<h3>Dessert<\/h3>\r\n    <p>Dessert to choose<\/p>\r\n\r\n<h3>Drink<\/h3>\r\n    <p>White Wine Fore, Verdejo<\/p>\r\n    <p>Vineyard Engracia Fruity, Canary Islands<\/p>\r\n    <p>Red wine Monte Castrillo, Ribera del Duero<\/p>\r\n\r\n<h3 class=\"menu-price\"><strong>Price: 33\u20ac<\/strong><\/h3>\r\n\r\n<\/ul>\r\n<\/div>\r\n    \r\n<div class=\"submenu-content\" id=\"italia\">\r\n<ul class=\"dish-list\">\r\n <h3>Incoming<\/h3>\r\n    <p>This delicious sundried tomato and parmesan cheese with toast<\/p>\r\n    <p>Caprese salad pearls of mozzarella, and avocado<\/p>\r\n    <p>Pizza (2 varieties)<\/p>\r\n\r\n<h3>Main (Choose One)<\/h3>\r\n    <p>Risotto black squid-saharan<\/p>\r\n    <p>Pasta sauteed with chicken and mushrooms varied<\/p>\r\n    <p>Pasta sauce with smoked salmon and caviar<\/p>\r\n    <p>Pork tenderloin roast with gorgonzola sauce with saut\u00e9ed vegetables<\/p>\r\n\r\n<h3>Dessert<\/h3>\r\n    <p>Dessert to choose<\/p>\r\n\r\n<h3>Drink<\/h3>\r\n    <p>White Wine Fore, Verdejo<\/p>\r\n    <p>Vineyard Engracia Fruity, Canary Islands<\/p>\r\n    <p>Red wine Monte Castrillo, Ribera del Duero<\/p>\r\n\r\n<h3 class=\"menu-price\"><strong>Price: 32\u20ac<\/strong><\/h3>\r\n<\/ul>\r\n\r\n<\/div>\r\n<div class=\"submenu-content\" id=\"clasico\">\r\n<ul class=\"dish-list\">\r\n<h3>Incoming<\/h3>\r\n    <p>Pate dried tomato and cheese toast<\/p>\r\n    <p>Carpaccio of salmon with avocado, its caviar and toast<\/p>\r\n    <p>Croquettes of ham with ali oli<\/p>\r\n    <p>Skewers of shrimp empanadas and fries with guacamole<\/p>\r\n\r\n<h3>Main (Choose One)<\/h3>\r\n    <p>Risotto black squid-saharan<\/p>\r\n    <p>Roasted salmon with b\u00e9arnaise sauce, mashed potatoes, and saut\u00e9ed vegetables<\/p>\r\n    <p>Medallions of beef tenderloin roast with sauces roquefort cheese or mushrooms<\/p>\r\n    <p>Fried potatoes and saut\u00e9ed vegetables<\/p>\r\n\r\n<h3>Dessert<\/h3>\r\n    <p>Dessert to choose<\/p>\r\n\r\n<h3>Drink<\/h3>\r\n    <p>White Wine Fore, Verdejo<\/p>\r\n    <p>Vineyard Engracia Fruity, Canary Islands<\/p>\r\n    <p>Red wine Monte Castrillo, Ribera del Duero<\/p>\r\n\r\n<h3 class=\"menu-price\"><strong>Price: 35\u20ac<\/strong><\/h3>\r\n\r\n<\/ul>\r\n\r\n<\/div>\r\n<div class=\"submenu-content\" id=\"vegetariano\">\r\n<ul class=\"dish-list\">\r\n<h3>Incoming<\/h3>\r\n    <p>This delicious sundried tomato and parmesan cheese with toast<\/p>\r\n    <p>Caprese salad pearls of mozzarella, and avocado<\/p>\r\n    <p>Vegetarian Pizza with vegetables of the season<\/p>\r\n\r\n<h3>Main (Choose One)<\/h3>\r\n    <p>Vegetable Risotto<\/p>\r\n    <p>Burger Heura with guacamole and chips<\/p>\r\n\r\n<h3>Dessert<\/h3>\r\n    <p>Dessert to choose<\/p>\r\n\r\n<h3>Drink<\/h3>\r\n    <p>White Wine Fore, Verdejo<\/p>\r\n    <p>Vineyard Engracia Fruity, Canary Islands<\/p>\r\n    <p>Red wine Monte Castrillo, Ribera del Duero<\/p>\r\n\r\n<h3 class=\"menu-price\"><strong>Price: 32\u20ac<\/strong><\/h3>\r\n\r\n<\/ul>\r\n\r\n<\/div>\r\n   \r\n <\/div>\r\n<\/div>\r\n\r\n<script>\r\n  \/\/ Cambiar entre pesta\u00f1as principales (solo MEN\u00da activa contenido)\r\n  document.querySelectorAll('.tab-button').forEach(button => {\r\n    button.addEventListener('click', e => {\r\n      if (button.dataset.target !== \"menu\") return; \/\/ solo men\u00fa tiene contenido\r\n      document.querySelectorAll('.tab-button').forEach(btn => btn.classList.remove('active'));\r\n      document.querySelectorAll('.menu-content').forEach(content => content.classList.remove('active'));\r\n\r\n      button.classList.add('active');\r\n      document.getElementById(button.dataset.target).classList.add('active');\r\n    });\r\n  });\r\n\r\n  \/\/ Submen\u00fa dentro de MEN\u00da\r\n  document.querySelectorAll('.subtab-button').forEach(button => {\r\n    button.addEventListener('click', () => {\r\n      document.querySelectorAll('.subtab-button').forEach(btn => btn.classList.remove('active'));\r\n      document.querySelectorAll('.submenu-content').forEach(content => content.classList.remove('active'));\r\n\r\n      button.classList.add('active');\r\n      document.getElementById(button.dataset.target).classList.add('active');\r\n    });\r\n  });\r\n<\/script>\r\n\t\t\t\t<\/div>\n\t\t\t\t<\/div>\n\t\t\t\t\t<\/div>\n\t\t\t\t<\/div>\n\t\t<div class=\"elementor-element elementor-element-a0fbcb6 e-flex e-con-boxed e-con e-parent\" data-id=\"a0fbcb6\" data-element_type=\"container\" data-e-type=\"container\" data-settings=\"{&quot;background_background&quot;:&quot;classic&quot;}\">\n\t\t\t\t\t<div class=\"e-con-inner\">\n\t\t\t\t<div class=\"elementor-element elementor-element-f785700 elementor-widget elementor-widget-text-editor\" data-id=\"f785700\" data-element_type=\"widget\" data-e-type=\"widget\" data-widget_type=\"text-editor.default\">\n\t\t\t\t<div class=\"elementor-widget-container\">\n\t\t\t\t\t\t\t\t\t<p><strong>CONDITIONS<\/strong><\/p><p>BOOKING MINIMUM: 10 PEOPLE<br \/>THE CLIENT MUST COMMUNICATE TO 4 DAYS BEFORE THE CHOSEN DISHES.<br \/>Appetizers serve one serving for every 4 guests.<br \/>The wine is served a bottle for every two guests, or the equivalent in beer or soft drink and a bottle of mineral water.<br \/>The rest of the drinks will be considered as optional extras not included in the menu price.<br \/><br \/>Menu not available for special dates such as: 24, 25 and 31 December, or January 1 and 6.<\/p>\t\t\t\t\t\t\t\t<\/div>\n\t\t\t\t<\/div>\n\t\t\t\t<div class=\"elementor-element elementor-element-9c48b32 elementor-widget elementor-widget-text-editor\" data-id=\"9c48b32\" data-element_type=\"widget\" data-e-type=\"widget\" data-widget_type=\"text-editor.default\">\n\t\t\t\t<div class=\"elementor-widget-container\">\n\t\t\t\t\t\t\t\t\t<p><strong>I.G.I.C. INCLUIDO.<\/strong><\/p>\t\t\t\t\t\t\t\t<\/div>\n\t\t\t\t<\/div>\n\t\t\t\t\t<\/div>\n\t\t\t\t<\/div>\n\t\t\t\t<\/div>","protected":false},"excerpt":{"rendered":"<p>Men\u00fa para grupos San Amaro RESERVAR MEN\u00da COMPARTIR MEN\u00da ITALIA MEN\u00da CL\u00c1SICO MEN\u00da VEGETARIANO Entrantes Almogrote con tostadas Tostas de [&hellip;]<\/p>\n","protected":false},"author":3,"featured_media":0,"parent":0,"menu_order":0,"comment_status":"closed","ping_status":"closed","template":"","meta":{"site-sidebar-layout":"no-sidebar","site-content-layout":"","ast-site-content-layout":"full-width-container","site-content-style":"default","site-sidebar-style":"default","ast-global-header-display":"","ast-banner-title-visibility":"","ast-main-header-display":"","ast-hfb-above-header-display":"","ast-hfb-below-header-display":"","ast-hfb-mobile-header-display":"","site-post-title":"disabled","ast-breadcrumbs-content":"","ast-featured-img":"disabled","footer-sml-layout":"","ast-disable-related-posts":"","theme-transparent-header-meta":"","adv-header-id-meta":"","stick-header-meta":"","header-above-stick-meta":"","header-main-stick-meta":"","header-below-stick-meta":"","astra-migrate-meta-layouts":"default","ast-page-background-enabled":"default","ast-page-background-meta":{"desktop":{"background-color":"var(--ast-global-color-5)","background-image":"","background-repeat":"repeat","background-position":"center center","background-size":"auto","background-attachment":"scroll","background-type":"","background-media":"","overlay-type":"","overlay-color":"","overlay-opacity":"","overlay-gradient":""},"tablet":{"background-color":"","background-image":"","background-repeat":"repeat","background-position":"center center","background-size":"auto","background-attachment":"scroll","background-type":"","background-media":"","overlay-type":"","overlay-color":"","overlay-opacity":"","overlay-gradient":""},"mobile":{"background-color":"","background-image":"","background-repeat":"repeat","background-position":"center center","background-size":"auto","background-attachment":"scroll","background-type":"","background-media":"","overlay-type":"","overlay-color":"","overlay-opacity":"","overlay-gradient":""}},"ast-content-background-meta":{"desktop":{"background-color":"var(--ast-global-color-4)","background-image":"","background-repeat":"repeat","background-position":"center center","background-size":"auto","background-attachment":"scroll","background-type":"","background-media":"","overlay-type":"","overlay-color":"","overlay-opacity":"","overlay-gradient":""},"tablet":{"background-color":"var(--ast-global-color-4)","background-image":"","background-repeat":"repeat","background-position":"center center","background-size":"auto","background-attachment":"scroll","background-type":"","background-media":"","overlay-type":"","overlay-color":"","overlay-opacity":"","overlay-gradient":""},"mobile":{"background-color":"var(--ast-global-color-4)","background-image":"","background-repeat":"repeat","background-position":"center center","background-size":"auto","background-attachment":"scroll","background-type":"","background-media":"","overlay-type":"","overlay-color":"","overlay-opacity":"","overlay-gradient":""}},"footnotes":""},"class_list":["post-8614","page","type-page","status-publish","hentry"],"_links":{"self":[{"href":"https:\/\/grupoelpadrino.com\/en\/wp-json\/wp\/v2\/pages\/8614","targetHints":{"allow":["GET"]}}],"collection":[{"href":"https:\/\/grupoelpadrino.com\/en\/wp-json\/wp\/v2\/pages"}],"about":[{"href":"https:\/\/grupoelpadrino.com\/en\/wp-json\/wp\/v2\/types\/page"}],"author":[{"embeddable":true,"href":"https:\/\/grupoelpadrino.com\/en\/wp-json\/wp\/v2\/users\/3"}],"replies":[{"embeddable":true,"href":"https:\/\/grupoelpadrino.com\/en\/wp-json\/wp\/v2\/comments?post=8614"}],"version-history":[{"count":25,"href":"https:\/\/grupoelpadrino.com\/en\/wp-json\/wp\/v2\/pages\/8614\/revisions"}],"predecessor-version":[{"id":9336,"href":"https:\/\/grupoelpadrino.com\/en\/wp-json\/wp\/v2\/pages\/8614\/revisions\/9336"}],"wp:attachment":[{"href":"https:\/\/grupoelpadrino.com\/en\/wp-json\/wp\/v2\/media?parent=8614"}],"curies":[{"name":"wp","href":"https:\/\/api.w.org\/{rel}","templated":true}]}}