{"id":8577,"date":"2025-05-12T10:14:00","date_gmt":"2025-05-12T08:14:00","guid":{"rendered":"https:\/\/padrino.dreamify.es\/?page_id=8577"},"modified":"2025-07-17T12:35:21","modified_gmt":"2025-07-17T10:35:21","slug":"desayunos-el-lago","status":"publish","type":"page","link":"https:\/\/grupoelpadrino.com\/en\/desayunos-el-lago\/","title":{"rendered":"Desayunos El Lago"},"content":{"rendered":"<div data-elementor-type=\"wp-page\" data-elementor-id=\"8577\" class=\"elementor elementor-8577\" data-elementor-post-type=\"page\">\n\t\t\t\t<div class=\"elementor-element elementor-element-664761cd e-flex e-con-boxed e-con e-parent\" data-id=\"664761cd\" data-element_type=\"container\" data-e-type=\"container\" data-settings=\"{&quot;background_background&quot;:&quot;classic&quot;,&quot;shape_divider_bottom&quot;:&quot;mountains&quot;}\">\n\t\t\t\t\t<div class=\"e-con-inner\">\n\t\t\t\t<div class=\"elementor-shape elementor-shape-bottom\" aria-hidden=\"true\" data-negative=\"false\">\n\t\t\t<svg xmlns=\"http:\/\/www.w3.org\/2000\/svg\" viewbox=\"0 0 1000 100\" preserveaspectratio=\"none\">\n\t<path class=\"elementor-shape-fill\" opacity=\"0.33\" d=\"M473,67.3c-203.9,88.3-263.1-34-320.3,0C66,119.1,0,59.7,0,59.7V0h1000v59.7 c0,0-62.1,26.1-94.9,29.3c-32.8,3.3-62.8-12.3-75.8-22.1C806,49.6,745.3,8.7,694.9,4.7S492.4,59,473,67.3z\"\/>\n\t<path class=\"elementor-shape-fill\" opacity=\"0.66\" d=\"M734,67.3c-45.5,0-77.2-23.2-129.1-39.1c-28.6-8.7-150.3-10.1-254,39.1 s-91.7-34.4-149.2,0C115.7,118.3,0,39.8,0,39.8V0h1000v36.5c0,0-28.2-18.5-92.1-18.5C810.2,18.1,775.7,67.3,734,67.3z\"\/>\n\t<path class=\"elementor-shape-fill\" d=\"M766.1,28.9c-200-57.5-266,65.5-395.1,19.5C242,1.8,242,5.4,184.8,20.6C128,35.8,132.3,44.9,89.9,52.5C28.6,63.7,0,0,0,0 h1000c0,0-9.9,40.9-83.6,48.1S829.6,47,766.1,28.9z\"\/>\n<\/svg>\t\t<\/div>\n\t\t<div class=\"elementor-element elementor-element-2edc5346 e-con-full e-flex e-con e-child\" data-id=\"2edc5346\" data-element_type=\"container\" data-e-type=\"container\">\n\t\t\t\t<div class=\"elementor-element elementor-element-38f8dd92 elementor-invisible elementor-widget elementor-widget-heading\" data-id=\"38f8dd92\" data-element_type=\"widget\" data-e-type=\"widget\" data-settings=\"{&quot;_animation&quot;:&quot;fadeInDown&quot;,&quot;_animation_mobile&quot;:&quot;none&quot;}\" data-widget_type=\"heading.default\">\n\t\t\t\t<div class=\"elementor-widget-container\">\n\t\t\t\t\t<h2 class=\"elementor-heading-title elementor-size-default\">Restaurant Pizzeria El Lago<\/h2>\t\t\t\t<\/div>\n\t\t\t\t<\/div>\n\t\t\t\t<\/div>\n\t\t<div class=\"elementor-element elementor-element-c9b782 e-con-full e-flex e-con e-child\" data-id=\"c9b782\" data-element_type=\"container\" data-e-type=\"container\">\n\t\t\t\t<div class=\"elementor-element elementor-element-197adbf6 elementor-widget__width-auto elementor-widget elementor-widget-button\" data-id=\"197adbf6\" data-element_type=\"widget\" data-e-type=\"widget\" data-widget_type=\"button.default\">\n\t\t\t\t<div class=\"elementor-widget-container\">\n\t\t\t\t\t\t\t\t\t<div class=\"elementor-button-wrapper\">\n\t\t\t\t\t<a class=\"elementor-button elementor-button-link elementor-size-sm\" href=\"\/en\/carta-el-lago\/menu-el-lago\/\">\n\t\t\t\t\t\t<span class=\"elementor-button-content-wrapper\">\n\t\t\t\t\t\t\t\t\t<span class=\"elementor-button-text\">MENU<\/span>\n\t\t\t\t\t<\/span>\n\t\t\t\t\t<\/a>\n\t\t\t\t<\/div>\n\t\t\t\t\t\t\t\t<\/div>\n\t\t\t\t<\/div>\n\t\t\t\t<div class=\"elementor-element elementor-element-1f64e35f elementor-widget__width-auto elementor-widget elementor-widget-button\" data-id=\"1f64e35f\" data-element_type=\"widget\" data-e-type=\"widget\" data-widget_type=\"button.default\">\n\t\t\t\t<div class=\"elementor-widget-container\">\n\t\t\t\t\t\t\t\t\t<div class=\"elementor-button-wrapper\">\n\t\t\t\t\t<a class=\"elementor-button elementor-button-link elementor-size-sm\" href=\"\/en\/reserva-el-lago\/\">\n\t\t\t\t\t\t<span class=\"elementor-button-content-wrapper\">\n\t\t\t\t\t\t\t\t\t<span class=\"elementor-button-text\">RESERVE<\/span>\n\t\t\t\t\t<\/span>\n\t\t\t\t\t<\/a>\n\t\t\t\t<\/div>\n\t\t\t\t\t\t\t\t<\/div>\n\t\t\t\t<\/div>\n\t\t\t\t<\/div>\n\t\t\t\t\t<\/div>\n\t\t\t\t<\/div>\n\t\t<div class=\"elementor-element elementor-element-e5b81fd e-flex e-con-boxed e-con e-parent\" data-id=\"e5b81fd\" data-element_type=\"container\" data-e-type=\"container\">\n\t\t\t\t\t<div class=\"e-con-inner\">\n\t\t\t\t<div class=\"elementor-element elementor-element-0af3e4d elementor-widget elementor-widget-html\" data-id=\"0af3e4d\" data-element_type=\"widget\" data-e-type=\"widget\" data-widget_type=\"html.default\">\n\t\t\t\t<div class=\"elementor-widget-container\">\n\t\t\t\t\t<style>\r\n  .menu-container {\r\n    font-family: Arial, sans-serif;\r\n    max-width: 1200px;\r\n    margin: auto;\r\n    background-color: white;\r\n    padding: 2rem;\r\n    border-radius: 10px;\r\n  }\r\n\r\n  .menu-tabs, .submenu-tabs {\r\n    display: flex;\r\n    flex-wrap: wrap;\r\n    gap: 0.5rem;\r\n    margin-bottom: 1rem;\r\n    justify-content: center;\r\n  }\r\n\r\n  .tab-button, .subtab-button {\r\n    padding: 18px 15px;\r\n    cursor: pointer;\r\n    background: #00666D;\r\n    color: #fff;\r\n    font-weight: 600;\r\n    font-size: 15px;\r\n    border: none;\r\n    border-radius: 5px;\r\n  }\r\n\r\n  .tab-button.active, .subtab-button.active {\r\n    background: #FFF;\r\n    color: #000;\r\n    font-weight: bold;\r\n  }\r\n  \r\n  .tab-button:hover{\r\n      color:#b28e65;\r\n  }\r\n\r\n  .subtab-button {\r\n    background: #3FBFBF;\r\n    color: #000;\r\n    transition: background-color 0.3s ease;\r\n  }\r\n\r\n  .subtab-button.active {\r\n    background: #fff;\r\n    color: #000;\r\n  }\r\n\r\n  .menu-content, .submenu-content {\r\n    display: none;\r\n  }\r\n\r\n  .menu-content.active, .submenu-content.active {\r\n    display: block;\r\n  }\r\n\r\n  .dish-list {\r\n    list-style: none;\r\n    padding: 0;\r\n    margin: 0;\r\n  }\r\n\r\n  .dish-item {\r\n    margin-bottom: 1rem;\r\n    padding: 1rem;\r\n    border-radius: 8px;\r\n  }\r\n\r\n  .dish-title-price {\r\n    display: flex;\r\n    justify-content: space-between;\r\n    align-items: center;\r\n\r\n    max-width: 650px;\r\n    margin: 0 auto;\r\n  }\r\n\r\n  .dish-info {\r\n    display: flex;\r\n    \/*align-items: center;*\/\r\n    gap: 1rem;\r\n    flex-wrap: wrap;\r\n  }\r\n\r\n  .price {\r\n    font-weight: bold;\r\n    white-space: nowrap;\r\n    margin-left: 1rem;\r\n  }\r\n\r\n  .allergens {\r\n    display: flex;\r\n    gap: 6px;\r\n    flex-wrap: wrap;\r\n  }\r\n\r\n  .allergens i {\r\n    font-size: 22px;\r\n    color: #333;\r\n  }\r\n\r\n  @media (max-width: 768px) {\r\n    .dish-title-price {\r\n      flex-direction: column;\r\n      align-items: center;\r\n      text-align: center;\r\n    }\r\n\r\n    .dish-info {\r\n      flex-direction: column;\r\n      align-items: center;\r\n      gap: 0.5rem;\r\n    }\r\n\r\n    .allergens {\r\n      justify-content: center;\r\n      gap: 4px;\r\n    }\r\n    \r\n    .price {\r\n    margin-left: 0;\r\n  }\r\n  .tab-button,\r\n    .subtab-button {\r\n    font-size: 13px;\r\n    font-weight: 400;\r\n}\r\n.menu-container {\r\n    padding:10px;\r\n}\r\n\r\n  }\r\n<\/style>\r\n<div class=\"menu-container\">\r\n  <!-- Men\u00fa principal -->\r\n  <div class=\"menu-tabs\">\r\n    <a href=\"\/en\/menu-el-lago\/\" class=\"tab-button\">MENU<\/a>\r\n        <a href=\"\/en\/fuera-de-carta-el-lago\/\" class=\"tab-button\">RECOMMENDATIONS<\/a>\r\n    <button class=\"tab-button active\" data-target=\"menu\">BREAKFAST<\/button>\r\n    <a href=\"\/en\/bebidas-el-lago\/\" class=\"tab-button\">DRINKS<\/a>\r\n    <a href=\"\/en\/cervezas-el-lago\/\" class=\"tab-button\">BEERS AND C\u00d3CKTELES<\/a>\r\n    <a href=\"\/en\/vinos-el-lago\/\" class=\"tab-button\">WINES<\/a>\r\n    <a href=\"\/en\/postres-el-lago\/\" class=\"tab-button\">DESSERTS<\/a>\r\n    \r\n<\/div>\r\n\r\n\r\n    <!-- Subcntenidos -->\r\n    <div class=\"submenu-content active\" id=\"postres\">\r\n        <ul class=\"dish-list\">\r\n  <li class=\"dish-item\">\r\n  <div class=\"dish-title-price\">\r\n    <div class=\"dish-info\">\r\n      <p><strong>1. White bread or toast with butter and jam or tumaca<\/strong> <\/p>\r\n    <\/div>\r\n    <span class=\"price\">3,90 \u20ac<\/span>\r\n  <\/div>\r\n<\/li>\r\n\r\n<li class=\"dish-item\">\r\n  <div class=\"dish-title-price\">\r\n    <div class=\"dish-info\">\r\n      <p><strong>2. Scrambled eggs with toast<\/strong><\/p>\r\n    <\/div>\r\n    <span class=\"price\">5,90 \u20ac<\/span>\r\n  <\/div>\r\n<\/li>\r\n\r\n<li class=\"dish-item\">\r\n  <div class=\"dish-title-price\">\r\n    <div class=\"dish-info\">\r\n      <p><strong>3. English Breakfast<\/strong> <\/p>\r\n    <\/div>\r\n    <span class=\"price\">8,50 \u20ac<\/span>\r\n  <\/div>\r\n<\/li>\r\n\r\n<li class=\"dish-item\">\r\n  <div class=\"dish-title-price\">\r\n    <div class=\"dish-info\">\r\n      <p><strong>4. Glass of Greek yogurt with muesli and honey with avocado \ntoast<\/strong><\/p>\r\n    <\/div>\r\n    <span class=\"price\">5,50 \u20ac<\/span>\r\n  <\/div>\r\n<\/li>\r\n\r\n<li class=\"dish-item\">\r\n  <div class=\"dish-title-price\">\r\n    <div class=\"dish-info\">\r\n      <p><strong>5. Mixed ham and cheese  s\u00e1ndwich<\/strong><\/p>\r\n    <\/div>\r\n    <span class=\"price\">4,00 \u20ac<\/span>\r\n  <\/div>\r\n<\/li>\r\n\r\n<li class=\"dish-item\">\r\n  <div class=\"dish-title-price\">\r\n    <div class=\"dish-info\">\r\n      <p><strong>6. Sandwich canario<\/strong> Roast pork, avocado, lettuce, red onion and tomato<\/p>\r\n    <\/div>\r\n    <span class=\"price\">4,50 \u20ac<\/span>\r\n  <\/div>\r\n<\/li>\r\n\r\n<li class=\"dish-item\">\r\n  <div class=\"dish-title-price\">\r\n    <div class=\"dish-info\">\r\n      <p><strong>7. Sandwich El Lago<\/strong>  Smoked salmon, roasted zucchini, avocado, lettuce and spicy \nmayonnaise<\/p>\r\n    <\/div>\r\n    <span class=\"price\">5,70 \u20ac<\/span>\r\n  <\/div>\r\n<\/li>\r\n\r\n<li class=\"dish-item\">\r\n  <div class=\"dish-title-price\">\r\n    <div class=\"dish-info\">\r\n      <p><strong>8. Sandwich Caesar<\/strong> Country bread, ham, double cheese and saut\u00e9ed mushrooms<\/p>\r\n    <\/div>\r\n    <span class=\"price\">5,00 \u20ac<\/span>\r\n  <\/div>\r\n<\/li>\r\n\r\n<li class=\"dish-item\">\r\n  <div class=\"dish-title-price\">\r\n    <div class=\"dish-info\">\r\n      <p><strong>9. Iberian ham and cheese  baguette<\/strong><\/p>\r\n    <\/div>\r\n    <span class=\"price\">5,50 \u20ac<\/span>\r\n  <\/div>\r\n<\/li>\r\n\r\n<li class=\"dish-item\">\r\n  <div class=\"dish-title-price\">\r\n    <div class=\"dish-info\">\r\n      <p><strong>10. French Omelette  baguette<\/strong><\/p>\r\n    <\/div>\r\n    <span class=\"price\">4,90 \u20ac<\/span>\r\n  <\/div>\r\n<\/li>\r\n\r\n<li class=\"dish-item\">\r\n  <div class=\"dish-title-price\">\r\n    <div class=\"dish-info\">\r\n      <p><strong>11. TEX-MEX  baguette<\/strong> Grilled chicken with guacamole, lettuce and chipotle sauce<\/p>\r\n    <\/div>\r\n    <span class=\"price\">5,90 \u20ac<\/span>\r\n  <\/div>\r\n<\/li>\r\n\r\n<li class=\"dish-item\">\r\n  <div class=\"dish-title-price\">\r\n    <div class=\"dish-info\">\r\n      <p><strong>12.  Mediterranean  baguette<\/strong> Cheese, Tuna, Roasted Zucchini, Tomato and Green Pesto<\/p>\r\n    <\/div>\r\n    <span class=\"price\">5,80 \u20ac<\/span>\r\n  <\/div>\r\n<\/li>\r\n\r\n<li class=\"dish-item\">\r\n  <div class=\"dish-title-price\">\r\n    <div class=\"dish-info\">\r\n      <p><strong>13. Botanical  baguette<\/strong> Zucchini, roasted eggplant, avocado, tomato, arugula  \nand Ali oli<\/p>\r\n    <\/div>\r\n    <span class=\"price\">5,50 \u20ac<\/span>\r\n  <\/div>\r\n<\/li>\r\n\r\n<li class=\"dish-item\">\r\n  <div class=\"dish-title-price\">\r\n    <div class=\"dish-info\">\r\n      <p><strong>14. Roast pork bruschetta with cured cheese<\/strong><\/p>\r\n    <\/div>\r\n    <span class=\"price\">5,80 \u20ac<\/span>\r\n  <\/div>\r\n<\/li>\r\n\r\n<li class=\"dish-item\">\r\n  <div class=\"dish-title-price\">\r\n    <div class=\"dish-info\">\r\n      <p><strong>15. Smoked salmon and avocado bruschetta with green \nsprouts<\/strong> <\/p>\r\n    <\/div>\r\n    <span class=\"price\">7,10 \u20ac<\/span>\r\n  <\/div>\r\n<\/li>\r\n\r\n<li class=\"dish-item\">\r\n  <div class=\"dish-title-price\">\r\n    <div class=\"dish-info\">\r\n      <p><strong>16. Iberian ham bruschetta with grated tomato<\/strong><\/p>\r\n    <\/div>\r\n    <span class=\"price\">6,90 \u20ac<\/span>\r\n  <\/div>\r\n<\/li>\r\n\r\n<\/ul>\r\n\r\n    <\/div>\r\n  <\/div>\r\n  \r\n<\/div>\r\n\r\n<script>\r\n  \/\/ Cambiar entre pesta\u00f1as principales (solo MEN\u00da activa contenido)\r\n  document.querySelectorAll('.tab-button').forEach(button => {\r\n    button.addEventListener('click', e => {\r\n      if (button.dataset.target !== \"menu\") return; \/\/ solo men\u00fa tiene contenido\r\n      document.querySelectorAll('.tab-button').forEach(btn => btn.classList.remove('active'));\r\n      document.querySelectorAll('.menu-content').forEach(content => content.classList.remove('active'));\r\n\r\n      button.classList.add('active');\r\n      document.getElementById(button.dataset.target).classList.add('active');\r\n    });\r\n  });\r\n\r\n  \/\/ Submen\u00fa dentro de MEN\u00da\r\n  document.querySelectorAll('.subtab-button').forEach(button => {\r\n    button.addEventListener('click', () => {\r\n      document.querySelectorAll('.subtab-button').forEach(btn => btn.classList.remove('active'));\r\n      document.querySelectorAll('.submenu-content').forEach(content => content.classList.remove('active'));\r\n\r\n      button.classList.add('active');\r\n      document.getElementById(button.dataset.target).classList.add('active');\r\n    });\r\n  });\r\n<\/script>\r\n\t\t\t\t<\/div>\n\t\t\t\t<\/div>\n\t\t\t\t\t<\/div>\n\t\t\t\t<\/div>\n\t\t<div class=\"elementor-element elementor-element-7824210 e-flex e-con-boxed e-con e-parent\" data-id=\"7824210\" data-element_type=\"container\" data-e-type=\"container\" data-settings=\"{&quot;background_background&quot;:&quot;classic&quot;}\">\n\t\t\t\t\t<div class=\"e-con-inner\">\n\t\t\t\t<div class=\"elementor-element elementor-element-92d0e73 elementor-widget elementor-widget-text-editor\" data-id=\"92d0e73\" data-element_type=\"widget\" data-e-type=\"widget\" data-widget_type=\"text-editor.default\">\n\t\t\t\t<div class=\"elementor-widget-container\">\n\t\t\t\t\t\t\t\t\t<p><strong>I. G. I. C. NOT INCLUDED.<\/strong><\/p>\t\t\t\t\t\t\t\t<\/div>\n\t\t\t\t<\/div>\n\t\t\t\t<div class=\"elementor-element elementor-element-ee65e06 elementor-widget__width-auto elementor-align-right elementor-mobile-align-center elementor-widget elementor-widget-button\" data-id=\"ee65e06\" data-element_type=\"widget\" data-e-type=\"widget\" data-widget_type=\"button.default\">\n\t\t\t\t<div class=\"elementor-widget-container\">\n\t\t\t\t\t\t\t\t\t<div class=\"elementor-button-wrapper\">\n\t\t\t\t\t<a class=\"elementor-button elementor-button-link elementor-size-sm\" href=\"#elementor-action%3Aaction%3Dpopup%3Aopen%26settings%3DeyJpZCI6Ijc4MTQiLCJ0b2dnbGUiOmZhbHNlfQ%3D%3D\">\n\t\t\t\t\t\t<span class=\"elementor-button-content-wrapper\">\n\t\t\t\t\t\t\t\t\t<span class=\"elementor-button-text\">ALLERGENS<\/span>\n\t\t\t\t\t<\/span>\n\t\t\t\t\t<\/a>\n\t\t\t\t<\/div>\n\t\t\t\t\t\t\t\t<\/div>\n\t\t\t\t<\/div>\n\t\t\t\t\t<\/div>\n\t\t\t\t<\/div>\n\t\t\t\t<\/div>","protected":false},"excerpt":{"rendered":"<p>Restaurante Pizzer\u00eda El Lago CARTA RESERVAR MEN\u00da FUERA DE CARTA DESAYUNOS BEBIDAS CERVEZAS Y C\u00d3CKTELES VINOS POSTRES 1. Pan Blanco [&hellip;]<\/p>\n","protected":false},"author":3,"featured_media":0,"parent":0,"menu_order":0,"comment_status":"closed","ping_status":"closed","template":"","meta":{"site-sidebar-layout":"no-sidebar","site-content-layout":"","ast-site-content-layout":"full-width-container","site-content-style":"default","site-sidebar-style":"default","ast-global-header-display":"","ast-banner-title-visibility":"","ast-main-header-display":"","ast-hfb-above-header-display":"","ast-hfb-below-header-display":"","ast-hfb-mobile-header-display":"","site-post-title":"disabled","ast-breadcrumbs-content":"","ast-featured-img":"disabled","footer-sml-layout":"","ast-disable-related-posts":"","theme-transparent-header-meta":"","adv-header-id-meta":"","stick-header-meta":"","header-above-stick-meta":"","header-main-stick-meta":"","header-below-stick-meta":"","astra-migrate-meta-layouts":"default","ast-page-background-enabled":"default","ast-page-background-meta":{"desktop":{"background-color":"var(--ast-global-color-5)","background-image":"","background-repeat":"repeat","background-position":"center center","background-size":"auto","background-attachment":"scroll","background-type":"","background-media":"","overlay-type":"","overlay-color":"","overlay-opacity":"","overlay-gradient":""},"tablet":{"background-color":"","background-image":"","background-repeat":"repeat","background-position":"center center","background-size":"auto","background-attachment":"scroll","background-type":"","background-media":"","overlay-type":"","overlay-color":"","overlay-opacity":"","overlay-gradient":""},"mobile":{"background-color":"","background-image":"","background-repeat":"repeat","background-position":"center center","background-size":"auto","background-attachment":"scroll","background-type":"","background-media":"","overlay-type":"","overlay-color":"","overlay-opacity":"","overlay-gradient":""}},"ast-content-background-meta":{"desktop":{"background-color":"var(--ast-global-color-4)","background-image":"","background-repeat":"repeat","background-position":"center center","background-size":"auto","background-attachment":"scroll","background-type":"","background-media":"","overlay-type":"","overlay-color":"","overlay-opacity":"","overlay-gradient":""},"tablet":{"background-color":"var(--ast-global-color-4)","background-image":"","background-repeat":"repeat","background-position":"center center","background-size":"auto","background-attachment":"scroll","background-type":"","background-media":"","overlay-type":"","overlay-color":"","overlay-opacity":"","overlay-gradient":""},"mobile":{"background-color":"var(--ast-global-color-4)","background-image":"","background-repeat":"repeat","background-position":"center center","background-size":"auto","background-attachment":"scroll","background-type":"","background-media":"","overlay-type":"","overlay-color":"","overlay-opacity":"","overlay-gradient":""}},"footnotes":""},"class_list":["post-8577","page","type-page","status-publish","hentry"],"_links":{"self":[{"href":"https:\/\/grupoelpadrino.com\/en\/wp-json\/wp\/v2\/pages\/8577","targetHints":{"allow":["GET"]}}],"collection":[{"href":"https:\/\/grupoelpadrino.com\/en\/wp-json\/wp\/v2\/pages"}],"about":[{"href":"https:\/\/grupoelpadrino.com\/en\/wp-json\/wp\/v2\/types\/page"}],"author":[{"embeddable":true,"href":"https:\/\/grupoelpadrino.com\/en\/wp-json\/wp\/v2\/users\/3"}],"replies":[{"embeddable":true,"href":"https:\/\/grupoelpadrino.com\/en\/wp-json\/wp\/v2\/comments?post=8577"}],"version-history":[{"count":13,"href":"https:\/\/grupoelpadrino.com\/en\/wp-json\/wp\/v2\/pages\/8577\/revisions"}],"predecessor-version":[{"id":9104,"href":"https:\/\/grupoelpadrino.com\/en\/wp-json\/wp\/v2\/pages\/8577\/revisions\/9104"}],"wp:attachment":[{"href":"https:\/\/grupoelpadrino.com\/en\/wp-json\/wp\/v2\/media?parent=8577"}],"curies":[{"name":"wp","href":"https:\/\/api.w.org\/{rel}","templated":true}]}}