{"id":8444,"date":"2025-05-11T16:27:41","date_gmt":"2025-05-11T14:27:41","guid":{"rendered":"https:\/\/padrino.dreamify.es\/?page_id=8444"},"modified":"2025-09-18T10:51:47","modified_gmt":"2025-09-18T08:51:47","slug":"cervezas-el-padrino","status":"publish","type":"page","link":"https:\/\/grupoelpadrino.com\/en\/cervezas-el-padrino\/","title":{"rendered":"Cervezas El Padrino"},"content":{"rendered":"<div data-elementor-type=\"wp-page\" data-elementor-id=\"8444\" class=\"elementor elementor-8444\" data-elementor-post-type=\"page\">\n\t\t\t\t<div class=\"elementor-element elementor-element-48fe97b8 e-con-full e-flex e-con e-parent\" data-id=\"48fe97b8\" data-element_type=\"container\" data-e-type=\"container\" data-settings=\"{&quot;background_background&quot;:&quot;gradient&quot;}\">\n\t\t<div class=\"elementor-element elementor-element-3c4321f6 e-con-full e-flex e-con e-child\" data-id=\"3c4321f6\" data-element_type=\"container\" data-e-type=\"container\">\n\t\t<div class=\"elementor-element elementor-element-4afc8b43 e-con-full e-flex e-con e-child\" data-id=\"4afc8b43\" data-element_type=\"container\" data-e-type=\"container\">\n\t\t\t\t<div class=\"elementor-element elementor-element-e71786d elementor-widget elementor-widget-heading\" data-id=\"e71786d\" data-element_type=\"widget\" data-e-type=\"widget\" data-widget_type=\"heading.default\">\n\t\t\t\t<div class=\"elementor-widget-container\">\n\t\t\t\t\t<h1 class=\"elementor-heading-title elementor-size-default\">El Padrino<\/h1>\t\t\t\t<\/div>\n\t\t\t\t<\/div>\n\t\t\t\t<div class=\"elementor-element elementor-element-1d301d68 elementor-widget elementor-widget-text-editor\" data-id=\"1d301d68\" data-element_type=\"widget\" data-e-type=\"widget\" data-widget_type=\"text-editor.default\">\n\t\t\t\t<div class=\"elementor-widget-container\">\n\t\t\t\t\t\t\t\t\t<p>Delve into the history of Grupo El Padrino and discover our roots.<br \/>Dive into a peculiar cave and let yourself be carried away by a delicious cuisine that will transport you beyond. Enjoy an intimate atmosphere, located in the heart of Puerto de la Cruz.<\/p>\t\t\t\t\t\t\t\t<\/div>\n\t\t\t\t<\/div>\n\t\t<div class=\"elementor-element elementor-element-2c7d32aa e-con-full e-flex e-con e-child\" data-id=\"2c7d32aa\" data-element_type=\"container\" data-e-type=\"container\">\n\t\t\t\t<div class=\"elementor-element elementor-element-169f1295 elementor-widget-mobile__width-inherit elementor-position-inline-start elementor-view-default elementor-mobile-position-block-start elementor-widget elementor-widget-icon-box\" data-id=\"169f1295\" data-element_type=\"widget\" data-e-type=\"widget\" data-widget_type=\"icon-box.default\">\n\t\t\t\t<div class=\"elementor-widget-container\">\n\t\t\t\t\t\t\t<div class=\"elementor-icon-box-wrapper\">\n\n\t\t\t\t\t\t<div class=\"elementor-icon-box-icon\">\n\t\t\t\t<span  class=\"elementor-icon\">\n\t\t\t\t<svg aria-hidden=\"true\" class=\"e-font-icon-svg e-fas-map-marker-alt\" viewbox=\"0 0 384 512\" xmlns=\"http:\/\/www.w3.org\/2000\/svg\"><path d=\"M172.268 501.67C26.97 291.031 0 269.413 0 192 0 85.961 85.961 0 192 0s192 85.961 192 192c0 77.413-26.97 99.031-172.268 309.67-9.535 13.774-29.93 13.773-39.464 0zM192 272c44.183 0 80-35.817 80-80s-35.817-80-80-80-80 35.817-80 80 35.817 80 80 80z\"><\/path><\/svg>\t\t\t\t<\/span>\n\t\t\t<\/div>\n\t\t\t\n\t\t\t\t\t\t<div class=\"elementor-icon-box-content\">\n\n\t\t\t\t\n\t\t\t\t\t\t\t\t\t<p class=\"elementor-icon-box-description\">\n\t\t\t\t\t\t Calle  del Lomo, 17, 38400 Puerto de la Cruz, Santa Cruz de Tenerife\t\t\t\t\t<\/p>\n\t\t\t\t\n\t\t\t<\/div>\n\t\t\t\n\t\t<\/div>\n\t\t\t\t\t\t<\/div>\n\t\t\t\t<\/div>\n\t\t\t\t<div class=\"elementor-element elementor-element-4589a2ab elementor-widget-mobile__width-inherit elementor-position-inline-start elementor-view-default elementor-mobile-position-block-start elementor-widget elementor-widget-icon-box\" data-id=\"4589a2ab\" data-element_type=\"widget\" data-e-type=\"widget\" data-widget_type=\"icon-box.default\">\n\t\t\t\t<div class=\"elementor-widget-container\">\n\t\t\t\t\t\t\t<div class=\"elementor-icon-box-wrapper\">\n\n\t\t\t\t\t\t<div class=\"elementor-icon-box-icon\">\n\t\t\t\t<span  class=\"elementor-icon\">\n\t\t\t\t<svg aria-hidden=\"true\" class=\"e-font-icon-svg e-fas-phone-alt\" viewbox=\"0 0 512 512\" xmlns=\"http:\/\/www.w3.org\/2000\/svg\"><path d=\"M497.39 361.8l-112-48a24 24 0 0 0-28 6.9l-49.6 60.6A370.66 370.66 0 0 1 130.6 204.11l60.6-49.6a23.94 23.94 0 0 0 6.9-28l-48-112A24.16 24.16 0 0 0 122.6.61l-104 24A24 24 0 0 0 0 48c0 256.5 207.9 464 464 464a24 24 0 0 0 23.4-18.6l24-104a24.29 24.29 0 0 0-14.01-27.6z\"><\/path><\/svg>\t\t\t\t<\/span>\n\t\t\t<\/div>\n\t\t\t\n\t\t\t\t\t\t<div class=\"elementor-icon-box-content\">\n\n\t\t\t\t\n\t\t\t\t\t\t\t\t\t<p class=\"elementor-icon-box-description\">\n\t\t\t\t\t\t922 38 29 37\t\t\t\t\t<\/p>\n\t\t\t\t\n\t\t\t<\/div>\n\t\t\t\n\t\t<\/div>\n\t\t\t\t\t\t<\/div>\n\t\t\t\t<\/div>\n\t\t\t\t<div class=\"elementor-element elementor-element-6a694b79 elementor-widget-mobile__width-inherit elementor-position-inline-start elementor-view-default elementor-mobile-position-block-start elementor-widget elementor-widget-icon-box\" data-id=\"6a694b79\" data-element_type=\"widget\" data-e-type=\"widget\" data-widget_type=\"icon-box.default\">\n\t\t\t\t<div class=\"elementor-widget-container\">\n\t\t\t\t\t\t\t<div class=\"elementor-icon-box-wrapper\">\n\n\t\t\t\t\t\t<div class=\"elementor-icon-box-icon\">\n\t\t\t\t<span  class=\"elementor-icon\">\n\t\t\t\t<svg aria-hidden=\"true\" class=\"e-font-icon-svg e-fas-clock\" viewbox=\"0 0 512 512\" xmlns=\"http:\/\/www.w3.org\/2000\/svg\"><path d=\"M256,8C119,8,8,119,8,256S119,504,256,504,504,393,504,256,393,8,256,8Zm92.49,313h0l-20,25a16,16,0,0,1-22.49,2.5h0l-67-49.72a40,40,0,0,1-15-31.23V112a16,16,0,0,1,16-16h32a16,16,0,0,1,16,16V256l58,42.5A16,16,0,0,1,348.49,321Z\"><\/path><\/svg>\t\t\t\t<\/span>\n\t\t\t<\/div>\n\t\t\t\n\t\t\t\t\t\t<div class=\"elementor-icon-box-content\">\n\n\t\t\t\t\n\t\t\t\t\t\t\t\t\t<p class=\"elementor-icon-box-description\">\n\t\t\t\t\t\tTuesday to Saturday 2:00 PM to 10:00 PM\t\t\t\t\t<\/p>\n\t\t\t\t\n\t\t\t<\/div>\n\t\t\t\n\t\t<\/div>\n\t\t\t\t\t\t<\/div>\n\t\t\t\t<\/div>\n\t\t\t\t<\/div>\n\t\t\t\t<\/div>\n\t\t<div class=\"elementor-element elementor-element-14c913b7 e-con-full e-flex e-con e-child\" data-id=\"14c913b7\" data-element_type=\"container\" data-e-type=\"container\">\n\t\t\t\t<div class=\"elementor-element elementor-element-2b74ac60 elementor-widget__width-auto elementor-widget elementor-widget-button\" data-id=\"2b74ac60\" data-element_type=\"widget\" data-e-type=\"widget\" data-widget_type=\"button.default\">\n\t\t\t\t<div class=\"elementor-widget-container\">\n\t\t\t\t\t\t\t\t\t<div class=\"elementor-button-wrapper\">\n\t\t\t\t\t<a class=\"elementor-button elementor-button-link elementor-size-sm\" href=\"\/en\/menu-el-padrino\/\">\n\t\t\t\t\t\t<span class=\"elementor-button-content-wrapper\">\n\t\t\t\t\t\t\t\t\t<span class=\"elementor-button-text\">MENU<\/span>\n\t\t\t\t\t<\/span>\n\t\t\t\t\t<\/a>\n\t\t\t\t<\/div>\n\t\t\t\t\t\t\t\t<\/div>\n\t\t\t\t<\/div>\n\t\t\t\t<div class=\"elementor-element elementor-element-4518caa2 elementor-widget__width-auto elementor-widget elementor-widget-button\" data-id=\"4518caa2\" data-element_type=\"widget\" data-e-type=\"widget\" data-widget_type=\"button.default\">\n\t\t\t\t<div class=\"elementor-widget-container\">\n\t\t\t\t\t\t\t\t\t<div class=\"elementor-button-wrapper\">\n\t\t\t\t\t<a class=\"elementor-button elementor-button-link elementor-size-sm\" href=\"\/en\/reserva-el-padrino\/\">\n\t\t\t\t\t\t<span class=\"elementor-button-content-wrapper\">\n\t\t\t\t\t\t\t\t\t<span class=\"elementor-button-text\">RESERVE<\/span>\n\t\t\t\t\t<\/span>\n\t\t\t\t\t<\/a>\n\t\t\t\t<\/div>\n\t\t\t\t\t\t\t\t<\/div>\n\t\t\t\t<\/div>\n\t\t\t\t<\/div>\n\t\t\t\t<\/div>\n\t\t<div class=\"elementor-element elementor-element-6df32f0 e-con-full e-flex elementor-invisible e-con e-child\" data-id=\"6df32f0\" data-element_type=\"container\" data-e-type=\"container\" data-settings=\"{&quot;background_background&quot;:&quot;classic&quot;,&quot;animation&quot;:&quot;fadeInRight&quot;,&quot;animation_mobile&quot;:&quot;none&quot;}\">\n\t\t\t\t<\/div>\n\t\t\t\t<\/div>\n\t\t<div class=\"elementor-element elementor-element-50f7dc08 e-flex e-con-boxed e-con e-parent\" data-id=\"50f7dc08\" data-element_type=\"container\" data-e-type=\"container\" data-settings=\"{&quot;background_background&quot;:&quot;classic&quot;}\">\n\t\t\t\t\t<div class=\"e-con-inner\">\n\t\t<div class=\"elementor-element elementor-element-7cb06e2d e-con-full e-flex e-con e-child\" data-id=\"7cb06e2d\" data-element_type=\"container\" data-e-type=\"container\" data-settings=\"{&quot;background_background&quot;:&quot;classic&quot;}\">\n\t\t\t\t<div class=\"elementor-element elementor-element-4b16b057 elementor-align-right elementor-mobile-align-center elementor-widget__width-auto elementor-fixed elementor-invisible elementor-widget elementor-widget-button\" data-id=\"4b16b057\" data-element_type=\"widget\" data-e-type=\"widget\" data-settings=\"{&quot;_position&quot;:&quot;fixed&quot;,&quot;_animation&quot;:&quot;fadeInRight&quot;,&quot;_animation_delay&quot;:1000}\" data-widget_type=\"button.default\">\n\t\t\t\t<div class=\"elementor-widget-container\">\n\t\t\t\t\t\t\t\t\t<div class=\"elementor-button-wrapper\">\n\t\t\t\t\t<a class=\"elementor-button elementor-button-link elementor-size-sm\" href=\"https:\/\/elpadrino.bonkdo.com\" target=\"_blank\" rel=\"nofollow noopener\">\n\t\t\t\t\t\t<span class=\"elementor-button-content-wrapper\">\n\t\t\t\t\t\t<span class=\"elementor-button-icon\">\n\t\t\t\t<svg aria-hidden=\"true\" class=\"e-font-icon-svg e-fas-ticket-alt\" viewbox=\"0 0 576 512\" xmlns=\"http:\/\/www.w3.org\/2000\/svg\"><path d=\"M128 160h320v192H128V160zm400 96c0 26.51 21.49 48 48 48v96c0 26.51-21.49 48-48 48H48c-26.51 0-48-21.49-48-48v-96c26.51 0 48-21.49 48-48s-21.49-48-48-48v-96c0-26.51 21.49-48 48-48h480c26.51 0 48 21.49 48 48v96c-26.51 0-48 21.49-48 48zm-48-104c0-13.255-10.745-24-24-24H120c-13.255 0-24 10.745-24 24v208c0 13.255 10.745 24 24 24h336c13.255 0 24-10.745 24-24V152z\"><\/path><\/svg>\t\t\t<\/span>\n\t\t\t\t\t\t\t\t\t<span class=\"elementor-button-text\">Gift Card<\/span>\n\t\t\t\t\t<\/span>\n\t\t\t\t\t<\/a>\n\t\t\t\t<\/div>\n\t\t\t\t\t\t\t\t<\/div>\n\t\t\t\t<\/div>\n\t\t\t\t<\/div>\n\t\t\t\t<div class=\"elementor-element elementor-element-0a5804f elementor-widget elementor-widget-html\" data-id=\"0a5804f\" data-element_type=\"widget\" data-e-type=\"widget\" data-widget_type=\"html.default\">\n\t\t\t\t<div class=\"elementor-widget-container\">\n\t\t\t\t\t<style>\r\n  .menu-container {\r\n    font-family: Arial, sans-serif;\r\n    max-width: 1200px;\r\n    margin: auto;\r\n    background-color: white;\r\n    padding: 2rem;\r\n    border-radius: 10px;\r\n  }\r\n\r\n  .menu-tabs, .submenu-tabs {\r\n    display: flex;\r\n    flex-wrap: wrap;\r\n    gap: 0.5rem;\r\n    margin-bottom: 1rem;\r\n    justify-content: center;\r\n  }\r\n\r\n  .tab-button, .subtab-button {\r\n    padding: 18px 15px;\r\n    cursor: pointer;\r\n    background: #BF7950;\r\n    color: #fff;\r\n    font-weight: 600;\r\n    font-size: 15px;\r\n    border: none;\r\n    border-radius: 5px;\r\n  }\r\n\r\n  .tab-button.active, .subtab-button.active {\r\n    background: #FFF;\r\n    color: #000;\r\n    font-weight: bold;\r\n  }\r\n  \r\n  .tab-button:hover{\r\n      color:#000;\r\n  }\r\n\r\n  .subtab-button {\r\n    background: #f8f1e3;\r\n    color: #000;\r\n    transition: background-color 0.3s ease;\r\n  }\r\n\r\n  .subtab-button.active {\r\n    background: #fff;\r\n    color: #000;\r\n  }\r\n\r\n  .menu-content, .submenu-content {\r\n    display: none;\r\n  }\r\n\r\n  .menu-content.active, .submenu-content.active {\r\n    display: block;\r\n  }\r\n\r\n  .dish-list {\r\n    list-style: none;\r\n    padding: 0;\r\n    margin: 0;\r\n  }\r\n\r\n  .dish-item {\r\n    margin-bottom: 1rem;\r\n    padding: 1rem;\r\n    border-radius: 8px;\r\n  }\r\n\r\n  .dish-title-price {\r\n    display: flex;\r\n    justify-content: space-between;\r\n    align-items: center;\r\n\r\n    max-width: 650px;\r\n    margin: 0 auto;\r\n  }\r\n\r\n  .dish-info {\r\n    display: flex;\r\n    \/*align-items: center;*\/\r\n    gap: 1rem;\r\n    flex-wrap: wrap;\r\n  }\r\n\r\n  .price {\r\n    font-weight: bold;\r\n    white-space: nowrap;\r\n    margin-left: 1rem;\r\n  }\r\n\r\n  .allergens {\r\n    display: flex;\r\n    gap: 6px;\r\n    flex-wrap: wrap;\r\n  }\r\n\r\n  .allergens i {\r\n    font-size: 22px;\r\n    color: #333;\r\n  }\r\n\r\n  @media (max-width: 768px) {\r\n    .dish-title-price {\r\n      flex-direction: column;\r\n      align-items: center;\r\n      text-align: center;\r\n    }\r\n\r\n    .dish-info {\r\n      flex-direction: column;\r\n      align-items: center;\r\n      gap: 0.5rem;\r\n    }\r\n\r\n    .allergens {\r\n      justify-content: center;\r\n      gap: 4px;\r\n    }\r\n    \r\n    .price {\r\n    margin-left: 0;\r\n  }\r\n  .tab-button,\r\n    .subtab-button {\r\n    font-size: 13px;\r\n    font-weight: 400;\r\n}\r\n.menu-container {\r\n    padding:10px;\r\n}\r\n\r\n  }\r\n<\/style>\r\n<div class=\"menu-container\">\r\n  <!-- Men\u00fa principal -->\r\n  <div class=\"menu-tabs\">\r\n    <a href=\"\/en\/menu-el-padrino\/\" class=\"tab-button\">MENU<\/a>\r\n    <a href=\"\/en\/bebidas-el-padrino\/\" class=\"tab-button\">DRINKS<\/a>\r\n    <button class=\"tab-button active\" data-target=\"menu\">BEERS<\/button>\r\n    <a href=\"\/en\/vinos-el-padrino\/\" class=\"tab-button\">WINES<\/a>\r\n    <a href=\"\/en\/postres-el-padrino\/\" class=\"tab-button\">DESSERTS<\/a>\r\n<\/div>\r\n\r\n   <!-- Contenidos -->\r\n<ul class=\"dish-list\">\r\n<li class=\"dish-item\">\r\n  <div class=\"dish-title-price\">\r\n    <div class=\"dish-info\">\r\n      <strong>Dorada special original<\/strong>\r\n    <\/div>\r\n    <span class=\"price\">3,25 \u20ac<\/span>\r\n  <\/div>\r\n<\/li>\r\n<li class=\"dish-item\">\r\n  <div class=\"dish-title-price\">\r\n    <div class=\"dish-info\">\r\n      <strong>Dorada special Toast<\/strong>\r\n    <\/div>\r\n    <span class=\"price\">3,25 \u20ac<\/span>\r\n  <\/div>\r\n<\/li>\r\n\r\n<li class=\"dish-item\">\r\n  <div class=\"dish-title-price\">\r\n    <div class=\"dish-info\">\r\n      <strong>Dorada without\/with lemon<\/strong>\r\n    <\/div>\r\n    <span class=\"price\">3,25 \u20ac<\/span>\r\n  <\/div>\r\n<\/li>\r\n<li class=\"dish-item\">\r\n  <div class=\"dish-title-price\">\r\n    <div class=\"dish-info\">\r\n      <strong>Dorada special black<\/strong>\r\n    <\/div>\r\n    <span class=\"price\">3,25 \u20ac<\/span>\r\n  <\/div>\r\n<\/li>\r\n<li class=\"dish-item\">\r\n  <div class=\"dish-title-price\">\r\n    <div class=\"dish-info\">\r\n      <strong>Dorada pilsen<\/strong>\r\n    <\/div>\r\n    <span class=\"price\">2,75 \u20ac<\/span>\r\n  <\/div>\r\n<\/li>\r\n<li class=\"dish-item\">\r\n  <div class=\"dish-title-price\">\r\n    <div class=\"dish-info\">\r\n      <strong>Dorada without Alcohol<\/strong>\r\n    <\/div>\r\n    <span class=\"price\">3,25 \u20ac<\/span>\r\n  <\/div>\r\n<\/li>\r\n<li class=\"dish-item\">\r\n  <div class=\"dish-title-price\">\r\n    <div class=\"dish-info\">\r\n      <strong>Dorada pilsen WITHOUT GLUTEN<\/strong>\r\n    <\/div>\r\n    <span class=\"price\">3,00 \u20ac<\/span>\r\n  <\/div>\r\n<\/li>\r\n\r\n<li class=\"dish-item\">\r\n  <div class=\"dish-title-price\">\r\n    <div class=\"dish-info\">\r\n      <strong>Tropical lemon<\/strong>\r\n    <\/div>\r\n    <span class=\"price\">3,25 \u20ac<\/span>\r\n  <\/div>\r\n<\/li>\r\n<li class=\"dish-item\">\r\n  <div class=\"dish-title-price\">\r\n    <div class=\"dish-info\">\r\n      <strong>Franziskaner<\/strong>\r\n    <\/div>\r\n    <span class=\"price\">4,75 \u20ac<\/span>\r\n  <\/div>\r\n<\/li>\r\n<li class=\"dish-item\">\r\n  <div class=\"dish-title-price\">\r\n    <div class=\"dish-info\">\r\n      <strong>Franziskaner Dunkel<\/strong>\r\n    <\/div>\r\n    <span class=\"price\">4,75 \u20ac<\/span>\r\n  <\/div>\r\n<\/li>\r\n\r\n<\/ul>\r\n\r\n\r\n<\/div>\r\n    \r\n<\/div>\r\n\r\n<script>\r\n  \/\/ Cambiar entre pesta\u00f1as principales (solo MEN\u00da activa contenido)\r\n  document.querySelectorAll('.tab-button').forEach(button => {\r\n    button.addEventListener('click', e => {\r\n      if (button.dataset.target !== \"menu\") return; \/\/ solo men\u00fa tiene contenido\r\n      document.querySelectorAll('.tab-button').forEach(btn => btn.classList.remove('active'));\r\n      document.querySelectorAll('.menu-content').forEach(content => content.classList.remove('active'));\r\n\r\n      button.classList.add('active');\r\n      document.getElementById(button.dataset.target).classList.add('active');\r\n    });\r\n  });\r\n\r\n  \/\/ Submen\u00fa dentro de MEN\u00da\r\n  document.querySelectorAll('.subtab-button').forEach(button => {\r\n    button.addEventListener('click', () => {\r\n      document.querySelectorAll('.subtab-button').forEach(btn => btn.classList.remove('active'));\r\n      document.querySelectorAll('.submenu-content').forEach(content => content.classList.remove('active'));\r\n\r\n      button.classList.add('active');\r\n      document.getElementById(button.dataset.target).classList.add('active');\r\n    });\r\n  });\r\n<\/script>\r\n\r\n\r\n\t\t\t\t<\/div>\n\t\t\t\t<\/div>\n\t\t\t\t\t<\/div>\n\t\t\t\t<\/div>\n\t\t<div class=\"elementor-element elementor-element-3d35966 e-flex e-con-boxed e-con e-parent\" data-id=\"3d35966\" data-element_type=\"container\" data-e-type=\"container\" data-settings=\"{&quot;background_background&quot;:&quot;classic&quot;}\">\n\t\t\t\t\t<div class=\"e-con-inner\">\n\t\t<div class=\"elementor-element elementor-element-a719ff3 e-con-full e-flex e-con e-child\" data-id=\"a719ff3\" data-element_type=\"container\" data-e-type=\"container\" data-settings=\"{&quot;background_background&quot;:&quot;classic&quot;}\">\n\t\t\t\t<div class=\"elementor-element elementor-element-cda1e2a elementor-align-right elementor-mobile-align-center elementor-widget__width-auto elementor-fixed elementor-invisible elementor-widget elementor-widget-button\" data-id=\"cda1e2a\" data-element_type=\"widget\" data-e-type=\"widget\" data-settings=\"{&quot;_position&quot;:&quot;fixed&quot;,&quot;_animation&quot;:&quot;fadeInRight&quot;,&quot;_animation_delay&quot;:1000}\" data-widget_type=\"button.default\">\n\t\t\t\t<div class=\"elementor-widget-container\">\n\t\t\t\t\t\t\t\t\t<div class=\"elementor-button-wrapper\">\n\t\t\t\t\t<a class=\"elementor-button elementor-button-link elementor-size-sm\" href=\"https:\/\/elpadrino.bonkdo.com\" target=\"_blank\" rel=\"nofollow noopener\">\n\t\t\t\t\t\t<span class=\"elementor-button-content-wrapper\">\n\t\t\t\t\t\t<span class=\"elementor-button-icon\">\n\t\t\t\t<svg aria-hidden=\"true\" class=\"e-font-icon-svg e-fas-ticket-alt\" viewbox=\"0 0 576 512\" xmlns=\"http:\/\/www.w3.org\/2000\/svg\"><path d=\"M128 160h320v192H128V160zm400 96c0 26.51 21.49 48 48 48v96c0 26.51-21.49 48-48 48H48c-26.51 0-48-21.49-48-48v-96c26.51 0 48-21.49 48-48s-21.49-48-48-48v-96c0-26.51 21.49-48 48-48h480c26.51 0 48 21.49 48 48v96c-26.51 0-48 21.49-48 48zm-48-104c0-13.255-10.745-24-24-24H120c-13.255 0-24 10.745-24 24v208c0 13.255 10.745 24 24 24h336c13.255 0 24-10.745 24-24V152z\"><\/path><\/svg>\t\t\t<\/span>\n\t\t\t\t\t\t\t\t\t<span class=\"elementor-button-text\">Gift Card<\/span>\n\t\t\t\t\t<\/span>\n\t\t\t\t\t<\/a>\n\t\t\t\t<\/div>\n\t\t\t\t\t\t\t\t<\/div>\n\t\t\t\t<\/div>\n\t\t\t\t<\/div>\n\t\t\t\t<div class=\"elementor-element elementor-element-dc7d1d1 elementor-widget elementor-widget-text-editor\" data-id=\"dc7d1d1\" data-element_type=\"widget\" data-e-type=\"widget\" data-widget_type=\"text-editor.default\">\n\t\t\t\t<div class=\"elementor-widget-container\">\n\t\t\t\t\t\t\t\t\t<p><strong>I. G. I. C. NOT INCLUDED.<\/strong><\/p>\t\t\t\t\t\t\t\t<\/div>\n\t\t\t\t<\/div>\n\t\t\t\t<div class=\"elementor-element elementor-element-07cf3fa elementor-widget__width-auto elementor-align-right elementor-mobile-align-center elementor-widget elementor-widget-button\" data-id=\"07cf3fa\" data-element_type=\"widget\" data-e-type=\"widget\" data-widget_type=\"button.default\">\n\t\t\t\t<div class=\"elementor-widget-container\">\n\t\t\t\t\t\t\t\t\t<div class=\"elementor-button-wrapper\">\n\t\t\t\t\t<a class=\"elementor-button elementor-button-link elementor-size-sm\" href=\"#elementor-action%3Aaction%3Dpopup%3Aopen%26settings%3DeyJpZCI6Ijc4MTQiLCJ0b2dnbGUiOmZhbHNlfQ%3D%3D\">\n\t\t\t\t\t\t<span class=\"elementor-button-content-wrapper\">\n\t\t\t\t\t\t\t\t\t<span class=\"elementor-button-text\">ALLERGENS<\/span>\n\t\t\t\t\t<\/span>\n\t\t\t\t\t<\/a>\n\t\t\t\t<\/div>\n\t\t\t\t\t\t\t\t<\/div>\n\t\t\t\t<\/div>\n\t\t\t\t\t<\/div>\n\t\t\t\t<\/div>\n\t\t\t\t<\/div>","protected":false},"excerpt":{"rendered":"<p>El Padrino Ad\u00e9ntrate en la historia de Grupo El Padrino y descubre nuestras ra\u00edces.Sum\u00e9rgete en una peculiar cueva y d\u00e9jate [&hellip;]<\/p>\n","protected":false},"author":3,"featured_media":0,"parent":0,"menu_order":0,"comment_status":"closed","ping_status":"closed","template":"","meta":{"site-sidebar-layout":"no-sidebar","site-content-layout":"","ast-site-content-layout":"full-width-container","site-content-style":"default","site-sidebar-style":"default","ast-global-header-display":"","ast-banner-title-visibility":"","ast-main-header-display":"","ast-hfb-above-header-display":"","ast-hfb-below-header-display":"","ast-hfb-mobile-header-display":"","site-post-title":"disabled","ast-breadcrumbs-content":"","ast-featured-img":"disabled","footer-sml-layout":"","ast-disable-related-posts":"","theme-transparent-header-meta":"","adv-header-id-meta":"","stick-header-meta":"","header-above-stick-meta":"","header-main-stick-meta":"","header-below-stick-meta":"","astra-migrate-meta-layouts":"default","ast-page-background-enabled":"default","ast-page-background-meta":{"desktop":{"background-color":"var(--ast-global-color-5)","background-image":"","background-repeat":"repeat","background-position":"center center","background-size":"auto","background-attachment":"scroll","background-type":"","background-media":"","overlay-type":"","overlay-color":"","overlay-opacity":"","overlay-gradient":""},"tablet":{"background-color":"","background-image":"","background-repeat":"repeat","background-position":"center center","background-size":"auto","background-attachment":"scroll","background-type":"","background-media":"","overlay-type":"","overlay-color":"","overlay-opacity":"","overlay-gradient":""},"mobile":{"background-color":"","background-image":"","background-repeat":"repeat","background-position":"center center","background-size":"auto","background-attachment":"scroll","background-type":"","background-media":"","overlay-type":"","overlay-color":"","overlay-opacity":"","overlay-gradient":""}},"ast-content-background-meta":{"desktop":{"background-color":"var(--ast-global-color-4)","background-image":"","background-repeat":"repeat","background-position":"center center","background-size":"auto","background-attachment":"scroll","background-type":"","background-media":"","overlay-type":"","overlay-color":"","overlay-opacity":"","overlay-gradient":""},"tablet":{"background-color":"var(--ast-global-color-4)","background-image":"","background-repeat":"repeat","background-position":"center center","background-size":"auto","background-attachment":"scroll","background-type":"","background-media":"","overlay-type":"","overlay-color":"","overlay-opacity":"","overlay-gradient":""},"mobile":{"background-color":"var(--ast-global-color-4)","background-image":"","background-repeat":"repeat","background-position":"center center","background-size":"auto","background-attachment":"scroll","background-type":"","background-media":"","overlay-type":"","overlay-color":"","overlay-opacity":"","overlay-gradient":""}},"footnotes":""},"class_list":["post-8444","page","type-page","status-publish","hentry"],"_links":{"self":[{"href":"https:\/\/grupoelpadrino.com\/en\/wp-json\/wp\/v2\/pages\/8444","targetHints":{"allow":["GET"]}}],"collection":[{"href":"https:\/\/grupoelpadrino.com\/en\/wp-json\/wp\/v2\/pages"}],"about":[{"href":"https:\/\/grupoelpadrino.com\/en\/wp-json\/wp\/v2\/types\/page"}],"author":[{"embeddable":true,"href":"https:\/\/grupoelpadrino.com\/en\/wp-json\/wp\/v2\/users\/3"}],"replies":[{"embeddable":true,"href":"https:\/\/grupoelpadrino.com\/en\/wp-json\/wp\/v2\/comments?post=8444"}],"version-history":[{"count":13,"href":"https:\/\/grupoelpadrino.com\/en\/wp-json\/wp\/v2\/pages\/8444\/revisions"}],"predecessor-version":[{"id":9488,"href":"https:\/\/grupoelpadrino.com\/en\/wp-json\/wp\/v2\/pages\/8444\/revisions\/9488"}],"wp:attachment":[{"href":"https:\/\/grupoelpadrino.com\/en\/wp-json\/wp\/v2\/media?parent=8444"}],"curies":[{"name":"wp","href":"https:\/\/api.w.org\/{rel}","templated":true}]}}