{"id":8074,"date":"2025-05-08T10:13:40","date_gmt":"2025-05-08T08:13:40","guid":{"rendered":"https:\/\/padrino.dreamify.es\/?page_id=8074"},"modified":"2025-11-15T19:00:57","modified_gmt":"2025-11-15T19:00:57","slug":"postres-san-amaro","status":"publish","type":"page","link":"https:\/\/grupoelpadrino.com\/en\/postres-san-amaro\/","title":{"rendered":"Postres San Amaro"},"content":{"rendered":"<div data-elementor-type=\"wp-page\" data-elementor-id=\"8074\" class=\"elementor elementor-8074\" data-elementor-post-type=\"page\">\n\t\t\t\t<div class=\"elementor-element elementor-element-751500ca e-flex e-con-boxed e-con e-parent\" data-id=\"751500ca\" data-element_type=\"container\" data-e-type=\"container\" data-settings=\"{&quot;background_background&quot;:&quot;classic&quot;,&quot;shape_divider_bottom&quot;:&quot;triangle&quot;,&quot;shape_divider_bottom_negative&quot;:&quot;yes&quot;}\">\n\t\t\t\t\t<div class=\"e-con-inner\">\n\t\t\t\t<div class=\"elementor-shape elementor-shape-bottom\" aria-hidden=\"true\" data-negative=\"true\">\n\t\t\t<svg xmlns=\"http:\/\/www.w3.org\/2000\/svg\" viewbox=\"0 0 1000 100\" preserveaspectratio=\"none\">\n\t<path class=\"elementor-shape-fill\" d=\"M500.2,94.7L0,0v100h1000V0L500.2,94.7z\"\/>\n<\/svg>\t\t<\/div>\n\t\t<div class=\"elementor-element elementor-element-1847065a e-con-full e-flex elementor-invisible e-con e-child\" data-id=\"1847065a\" data-element_type=\"container\" data-e-type=\"container\" data-settings=\"{&quot;background_background&quot;:&quot;classic&quot;,&quot;animation&quot;:&quot;fadeInUp&quot;,&quot;animation_mobile&quot;:&quot;none&quot;}\">\n\t\t\t\t<div class=\"elementor-element elementor-element-263db4d2 elementor-widget elementor-widget-heading\" data-id=\"263db4d2\" data-element_type=\"widget\" data-e-type=\"widget\" data-widget_type=\"heading.default\">\n\t\t\t\t<div class=\"elementor-widget-container\">\n\t\t\t\t\t<h1 class=\"elementor-heading-title elementor-size-default\">San Amaro<\/h1>\t\t\t\t<\/div>\n\t\t\t\t<\/div>\n\t\t<div class=\"elementor-element elementor-element-2352569b e-con-full e-flex e-con e-child\" data-id=\"2352569b\" data-element_type=\"container\" data-e-type=\"container\">\n\t\t\t\t<div class=\"elementor-element elementor-element-278e4c7f elementor-widget__width-auto elementor-widget elementor-widget-button\" data-id=\"278e4c7f\" data-element_type=\"widget\" data-e-type=\"widget\" data-widget_type=\"button.default\">\n\t\t\t\t<div class=\"elementor-widget-container\">\n\t\t\t\t\t\t\t\t\t<div class=\"elementor-button-wrapper\">\n\t\t\t\t\t<a class=\"elementor-button elementor-button-link elementor-size-sm\" href=\"\/en\/cartasanamaro\/menu-san-amaro\/\">\n\t\t\t\t\t\t<span class=\"elementor-button-content-wrapper\">\n\t\t\t\t\t\t\t\t\t<span class=\"elementor-button-text\">MENU<\/span>\n\t\t\t\t\t<\/span>\n\t\t\t\t\t<\/a>\n\t\t\t\t<\/div>\n\t\t\t\t\t\t\t\t<\/div>\n\t\t\t\t<\/div>\n\t\t\t\t<div class=\"elementor-element elementor-element-5be92dba elementor-widget__width-auto elementor-widget elementor-widget-button\" data-id=\"5be92dba\" data-element_type=\"widget\" data-e-type=\"widget\" data-widget_type=\"button.default\">\n\t\t\t\t<div class=\"elementor-widget-container\">\n\t\t\t\t\t\t\t\t\t<div class=\"elementor-button-wrapper\">\n\t\t\t\t\t<a class=\"elementor-button elementor-button-link elementor-size-sm\" href=\"\/en\/reserva-san-amaro\/\">\n\t\t\t\t\t\t<span class=\"elementor-button-content-wrapper\">\n\t\t\t\t\t\t\t\t\t<span class=\"elementor-button-text\">RESERVE<\/span>\n\t\t\t\t\t<\/span>\n\t\t\t\t\t<\/a>\n\t\t\t\t<\/div>\n\t\t\t\t\t\t\t\t<\/div>\n\t\t\t\t<\/div>\n\t\t\t\t<\/div>\n\t\t\t\t<\/div>\n\t\t\t\t\t<\/div>\n\t\t\t\t<\/div>\n\t\t<div class=\"elementor-element elementor-element-3338f80c e-flex e-con-boxed e-con e-parent\" data-id=\"3338f80c\" data-element_type=\"container\" data-e-type=\"container\" data-settings=\"{&quot;background_background&quot;:&quot;classic&quot;}\">\n\t\t\t\t\t<div class=\"e-con-inner\">\n\t\t<div class=\"elementor-element elementor-element-77d29989 e-con-full e-flex e-con e-child\" data-id=\"77d29989\" data-element_type=\"container\" data-e-type=\"container\">\n\t\t\t\t<div class=\"elementor-element elementor-element-1ed6f6f0 elementor-widget elementor-widget-heading\" data-id=\"1ed6f6f0\" data-element_type=\"widget\" data-e-type=\"widget\" data-widget_type=\"heading.default\">\n\t\t\t\t<div class=\"elementor-widget-container\">\n\t\t\t\t\t<h2 class=\"elementor-heading-title elementor-size-default\">Menu San Amaro<\/h2>\t\t\t\t<\/div>\n\t\t\t\t<\/div>\n\t\t\t\t<\/div>\n\t\t\t\t\t<\/div>\n\t\t\t\t<\/div>\n\t\t<div class=\"elementor-element elementor-element-d28cc44 e-flex e-con-boxed e-con e-parent\" data-id=\"d28cc44\" data-element_type=\"container\" data-e-type=\"container\" data-settings=\"{&quot;background_background&quot;:&quot;classic&quot;}\">\n\t\t\t\t\t<div class=\"e-con-inner\">\n\t\t\t\t<div class=\"elementor-element elementor-element-1bff75c elementor-widget elementor-widget-html\" data-id=\"1bff75c\" data-element_type=\"widget\" data-e-type=\"widget\" data-widget_type=\"html.default\">\n\t\t\t\t<div class=\"elementor-widget-container\">\n\t\t\t\t\t<style>\r\n  .menu-container {\r\n    font-family: Arial, sans-serif;\r\n    max-width: 1200px;\r\n    margin: auto;\r\n    background-color: white;\r\n    padding: 2rem;\r\n    border-radius: 10px;\r\n  }\r\n\r\n  .menu-tabs, .submenu-tabs {\r\n    display: flex;\r\n    flex-wrap: wrap;\r\n    gap: 0.5rem;\r\n    margin-bottom: 1rem;\r\n    justify-content: center;\r\n  }\r\n\r\n  .tab-button, .subtab-button {\r\n    padding: 18px 15px;\r\n    cursor: pointer;\r\n    background: #000;\r\n    color: #fff;\r\n    font-weight: 600;\r\n    font-size: 15px;\r\n    border: none;\r\n    border-radius: 5px;\r\n  }\r\n\r\n  .tab-button.active, .subtab-button.active {\r\n    background: #FFF;\r\n    color: #000;\r\n    font-weight: bold;\r\n  }\r\n  \r\n  .tab-button:hover{\r\n      color:#b28e65;\r\n  }\r\n\r\n  .subtab-button {\r\n    background: #B1B1B1;\r\n    color: #000;\r\n    transition: background-color 0.3s ease;\r\n  }\r\n\r\n  .subtab-button.active {\r\n    background: #fff;\r\n    color: #000;\r\n  }\r\n\r\n  .menu-content, .submenu-content {\r\n    display: none;\r\n  }\r\n\r\n  .menu-content.active, .submenu-content.active {\r\n    display: block;\r\n  }\r\n\r\n  .dish-list {\r\n    list-style: none;\r\n    padding: 0;\r\n    margin: 0;\r\n  }\r\n\r\n  .dish-item {\r\n    margin-bottom: 1rem;\r\n    padding: 1rem;\r\n    border-radius: 8px;\r\n  }\r\n\r\n  .dish-title-price {\r\n    display: flex;\r\n    justify-content: space-between;\r\n    align-items: center;\r\n\r\n    max-width: 800px;\r\n    margin: 0 auto;\r\n  }\r\n\r\n  .dish-info {\r\n    display: flex;\r\n    \/*align-items: center;*\/\r\n    gap: 1rem;\r\n    flex-wrap: wrap;\r\n  }\r\n\r\n  .price {\r\n    font-weight: bold;\r\n    white-space: nowrap;\r\n    margin-left: 1rem;\r\n  }\r\n\r\n  .allergens {\r\n    display: flex;\r\n    gap: 6px;\r\n    flex-wrap: wrap;\r\n  }\r\n\r\n  .allergens i {\r\n    font-size: 22px;\r\n    color: #333;\r\n  }\r\n\r\n  @media (max-width: 768px) {\r\n    .dish-title-price {\r\n      flex-direction: column;\r\n      align-items: center;\r\n      text-align: center;\r\n    }\r\n\r\n    .dish-info {\r\n      flex-direction: column;\r\n      align-items: center;\r\n      gap: 0.5rem;\r\n    }\r\n\r\n    .allergens {\r\n      justify-content: center;\r\n      gap: 4px;\r\n    }\r\n    \r\n    .price {\r\n    margin-left: 0;\r\n  }\r\n  .tab-button,\r\n    .subtab-button {\r\n    font-size: 13px;\r\n    font-weight: 400;\r\n}\r\n.menu-container {\r\n    padding:10px;\r\n}\r\n\r\n  }\r\n<\/style>\r\n<div class=\"menu-container\">\r\n  <!-- Men\u00fa principal -->\r\n  <div class=\"menu-tabs\">\r\n    <a href=\"\/en\/menu-san-amaro\/\" class=\"tab-button\">MENU<\/a>\r\n    <a href=\"\/en\/fuera-de-carta-san-amaro\/\" class=\"tab-button\">RECOMMENDATIONS<\/a>\r\n    <a href=\"\/en\/bebidas-san-amaro\/\" class=\"tab-button\">DRINKS<\/a>\r\n    <a href=\"\/en\/cervezas-y-cocktails-san-amaro\/\" class=\"tab-button\">BEERS AND COCKTAILS<\/a>\r\n    <a href=\"\/en\/vinos-san-amaro\/\" class=\"tab-button\">WINES<\/a>\r\n    <button class=\"tab-button active\" data-target=\"menu\">DESSERTS<\/button>\r\n<\/div>\r\n\r\n  <!-- Contenido de MEN\u00da -->\r\n  <div class=\"menu-content active\" id=\"menu\">\r\n    <div class=\"submenu-tabs\">\r\n      <button class=\"subtab-button active\" data-target=\"postres\">DESSERTS<\/button>\r\n      <button class=\"subtab-button\" data-target=\"helados\">ICE CREAM<\/button>\r\n      <button class=\"subtab-button\" data-target=\"cafe\">COFFEE<\/button>\r\n     \r\n    <\/div>\r\n\r\n    <!-- Subcontenidos -->\r\n    <div class=\"submenu-content active\" id=\"postres\">\r\n        <ul class=\"dish-list\">\r\n   <li class=\"dish-item\">\r\n    <div class=\"dish-title-price\">\r\n      <div class=\"dish-info\">\r\n        <strong>Tiramis\u00fa cl\u00e1sico<\/strong>\r\n        <div class=\"allergens\">\r\n          <i class=\"icon icon-leche\"><\/i>\r\n          <i class=\"icon icon-huevo\"><\/i>\r\n          <i class=\"icon icon-gluten\"><\/i>\r\n        <\/div>\r\n      <\/div>\r\n      <span class=\"price\">5,00 \u20ac<\/span>\r\n    <\/div>\r\n  <\/li>\r\n  <li class=\"dish-item\">\r\n    <div class=\"dish-title-price\">\r\n      <div class=\"dish-info\">\r\n        <strong>Cremoso de chocolate con mus de queso y pi\u00f1a tropical<\/strong>\r\n        <div class=\"allergens\">\r\n          <i class=\"icon icon-leche\"><\/i>\r\n          <i class=\"icon icon-huevo\"><\/i>\r\n          <i class=\"icon icon-gluten\"><\/i>\r\n        <\/div>\r\n      <\/div>\r\n      <span class=\"price\">5,00 \u20ac<\/span>\r\n    <\/div>\r\n  <\/li>\r\n  <li class=\"dish-item\">\r\n    <div class=\"dish-title-price\">\r\n      <div class=\"dish-info\">\r\n        <strong>Brownie con helado vainilla<\/strong>\r\n        <div class=\"allergens\">\r\n          <i class=\"icon icon-leche\"><\/i>\r\n          <i class=\"icon icon-huevo\"><\/i>\r\n          <i class=\"icon icon-gluten\"><\/i>\r\n          <i class=\"icon icon-frutos-secos\"><\/i>\r\n        <\/div>\r\n      <\/div>\r\n      <span class=\"price\">6,90 \u20ac<\/span>\r\n    <\/div>\r\n  <\/li>\r\n  \r\n<\/ul>\r\n    <\/div>\r\n    <div class=\"submenu-content\" id=\"helados\">\r\n    <ul class=\"dish-list\">\r\n  <li class=\"dish-item\">\r\n    <div class=\"dish-title-price\">\r\n      <div class=\"dish-info\">\r\n        <strong>Lemon sorbet<\/strong>\r\n        <div class=\"allergens\">\r\n          <i class=\"icon icon-huevo\"><\/i>\r\n          <i class=\"icon icon-leche\"><\/i>\r\n        <\/div>\r\n      <\/div>\r\n      <span class=\"price\">6,00 \u20ac<\/span>\r\n    <\/div>\r\n  <\/li>\r\n  <li class=\"dish-item\">\r\n    <div class=\"dish-title-price\">\r\n      <div class=\"dish-info\">\r\n        <strong>Sundae nueces<\/strong> Vanilla ice cream, nuts, caramel and whipped cream\r\n        <div class=\"allergens\">\r\n          <i class=\"icon icon-gluten\"><\/i>\r\n          <i class=\"icon icon-huevo\"><\/i>\r\n          <i class=\"icon icon-leche\"><\/i>\r\n          <i class=\"icon icon-frutos-secos\"><\/i>\r\n        <\/div>\r\n      <\/div>\r\n      <span class=\"price\">6,25 \u20ac<\/span>\r\n    <\/div>\r\n  <\/li>\r\n  <li class=\"dish-item\">\r\n    <div class=\"dish-title-price\">\r\n      <div class=\"dish-info\">\r\n        <strong>Scoop of ice cream<\/strong>\r\n        <div class=\"allergens\">\r\n          <i class=\"icon icon-gluten\"><\/i>\r\n          <i class=\"icon icon-huevo\"><\/i>\r\n          <i class=\"icon icon-leche\"><\/i>\r\n        <\/div>\r\n      <\/div>\r\n      <span class=\"price\">2,50 \u20ac<\/span>\r\n    <\/div>\r\n  <\/li>\r\n<\/ul>\r\n\r\n    <\/div>\r\n    <div class=\"submenu-content\" id=\"cafe\">\r\n      <ul class=\"dish-list\">\r\n   <li class=\"dish-item\">\r\n    <div class=\"dish-title-price\">\r\n      <div class=\"dish-info\">\r\n        <strong>Coffee ice cream<\/strong> Vanilla ice cream, coffee and cream\r\n        <div class=\"allergens\">\r\n          <i class=\"icon icon-huevo\"><\/i>\r\n          <i class=\"icon icon-leche\"><\/i>\r\n        <\/div>\r\n      <\/div>\r\n      <span class=\"price\">5,75 \u20ac<\/span>\r\n    <\/div>\r\n  <\/li>\r\n  <li class=\"dish-item\">\r\n    <div class=\"dish-title-price\">\r\n      <div class=\"dish-info\">\r\n        <strong>Irish Coffee<\/strong> Coffee, whiskey and cream\r\n        <div class=\"allergens\">\r\n          <i class=\"icon icon-leche\"><\/i>\r\n        <\/div>\r\n      <\/div>\r\n      <span class=\"price\">6,40 \u20ac<\/span>\r\n    <\/div>\r\n  <\/li>\r\n  <li class=\"dish-item\">\r\n    <div class=\"dish-title-price\">\r\n      <div class=\"dish-info\">\r\n        <strong>Lumumba<\/strong> Brandy, chocolate and cream\r\n        <div class=\"allergens\">\r\n          <i class=\"icon icon-leche\"><\/i>\r\n          <i class=\"icon icon-frutos-secos\"><\/i>\r\n        <\/div>\r\n      <\/div>\r\n      <span class=\"price\">5,25 \u20ac<\/span>\r\n    <\/div>\r\n  <\/li>\r\n  <li class=\"dish-item\">\r\n    <div class=\"dish-title-price\">\r\n      <div class=\"dish-info\">\r\n        <strong>Cafe Calypso<\/strong> Coffee, tia Maria and cream\r\n        <div class=\"allergens\">\r\n          <i class=\"icon icon-leche\"><\/i>\r\n        <\/div>\r\n      <\/div>\r\n      <span class=\"price\">5,25 \u20ac<\/span>\r\n    <\/div>\r\n  <\/li>\r\n  <li class=\"dish-item\">\r\n    <div class=\"dish-title-price\">\r\n      <div class=\"dish-info\">\r\n        <strong>Ice Chocolate<\/strong> Vanilla ice cream, chocolate, cold, and whipped cream\r\n        <div class=\"allergens\">\r\n          <i class=\"icon icon-huevo\"><\/i>\r\n          <i class=\"icon icon-leche\"><\/i>\r\n          <i class=\"icon icon-frutos-secos\"><\/i>\r\n        <\/div>\r\n      <\/div>\r\n      <span class=\"price\">4,90 \u20ac<\/span>\r\n    <\/div>\r\n  <\/li>\r\n<\/ul>\r\n\r\n    <\/div>\r\n  <\/div>\r\n  \r\n<\/div>\r\n\r\n<script>\r\n  \/\/ Cambiar entre pesta\u00f1as principales (solo MEN\u00da activa contenido)\r\n  document.querySelectorAll('.tab-button').forEach(button => {\r\n    button.addEventListener('click', e => {\r\n      if (button.dataset.target !== \"menu\") return; \/\/ solo men\u00fa tiene contenido\r\n      document.querySelectorAll('.tab-button').forEach(btn => btn.classList.remove('active'));\r\n      document.querySelectorAll('.menu-content').forEach(content => content.classList.remove('active'));\r\n\r\n      button.classList.add('active');\r\n      document.getElementById(button.dataset.target).classList.add('active');\r\n    });\r\n  });\r\n\r\n  \/\/ Submen\u00fa dentro de MEN\u00da\r\n  document.querySelectorAll('.subtab-button').forEach(button => {\r\n    button.addEventListener('click', () => {\r\n      document.querySelectorAll('.subtab-button').forEach(btn => btn.classList.remove('active'));\r\n      document.querySelectorAll('.submenu-content').forEach(content => content.classList.remove('active'));\r\n\r\n      button.classList.add('active');\r\n      document.getElementById(button.dataset.target).classList.add('active');\r\n    });\r\n  });\r\n<\/script>\r\n\t\t\t\t<\/div>\n\t\t\t\t<\/div>\n\t\t\t\t\t<\/div>\n\t\t\t\t<\/div>\n\t\t<div class=\"elementor-element elementor-element-7927c6b5 e-flex e-con-boxed e-con e-parent\" data-id=\"7927c6b5\" data-element_type=\"container\" data-e-type=\"container\" data-settings=\"{&quot;background_background&quot;:&quot;classic&quot;}\">\n\t\t\t\t\t<div class=\"e-con-inner\">\n\t\t\t\t<div class=\"elementor-element elementor-element-654d8d2d elementor-widget elementor-widget-text-editor\" data-id=\"654d8d2d\" data-element_type=\"widget\" data-e-type=\"widget\" data-widget_type=\"text-editor.default\">\n\t\t\t\t<div class=\"elementor-widget-container\">\n\t\t\t\t\t\t\t\t\t<p><strong>I. G. I. C. NOT INCLUDED.<\/strong><\/p>\t\t\t\t\t\t\t\t<\/div>\n\t\t\t\t<\/div>\n\t\t\t\t<div class=\"elementor-element elementor-element-735bc5f2 elementor-widget__width-auto elementor-align-right elementor-widget elementor-widget-button\" data-id=\"735bc5f2\" data-element_type=\"widget\" data-e-type=\"widget\" data-widget_type=\"button.default\">\n\t\t\t\t<div class=\"elementor-widget-container\">\n\t\t\t\t\t\t\t\t\t<div class=\"elementor-button-wrapper\">\n\t\t\t\t\t<a class=\"elementor-button elementor-button-link elementor-size-sm\" href=\"#elementor-action%3Aaction%3Dpopup%3Aopen%26settings%3DeyJpZCI6Ijc4MTQiLCJ0b2dnbGUiOmZhbHNlfQ%3D%3D\">\n\t\t\t\t\t\t<span class=\"elementor-button-content-wrapper\">\n\t\t\t\t\t\t\t\t\t<span class=\"elementor-button-text\">ALLERGENS<\/span>\n\t\t\t\t\t<\/span>\n\t\t\t\t\t<\/a>\n\t\t\t\t<\/div>\n\t\t\t\t\t\t\t\t<\/div>\n\t\t\t\t<\/div>\n\t\t\t\t\t<\/div>\n\t\t\t\t<\/div>\n\t\t\t\t<\/div>","protected":false},"excerpt":{"rendered":"<p>San Amaro CARTA RESERVAR Carta San Amaro MEN\u00da FUERA DE CARTA BEBIDAS CERVEZAS Y C\u00d3CTELES VINOS POSTRES POSTRES HELADOS CAF\u00c9 [&hellip;]<\/p>\n","protected":false},"author":3,"featured_media":0,"parent":0,"menu_order":0,"comment_status":"closed","ping_status":"closed","template":"","meta":{"site-sidebar-layout":"no-sidebar","site-content-layout":"","ast-site-content-layout":"full-width-container","site-content-style":"default","site-sidebar-style":"default","ast-global-header-display":"","ast-banner-title-visibility":"","ast-main-header-display":"","ast-hfb-above-header-display":"","ast-hfb-below-header-display":"","ast-hfb-mobile-header-display":"","site-post-title":"","ast-breadcrumbs-content":"","ast-featured-img":"disabled","footer-sml-layout":"","ast-disable-related-posts":"","theme-transparent-header-meta":"","adv-header-id-meta":"","stick-header-meta":"","header-above-stick-meta":"","header-main-stick-meta":"","header-below-stick-meta":"","astra-migrate-meta-layouts":"default","ast-page-background-enabled":"default","ast-page-background-meta":{"desktop":{"background-color":"var(--ast-global-color-5)","background-image":"","background-repeat":"repeat","background-position":"center center","background-size":"auto","background-attachment":"scroll","background-type":"","background-media":"","overlay-type":"","overlay-color":"","overlay-opacity":"","overlay-gradient":""},"tablet":{"background-color":"","background-image":"","background-repeat":"repeat","background-position":"center center","background-size":"auto","background-attachment":"scroll","background-type":"","background-media":"","overlay-type":"","overlay-color":"","overlay-opacity":"","overlay-gradient":""},"mobile":{"background-color":"","background-image":"","background-repeat":"repeat","background-position":"center center","background-size":"auto","background-attachment":"scroll","background-type":"","background-media":"","overlay-type":"","overlay-color":"","overlay-opacity":"","overlay-gradient":""}},"ast-content-background-meta":{"desktop":{"background-color":"var(--ast-global-color-4)","background-image":"","background-repeat":"repeat","background-position":"center center","background-size":"auto","background-attachment":"scroll","background-type":"","background-media":"","overlay-type":"","overlay-color":"","overlay-opacity":"","overlay-gradient":""},"tablet":{"background-color":"var(--ast-global-color-4)","background-image":"","background-repeat":"repeat","background-position":"center center","background-size":"auto","background-attachment":"scroll","background-type":"","background-media":"","overlay-type":"","overlay-color":"","overlay-opacity":"","overlay-gradient":""},"mobile":{"background-color":"var(--ast-global-color-4)","background-image":"","background-repeat":"repeat","background-position":"center center","background-size":"auto","background-attachment":"scroll","background-type":"","background-media":"","overlay-type":"","overlay-color":"","overlay-opacity":"","overlay-gradient":""}},"footnotes":""},"class_list":["post-8074","page","type-page","status-publish","hentry"],"_links":{"self":[{"href":"https:\/\/grupoelpadrino.com\/en\/wp-json\/wp\/v2\/pages\/8074","targetHints":{"allow":["GET"]}}],"collection":[{"href":"https:\/\/grupoelpadrino.com\/en\/wp-json\/wp\/v2\/pages"}],"about":[{"href":"https:\/\/grupoelpadrino.com\/en\/wp-json\/wp\/v2\/types\/page"}],"author":[{"embeddable":true,"href":"https:\/\/grupoelpadrino.com\/en\/wp-json\/wp\/v2\/users\/3"}],"replies":[{"embeddable":true,"href":"https:\/\/grupoelpadrino.com\/en\/wp-json\/wp\/v2\/comments?post=8074"}],"version-history":[{"count":43,"href":"https:\/\/grupoelpadrino.com\/en\/wp-json\/wp\/v2\/pages\/8074\/revisions"}],"predecessor-version":[{"id":11169,"href":"https:\/\/grupoelpadrino.com\/en\/wp-json\/wp\/v2\/pages\/8074\/revisions\/11169"}],"wp:attachment":[{"href":"https:\/\/grupoelpadrino.com\/en\/wp-json\/wp\/v2\/media?parent=8074"}],"curies":[{"name":"wp","href":"https:\/\/api.w.org\/{rel}","templated":true}]}}