{"id":7801,"date":"2025-04-22T12:21:56","date_gmt":"2025-04-22T10:21:56","guid":{"rendered":"http:\/\/localhost\/grupo-padrino\/?page_id=7801"},"modified":"2025-04-22T12:22:36","modified_gmt":"2025-04-22T10:22:36","slug":"politica-de-privacidad","status":"publish","type":"page","link":"https:\/\/grupoelpadrino.com\/en\/politica-de-privacidad\/","title":{"rendered":"Privacy policy"},"content":{"rendered":"<div data-elementor-type=\"wp-page\" data-elementor-id=\"7801\" class=\"elementor elementor-7801\" data-elementor-post-type=\"page\">\n\t\t\t\t<div class=\"elementor-element elementor-element-0f76967 e-flex e-con-boxed e-con e-parent\" data-id=\"0f76967\" data-element_type=\"container\" data-e-type=\"container\">\n\t\t\t\t\t<div class=\"e-con-inner\">\n\t\t\t\t<div class=\"elementor-element elementor-element-02b4140 elementor-widget elementor-widget-heading\" data-id=\"02b4140\" data-element_type=\"widget\" data-e-type=\"widget\" data-widget_type=\"heading.default\">\n\t\t\t\t<div class=\"elementor-widget-container\">\n\t\t\t\t\t<h2 class=\"elementor-heading-title elementor-size-default\">Privacy policy<\/h2>\t\t\t\t<\/div>\n\t\t\t\t<\/div>\n\t\t\t\t<div class=\"elementor-element elementor-element-18c210f elementor-widget elementor-widget-text-editor\" data-id=\"18c210f\" data-element_type=\"widget\" data-e-type=\"widget\" data-widget_type=\"text-editor.default\">\n\t\t\t\t<div class=\"elementor-widget-container\">\n\t\t\t\t\t\t\t\t\t<p>THE GODFATHER INVESTMENTS SL is committed to ensuring that your privacy is protected. This privacy policy explains how we use the personal information we collect through our website and other digital channels, in compliance with the General Regulation of Data Protection (RGPD) (EU 2016\/679) and the Organic Act 3\/2018, on Personal Data Protection and guarantee of digital rights (LOPDGDD).<\/p><h4 class=\"wp-block-heading\">Responsible for the Data Processing<\/h4><ul><li><strong>Responsible<\/strong>: THE GODFATHER INVESTMENTS SL<\/li><li><strong>NIF<\/strong>: B67796268<\/li><li><strong>Registered address<\/strong>: AV CRISTOBAL COLON 14 PUERTO DE LA CRUZ 38400<\/li><li><strong>E-mail<\/strong>:\u00a0<a class=\"css-1rn59kg\" title=\"mailto:INFO@GRUPOELPADRINO.COM\" href=\"mailto:INFO@GRUPOELPADRINO.COM\" data-testid=\"link-with-safety\" data-renderer-mark=\"true\">INFO@GRUPOELPADRINO.COM<\/a><\/li><\/ul><h4>What information we collect<\/h4><p>We may collect the following personal information:<\/p><ul><li>Name and surname<\/li><li>Contact information including email address and phone number<\/li><li>Demographic information such as postcode, preferences and interests<\/li><li>Technical information such as IP address, browser type, and browsing data (cookies)<\/li><\/ul><h4>Purpose of the Data Processing<\/h4><p>We collect this information to provide better services and, in particular, for the following reasons:<\/p><ul><li><strong>Management consultations<\/strong>: To respond to questions, requests, or provide information.<\/li><li><strong>Improvement of our products and services<\/strong>: We use the data for internal analysis.<\/li><li><strong>Commercial communications<\/strong>: With your express consent, we may send you promotional information about products, services or events that we believe may be of interest to you.<\/li><li><strong>Compliance with legal obligations.<\/strong>: When necessary, we will process your data in order to comply with our legal obligations.<\/li><\/ul><h4>Legitimation for the Treatment of the Data<\/h4><p>The legal basis for the processing of your data is the\u00a0<strong>explicit consent<\/strong>\u00a0provided by you when you accept this privacy policy and by providing us with your personal information.<\/p><h4>Rights of Users<\/h4><p>As a holder of personal data, you have the right to:<\/p><ul><li><strong>Access<\/strong>\u00a0your personal data.<\/li><li><strong>Rectify<\/strong>\u00a0any incorrect or incomplete.<\/li><li><strong>To request the deletion<\/strong>\u00a0of your data when no longer needed for the purposes for which they were collected.<\/li><li><strong>Limit the treatment<\/strong>\u00a0your data under certain circumstances.<\/li><li><strong>Oppose<\/strong>\u00a0the processing of your data for marketing purposes.<\/li><li><strong>Strip<\/strong>\u00a0their data to another responsible when technically possible.<\/li><\/ul><p>You can exercise these rights by sending an e-mail to\u00a0<a class=\"css-1rn59kg\" title=\"mailto:INFO@GRUPOELPADRINO.COM\" href=\"mailto:INFO@GRUPOELPADRINO.COM\" data-testid=\"link-with-safety\" data-renderer-mark=\"true\">INFO@GRUPOELPADRINO.COM<\/a>\u00a0or by mail at our address listed above. In all cases, you must include a copy of your identity document to verify your identity.<\/p><h4>Security of Data<\/h4><p>THE GODFATHER INVESTMENTS SL is committed to ensuring that your information is secure. To prevent unauthorized access or disclosure of your personal data, we have security measures in place physical, electronic, and administrative action.<\/p><h4>Use of Cookies<\/h4><p>Our website uses cookies to collect technical information and enhance your user experience. For more details on how we use the cookies, please refer to our\u00a0<strong>Cookie policy<\/strong>.<\/p><h4>Retention of Data<\/h4><p>Your personal data will be kept as long as there is a business relationship or until you request its suppression by the interested party, provided in compliance with the time limits set by the regulations in force.<\/p><h4>Changes in the Privacy Policy<\/h4><p>THE GODFATHER INVESTMENTS SL reserves the right to modify this privacy policy at any time. Any change will be communicated through this website.<\/p><h4>Contact<\/h4><p>If you have any questions about this privacy policy or about how we handle your personal data, you can contact with us through\u00a0<a class=\"css-1rn59kg\" title=\"mailto:INFO@GRUPOELPADRINO.COM\" href=\"mailto:INFO@GRUPOELPADRINO.COM\" data-testid=\"link-with-safety\" data-renderer-mark=\"true\">INFO@GRUPOELPADRINO.COM<\/a>.<\/p>\t\t\t\t\t\t\t\t<\/div>\n\t\t\t\t<\/div>\n\t\t\t\t\t<\/div>\n\t\t\t\t<\/div>\n\t\t\t\t<\/div>","protected":false},"excerpt":{"rendered":"<p>Pol\u00edtica de Privacidad EL PADRINO INVERSIONES SL se compromete a garantizar que su privacidad est\u00e9 protegida. Esta pol\u00edtica de privacidad [&hellip;]<\/p>\n","protected":false},"author":3,"featured_media":0,"parent":0,"menu_order":0,"comment_status":"closed","ping_status":"closed","template":"","meta":{"site-sidebar-layout":"no-sidebar","site-content-layout":"","ast-site-content-layout":"full-width-container","site-content-style":"default","site-sidebar-style":"default","ast-global-header-display":"","ast-banner-title-visibility":"","ast-main-header-display":"","ast-hfb-above-header-display":"","ast-hfb-below-header-display":"","ast-hfb-mobile-header-display":"","site-post-title":"disabled","ast-breadcrumbs-content":"","ast-featured-img":"disabled","footer-sml-layout":"","ast-disable-related-posts":"","theme-transparent-header-meta":"","adv-header-id-meta":"","stick-header-meta":"","header-above-stick-meta":"","header-main-stick-meta":"","header-below-stick-meta":"","astra-migrate-meta-layouts":"default","ast-page-background-enabled":"default","ast-page-background-meta":{"desktop":{"background-color":"var(--ast-global-color-5)","background-image":"","background-repeat":"repeat","background-position":"center center","background-size":"auto","background-attachment":"scroll","background-type":"","background-media":"","overlay-type":"","overlay-color":"","overlay-opacity":"","overlay-gradient":""},"tablet":{"background-color":"","background-image":"","background-repeat":"repeat","background-position":"center center","background-size":"auto","background-attachment":"scroll","background-type":"","background-media":"","overlay-type":"","overlay-color":"","overlay-opacity":"","overlay-gradient":""},"mobile":{"background-color":"","background-image":"","background-repeat":"repeat","background-position":"center center","background-size":"auto","background-attachment":"scroll","background-type":"","background-media":"","overlay-type":"","overlay-color":"","overlay-opacity":"","overlay-gradient":""}},"ast-content-background-meta":{"desktop":{"background-color":"var(--ast-global-color-4)","background-image":"","background-repeat":"repeat","background-position":"center center","background-size":"auto","background-attachment":"scroll","background-type":"","background-media":"","overlay-type":"","overlay-color":"","overlay-opacity":"","overlay-gradient":""},"tablet":{"background-color":"var(--ast-global-color-4)","background-image":"","background-repeat":"repeat","background-position":"center center","background-size":"auto","background-attachment":"scroll","background-type":"","background-media":"","overlay-type":"","overlay-color":"","overlay-opacity":"","overlay-gradient":""},"mobile":{"background-color":"var(--ast-global-color-4)","background-image":"","background-repeat":"repeat","background-position":"center center","background-size":"auto","background-attachment":"scroll","background-type":"","background-media":"","overlay-type":"","overlay-color":"","overlay-opacity":"","overlay-gradient":""}},"footnotes":""},"class_list":["post-7801","page","type-page","status-publish","hentry"],"_links":{"self":[{"href":"https:\/\/grupoelpadrino.com\/en\/wp-json\/wp\/v2\/pages\/7801","targetHints":{"allow":["GET"]}}],"collection":[{"href":"https:\/\/grupoelpadrino.com\/en\/wp-json\/wp\/v2\/pages"}],"about":[{"href":"https:\/\/grupoelpadrino.com\/en\/wp-json\/wp\/v2\/types\/page"}],"author":[{"embeddable":true,"href":"https:\/\/grupoelpadrino.com\/en\/wp-json\/wp\/v2\/users\/3"}],"replies":[{"embeddable":true,"href":"https:\/\/grupoelpadrino.com\/en\/wp-json\/wp\/v2\/comments?post=7801"}],"version-history":[{"count":7,"href":"https:\/\/grupoelpadrino.com\/en\/wp-json\/wp\/v2\/pages\/7801\/revisions"}],"predecessor-version":[{"id":7808,"href":"https:\/\/grupoelpadrino.com\/en\/wp-json\/wp\/v2\/pages\/7801\/revisions\/7808"}],"wp:attachment":[{"href":"https:\/\/grupoelpadrino.com\/en\/wp-json\/wp\/v2\/media?parent=7801"}],"curies":[{"name":"wp","href":"https:\/\/api.w.org\/{rel}","templated":true}]}}