{"id":10539,"date":"2025-10-11T11:54:49","date_gmt":"2025-10-11T10:54:49","guid":{"rendered":"https:\/\/grupoelpadrino.com\/producto\/daiquiri-frozen-ron-azucar-limon-sabores-fresa-maracuya-mango\/"},"modified":"2026-02-16T08:54:36","modified_gmt":"2026-02-16T08:54:36","slug":"daiquiri-frozen-ron-azucar-limon-sabores-fresa-maracuya-mango","status":"publish","type":"product","link":"https:\/\/grupoelpadrino.com\/de\/product\/daiquiri-frozen-ron-azucar-limon-sabores-fresa-maracuya-mango\/","title":{"rendered":"DAIQUIRI FROZEN"},"content":{"rendered":"","protected":false},"excerpt":{"rendered":"<p>(Ron, az\u00facar, lim\u00f3n. Sabores: Fresa, Maracuy\u00e1, Mango)<\/p>","protected":false},"featured_media":0,"comment_status":"closed","ping_status":"open","template":"","meta":{"site-sidebar-layout":"default","site-content-layout":"","ast-site-content-layout":"default","site-content-style":"default","site-sidebar-style":"default","ast-global-header-display":"","ast-banner-title-visibility":"","ast-main-header-display":"","ast-hfb-above-header-display":"","ast-hfb-below-header-display":"","ast-hfb-mobile-header-display":"","site-post-title":"","ast-breadcrumbs-content":"","ast-featured-img":"","footer-sml-layout":"","ast-disable-related-posts":"","theme-transparent-header-meta":"","adv-header-id-meta":"","stick-header-meta":"","header-above-stick-meta":"","header-main-stick-meta":"","header-below-stick-meta":"","astra-migrate-meta-layouts":"default","ast-page-background-enabled":"default","ast-page-background-meta":{"desktop":{"background-color":"var(--ast-global-color-5)","background-image":"","background-repeat":"repeat","background-position":"center center","background-size":"auto","background-attachment":"scroll","background-type":"","background-media":"","overlay-type":"","overlay-color":"","overlay-opacity":"","overlay-gradient":""},"tablet":{"background-color":"","background-image":"","background-repeat":"repeat","background-position":"center center","background-size":"auto","background-attachment":"scroll","background-type":"","background-media":"","overlay-type":"","overlay-color":"","overlay-opacity":"","overlay-gradient":""},"mobile":{"background-color":"","background-image":"","background-repeat":"repeat","background-position":"center center","background-size":"auto","background-attachment":"scroll","background-type":"","background-media":"","overlay-type":"","overlay-color":"","overlay-opacity":"","overlay-gradient":""}},"ast-content-background-meta":{"desktop":{"background-color":"var(--ast-global-color-4)","background-image":"","background-repeat":"repeat","background-position":"center center","background-size":"auto","background-attachment":"scroll","background-type":"","background-media":"","overlay-type":"","overlay-color":"","overlay-opacity":"","overlay-gradient":""},"tablet":{"background-color":"var(--ast-global-color-4)","background-image":"","background-repeat":"repeat","background-position":"center center","background-size":"auto","background-attachment":"scroll","background-type":"","background-media":"","overlay-type":"","overlay-color":"","overlay-opacity":"","overlay-gradient":""},"mobile":{"background-color":"var(--ast-global-color-4)","background-image":"","background-repeat":"repeat","background-position":"center center","background-size":"auto","background-attachment":"scroll","background-type":"","background-media":"","overlay-type":"","overlay-color":"","overlay-opacity":"","overlay-gradient":""}}},"product_brand":[],"product_cat":[24,26],"product_tag":[],"restaurantes":[137],"alergenos":[],"class_list":{"0":"post-10539","1":"product","2":"type-product","3":"status-publish","5":"product_cat-cervezas-y-cocteles","6":"product_cat-cocteles","7":"restaurantes-la-cazuela","8":"desktop-align-left","9":"tablet-align-left","10":"mobile-align-left","11":"ast-product-gallery-layout-horizontal-slider","12":"ast-product-gallery-with-no-image","13":"ast-product-tabs-layout-horizontal","15":"first","16":"instock","17":"virtual","18":"purchasable","19":"product-type-simple"},"_links":{"self":[{"href":"https:\/\/grupoelpadrino.com\/de\/wp-json\/wp\/v2\/product\/10539","targetHints":{"allow":["GET"]}}],"collection":[{"href":"https:\/\/grupoelpadrino.com\/de\/wp-json\/wp\/v2\/product"}],"about":[{"href":"https:\/\/grupoelpadrino.com\/de\/wp-json\/wp\/v2\/types\/product"}],"replies":[{"embeddable":true,"href":"https:\/\/grupoelpadrino.com\/de\/wp-json\/wp\/v2\/comments?post=10539"}],"wp:attachment":[{"href":"https:\/\/grupoelpadrino.com\/de\/wp-json\/wp\/v2\/media?parent=10539"}],"wp:term":[{"taxonomy":"product_brand","embeddable":true,"href":"https:\/\/grupoelpadrino.com\/de\/wp-json\/wp\/v2\/product_brand?post=10539"},{"taxonomy":"product_cat","embeddable":true,"href":"https:\/\/grupoelpadrino.com\/de\/wp-json\/wp\/v2\/product_cat?post=10539"},{"taxonomy":"product_tag","embeddable":true,"href":"https:\/\/grupoelpadrino.com\/de\/wp-json\/wp\/v2\/product_tag?post=10539"},{"taxonomy":"restaurantes","embeddable":true,"href":"https:\/\/grupoelpadrino.com\/de\/wp-json\/wp\/v2\/restaurantes?post=10539"},{"taxonomy":"alergenos","embeddable":true,"href":"https:\/\/grupoelpadrino.com\/de\/wp-json\/wp\/v2\/alergenos?post=10539"}],"curies":[{"name":"wp","href":"https:\/\/api.w.org\/{rel}","templated":true}]}}