{"id":8631,"date":"2025-05-12T12:26:39","date_gmt":"2025-05-12T10:26:39","guid":{"rendered":"https:\/\/padrino.dreamify.es\/?page_id=8631"},"modified":"2025-05-12T12:35:58","modified_gmt":"2025-05-12T10:35:58","slug":"menu-grupo-el-pescador","status":"publish","type":"page","link":"https:\/\/grupoelpadrino.com\/de\/menu-grupo-el-pescador\/","title":{"rendered":"Men\u00fa grupo El Pescador"},"content":{"rendered":"<div data-elementor-type=\"wp-page\" data-elementor-id=\"8631\" class=\"elementor elementor-8631\" data-elementor-post-type=\"page\">\n\t\t\t\t<div class=\"elementor-element elementor-element-1b87683 e-flex e-con-boxed e-con e-parent\" data-id=\"1b87683\" data-element_type=\"container\" data-e-type=\"container\" data-settings=\"{&quot;background_background&quot;:&quot;classic&quot;,&quot;shape_divider_bottom&quot;:&quot;waves&quot;}\">\n\t\t\t\t\t<div class=\"e-con-inner\">\n\t\t\t\t<div class=\"elementor-shape elementor-shape-bottom\" aria-hidden=\"true\" data-negative=\"false\">\n\t\t\t<svg xmlns=\"http:\/\/www.w3.org\/2000\/svg\" viewbox=\"0 0 1000 100\" preserveaspectratio=\"none\">\n\t<path class=\"elementor-shape-fill\" d=\"M421.9,6.5c22.6-2.5,51.5,0.4,75.5,5.3c23.6,4.9,70.9,23.5,100.5,35.7c75.8,32.2,133.7,44.5,192.6,49.7\tc23.6,2.1,48.7,3.5,103.4-2.5c54.7-6,106.2-25.6,106.2-25.6V0H0v30.3c0,0,72,32.6,158.4,30.5c39.2-0.7,92.8-6.7,134-22.4\tc21.2-8.1,52.2-18.2,79.7-24.2C399.3,7.9,411.6,7.5,421.9,6.5z\"\/>\n<\/svg>\t\t<\/div>\n\t\t<div class=\"elementor-element elementor-element-f9b7522 e-con-full e-flex e-con e-child\" data-id=\"f9b7522\" data-element_type=\"container\" data-e-type=\"container\">\n\t\t\t\t<div class=\"elementor-element elementor-element-fec7a4c elementor-widget elementor-widget-heading\" data-id=\"fec7a4c\" data-element_type=\"widget\" data-e-type=\"widget\" data-widget_type=\"heading.default\">\n\t\t\t\t<div class=\"elementor-widget-container\">\n\t\t\t\t\t<h2 class=\"elementor-heading-title elementor-size-default\">Men\u00fc f\u00fcr Gruppen <br>El Pescador<\/h2>\t\t\t\t<\/div>\n\t\t\t\t<\/div>\n\t\t<div class=\"elementor-element elementor-element-974e4c5 e-con-full e-flex e-con e-child\" data-id=\"974e4c5\" data-element_type=\"container\" data-e-type=\"container\">\n\t\t\t\t<div class=\"elementor-element elementor-element-b6ce22d elementor-widget__width-auto elementor-widget elementor-widget-button\" data-id=\"b6ce22d\" data-element_type=\"widget\" data-e-type=\"widget\" data-widget_type=\"button.default\">\n\t\t\t\t<div class=\"elementor-widget-container\">\n\t\t\t\t\t\t\t\t\t<div class=\"elementor-button-wrapper\">\n\t\t\t\t\t<a class=\"elementor-button elementor-button-link elementor-size-sm\" href=\"https:\/\/grupoelpadrino.com\/de\/reserva-el-pescador\/\">\n\t\t\t\t\t\t<span class=\"elementor-button-content-wrapper\">\n\t\t\t\t\t\t\t\t\t<span class=\"elementor-button-text\">RESERVIERUNG<\/span>\n\t\t\t\t\t<\/span>\n\t\t\t\t\t<\/a>\n\t\t\t\t<\/div>\n\t\t\t\t\t\t\t\t<\/div>\n\t\t\t\t<\/div>\n\t\t\t\t<\/div>\n\t\t\t\t<\/div>\n\t\t\t\t\t<\/div>\n\t\t\t\t<\/div>\n\t\t<div class=\"elementor-element elementor-element-5dbd26c e-flex e-con-boxed e-con e-parent\" data-id=\"5dbd26c\" data-element_type=\"container\" data-e-type=\"container\" data-settings=\"{&quot;background_background&quot;:&quot;classic&quot;}\">\n\t\t\t\t\t<div class=\"e-con-inner\">\n\t\t\t\t<div class=\"elementor-element elementor-element-0647381 elementor-widget elementor-widget-html\" data-id=\"0647381\" data-element_type=\"widget\" data-e-type=\"widget\" data-widget_type=\"html.default\">\n\t\t\t\t<div class=\"elementor-widget-container\">\n\t\t\t\t\t<style>\r\n  .menu-container {\r\n    font-family: Arial, sans-serif;\r\n    max-width: 1200px;\r\n    margin: auto;\r\n    background-color: white;\r\n    padding: 2rem;\r\n    border-radius: 10px;\r\n  }\r\n\r\n\r\n  .menu-tabs, .submenu-tabs {\r\n    display: flex;\r\n    flex-wrap: wrap;\r\n    gap: 0.5rem;\r\n    margin-bottom: 1rem;\r\n    justify-content: center;\r\n  }\r\n\r\n  .tab-button, .subtab-button {\r\n    padding: 18px 15px;\r\n    cursor: pointer;\r\n    background: #027373;\r\n    color: #fff;\r\n    font-weight: 600;\r\n    font-size: 15px;\r\n    border: none;\r\n    border-radius: 5px;\r\n  }\r\n\r\n  .tab-button.active, .subtab-button.active {\r\n    background: #FFF;\r\n    color:  #027373;\r\n    font-weight: bold;\r\n  }\r\n\r\n  .subtab-button {\r\n    background: #025959;\r\n    color: #fff;\r\n    transition: background-color 0.3s ease;\r\n  }\r\n\r\n  .subtab-button.active {\r\n    background: #fff;\r\n    color: #025959;\r\n  }\r\n\r\n  .menu-content, .submenu-content {\r\n    display: none;\r\n  }\r\n\r\n  .menu-content.active, .submenu-content.active {\r\n    display: block;\r\n  }\r\n\r\n .dish-list {\r\n  display: flex;\r\n  flex-direction: column;\r\n  align-items: center;\r\n  text-align: center;\r\n  gap: 0.5rem; \/* separa un poco cada bloque *\/\r\n  padding: 1rem;\r\n}\r\n\r\n.dish-list h3 {\r\n  font-size: 1.5rem;\r\n  margin-top: 2rem;\r\n  color: #721739; \/* opcional para que destaque *\/\r\n}\r\n\r\n.dish-list p {\r\n  font-size: 1rem;\r\n  max-width: 600px; \/* opcional, para que no ocupen todo el ancho en pantallas grandes *\/\r\n  margin: 0.2rem 0;\r\n}\r\n\r\n.menu-price {\r\n  margin-top: 2rem;\r\n  font-size: 1.3rem;\r\n  color: #721739;\r\n}\r\n\r\n  .price {\r\n    font-weight: bold;\r\n    white-space: nowrap;\r\n    margin-left: 1rem;\r\n  }\r\n\r\n  .allergens {\r\n    display: flex;\r\n    gap: 6px;\r\n    flex-wrap: wrap;\r\n  }\r\n\r\n  .allergens i {\r\n    font-size: 22px;\r\n    color: #333;\r\n  }\r\n\r\n  @media (max-width: 768px) {\r\n    .dish-title-price {\r\n      flex-direction: column;\r\n      align-items: center;\r\n      text-align: center;\r\n    }\r\n\r\n    .dish-info {\r\n      flex-direction: column;\r\n      align-items: center;\r\n      text-align: center; \/* NUEVO *\/\r\n      gap: 0.5rem;\r\n    }\r\n\r\n    .allergens {\r\n      justify-content: center;\r\n      gap: 4px;\r\n    }\r\n    \r\n    .price {\r\n    margin-left: 0;\r\n  }\r\n  .tab-button,\r\n    .subtab-button {\r\n    font-size: 13px;\r\n    font-weight: 400;\r\n}\r\n.menu-container {\r\n    padding:10px;\r\n}\r\n\r\n  }\r\n<\/style>\r\n<div class=\"menu-container\">\r\n\r\n  <!-- Contenido de MEN\u00da -->\r\n  <div class=\"menu-content active\" id=\"menu\">\r\n    <div class=\"submenu-tabs\">\r\n      <button class=\"subtab-button active\" data-target=\"clasico\">KLASSISCHES MEN\u00dc<\/button>\r\n      <button class=\"subtab-button\" data-target=\"selecto\">W\u00c4HLEN SIE MEN\u00dc<\/button>\r\n      <button class=\"subtab-button\" data-target=\"picoteo\">MEN\u00dc SNACKS<\/button>\r\n      <button class=\"subtab-button\" data-target=\"vegetariano\">VEGETARISCHES MEN\u00dc<\/button>\r\n    <\/div>\r\n\r\n    <!-- Subcontenidos -->\r\n<div class=\"submenu-content active\" id=\"clasico\">\r\n<ul class=\"dish-list\">\r\n<h3>Eingehende<\/h3>\r\n    <p>Almogrote &#034; Tomaten mit toast<\/p>\r\n    <p>Carpaccio vom Thunfisch mit Lachs Rogen und zarte Triebe<\/p>\r\n    <p>Kroketten von Schinken mit ali-oli<\/p>\r\n    <p>Squid Sahara gebraten mit Kartoffeln und mojo rot<\/p>\r\n\r\n<h3>Main (W\u00e4hlen Sie eine)<\/h3>\r\n    <p>Gegrillter Lachs mit cremiger sauce Kaviar mit Gem\u00fcse und Kartoffelp\u00fcree<\/p>\r\n    <p>Sirloin Schweinebraten mit roquefort-K\u00e4se-sauce, Gem\u00fcse und Kartoffel, rustikal<\/p>\r\n\r\n<h3>Dessert<\/h3>\r\n    <p>Tiramisu in wei\u00dfer Schokolade<\/p>\r\n\r\n<h3>Getr\u00e4nke<\/h3>\r\n    <p>Wasser, soda und Bier<\/p>\r\n\r\n<h3>Weine<\/h3>\r\n    <p>Rotwein Crianza, Rioja Alta<\/p>\r\n    <p>Wei\u00dfwein Verdejo, Rueda<\/p>\r\n    <p>Fruchtiger Wei\u00dfwein Canario<\/p>\r\n<h3 class=\"menu-price\"><strong>Preis pro person: 38\u20ac<\/strong><\/h3>\r\n<\/ul>\r\n<\/div>\r\n    \r\n<div class=\"submenu-content\" id=\"selecto\">\r\n<ul class=\"dish-list\">\r\n<h3>Eingehende<\/h3>\r\n    <p>K\u00e4se der Kanaren mit s\u00fc\u00dfen Tomaten<\/p>\r\n    <p>Spanische Ib\u00e9rico-Schinken pan payes und Tomaten<\/p>\r\n    <p>Kroketten von wreckfish mit ali-oli<\/p>\r\n    <p>Garnelen gebraten mit Artischocken Knoblauch premium<\/p>\r\n\r\n<h3>Main (W\u00e4hlen Sie eine)<\/h3>\r\n    <p>Cremiger Reis-schwarz Tintenfisch-Sahara<\/p>\r\n    <p>Trunk Kabeljau-confit mit sauce bilbao Garnelen und Kartoffelbrei<\/p>\r\n    <p>Roastbeef-Roastbeef mit sahniger sauce aus Steinpilzen und rustikalen Kartoffeln<\/p>\r\n\r\n<h3>Dessert<\/h3>\r\n    <p>Passionsfrucht Creme brulee<\/p>\r\n\r\n<h3>Getr\u00e4nke<\/h3>\r\n    <p>Wasser, soda und Bier<\/p>\r\n\r\n<h3>Weine<\/h3>\r\n    <p>Rotwein Crianza, Ribera del Duero<\/p>\r\n    <p>Wei\u00df, Wein, Albari\u00f1o, R\u00edas Baixas<\/p>\r\n    <p>Fruchtiger Wei\u00dfwein Canario<\/p>\r\n\r\n<h3 class=\"menu-price\"><strong>Pro person Preis: 54\u20ac<\/strong><\/h3>\r\n<\/ul>\r\n<\/div>\r\n\r\n<div class=\"submenu-content\" id=\"picoteo\">\r\n<ul class=\"dish-list\">\r\n<h3>Gerichte<\/h3>\r\n    <p>Almogrote &#034; mit toast<\/p>\r\n    <p>Spanische Ib\u00e9rico-Schinken mit Brot, Bauern und Tomaten<\/p>\r\n    <p>Octopus laminiert mit \u00f6l Paprika<\/p>\r\n    <p>Kroketten von Schinken mit Schinken<\/p>\r\n    <p>Gebratener Fisch mit mojo rojo und Kartoffeln<\/p>\r\n    <p>Schweinefilet gebraten mit gemischte Pilze in Knoblauch-sauce<\/p>\r\n\r\n<h3>Dessert<\/h3>\r\n    <p>Tiramisu in wei\u00dfer Schokolade<\/p>\r\n\r\n<h3>Getr\u00e4nke<\/h3>\r\n    <p>Wasser, soda und Bier<\/p>\r\n\r\n<h3>Weine<\/h3>\r\n    <p>Rote Weinlese, Rioja<\/p>\r\n    <p>Trockener Wei\u00dfwein Rioja<\/p>\r\n    <p>Fruchtiger Wei\u00dfwein Canario<\/p>\r\n\r\n<h3 class=\"menu-price\"><strong>Preis pro person: 36\u20ac<\/strong><\/h3>\r\n<\/ul>\r\n<\/div>\r\n\r\n<div class=\"submenu-content\" id=\"vegetariano\">\r\n<ul class=\"dish-list\">\r\n<h3>Eingehende<\/h3>\r\n    <p>Einf\u00fcgen von Cashewn\u00fcsse, Mandeln, getrocknete Tomaten und toast<\/p>\r\n    <p>Carpaccio von der zucchini mit avocado, getrockneten Tomaten und Parmesank\u00e4se mit einem Hauch von Zitrus<\/p>\r\n    <p>Kroketten K\u00fcrbis und Waln\u00fcssen<\/p>\r\n    <p>Mushroom empanadas und Pommes Frites mit mayonnaise mit avocado<\/p>\r\n\r\n<h3>Haupt zu W\u00e4hlen<\/h3>\r\n    <p>Risotto mit Champignons variiert von Saison<\/p>\r\n    <p>Tajine Frikadellen heura mit cous cous<\/p>\r\n\r\n<h3>Dessert<\/h3>\r\n    <p>Kuchen mit Birnen und Joghurt mit Honig<\/p>\r\n\r\n<h3>Getr\u00e4nke<\/h3>\r\n    <p>Wasser, soda und Bier<\/p>\r\n\r\n<h3>Weine<\/h3>\r\n    <p>Rotwein Rioja<\/p>\r\n    <p>Trockener Wei\u00dfwein aus Rioja<\/p>\r\n    <p>Fruchtiger Wei\u00dfwein Canario<\/p>\r\n\r\n<h3 class=\"menu-price\"><strong>Pro person Preis: 34\u20ac<\/strong><\/h3>\r\n<\/ul>\r\n<\/div>\r\n<\/div>\r\n<\/div>\r\n\r\n<script>\r\n  \/\/ Cambiar entre pesta\u00f1as principales (solo MEN\u00da activa contenido)\r\n  document.querySelectorAll('.tab-button').forEach(button => {\r\n    button.addEventListener('click', e => {\r\n      if (button.dataset.target !== \"menu\") return; \/\/ solo men\u00fa tiene contenido\r\n      document.querySelectorAll('.tab-button').forEach(btn => btn.classList.remove('active'));\r\n      document.querySelectorAll('.menu-content').forEach(content => content.classList.remove('active'));\r\n\r\n      button.classList.add('active');\r\n      document.getElementById(button.dataset.target).classList.add('active');\r\n    });\r\n  });\r\n\r\n  \/\/ Submen\u00fa dentro de MEN\u00da\r\n  document.querySelectorAll('.subtab-button').forEach(button => {\r\n    button.addEventListener('click', () => {\r\n      document.querySelectorAll('.subtab-button').forEach(btn => btn.classList.remove('active'));\r\n      document.querySelectorAll('.submenu-content').forEach(content => content.classList.remove('active'));\r\n\r\n      button.classList.add('active');\r\n      document.getElementById(button.dataset.target).classList.add('active');\r\n    });\r\n  });\r\n<\/script>\r\n\t\t\t\t<\/div>\n\t\t\t\t<\/div>\n\t\t\t\t\t<\/div>\n\t\t\t\t<\/div>\n\t\t<div class=\"elementor-element elementor-element-eabd6ff e-flex e-con-boxed e-con e-parent\" data-id=\"eabd6ff\" data-element_type=\"container\" data-e-type=\"container\" data-settings=\"{&quot;background_background&quot;:&quot;classic&quot;}\">\n\t\t\t\t\t<div class=\"e-con-inner\">\n\t\t\t\t<div class=\"elementor-element elementor-element-1ecc951 elementor-widget elementor-widget-text-editor\" data-id=\"1ecc951\" data-element_type=\"widget\" data-e-type=\"widget\" data-widget_type=\"text-editor.default\">\n\t\t\t\t<div class=\"elementor-widget-container\">\n\t\t\t\t\t\t\t\t\t<p>HINWEIS: DIE KUNDEN INFORMIEREN MUSS 4 TAGE VOR DEM GEW\u00c4HLTEN GERICHTE.<br \/>Vorspeisen servieren Sie eine portion f\u00fcr alle 4 G\u00e4ste. Der Wein serviert wird eine Flasche f\u00fcr jeweils zwei<br \/>diners, oder das \u00e4quivalent in Bier oder alkoholfreies Getr\u00e4nk und eine Flasche Mineralwasser. Der rest der Getr\u00e4nke<br \/>als optionale extras nicht enthalten in die Men\u00fc-Preis.Das Men\u00fc ist nicht verf\u00fcgbar f\u00fcr Daten<br \/>spezielles, wie: 24.25 und 31. Dezember oder 1. Januar und 6.<br \/>BUCHUNG: MINDESTENS 10 PERSONEN<\/p>\t\t\t\t\t\t\t\t<\/div>\n\t\t\t\t<\/div>\n\t\t\t\t<div class=\"elementor-element elementor-element-b8ba8fc elementor-widget elementor-widget-text-editor\" data-id=\"b8ba8fc\" data-element_type=\"widget\" data-e-type=\"widget\" data-widget_type=\"text-editor.default\">\n\t\t\t\t<div class=\"elementor-widget-container\">\n\t\t\t\t\t\t\t\t\t<p><strong>I.G.I.C 7% NICHT INKLUSIVE<\/strong><\/p>\t\t\t\t\t\t\t\t<\/div>\n\t\t\t\t<\/div>\n\t\t\t\t<div class=\"elementor-element elementor-element-354817f elementor-widget__width-auto elementor-align-right elementor-widget elementor-widget-button\" data-id=\"354817f\" data-element_type=\"widget\" data-e-type=\"widget\" data-widget_type=\"button.default\">\n\t\t\t\t<div class=\"elementor-widget-container\">\n\t\t\t\t\t\t\t\t\t<div class=\"elementor-button-wrapper\">\n\t\t\t\t\t<a class=\"elementor-button elementor-button-link elementor-size-sm\" href=\"#elementor-action%3Aaction%3Dpopup%3Aopen%26settings%3DeyJpZCI6Ijc4MTQiLCJ0b2dnbGUiOmZhbHNlfQ%3D%3D\">\n\t\t\t\t\t\t<span class=\"elementor-button-content-wrapper\">\n\t\t\t\t\t\t\t\t\t<span class=\"elementor-button-text\">ALLERGENE<\/span>\n\t\t\t\t\t<\/span>\n\t\t\t\t\t<\/a>\n\t\t\t\t<\/div>\n\t\t\t\t\t\t\t\t<\/div>\n\t\t\t\t<\/div>\n\t\t\t\t\t<\/div>\n\t\t\t\t<\/div>\n\t\t\t\t<\/div>","protected":false},"excerpt":{"rendered":"<p>Men\u00fa para grupos El Pescador RESERVAR MEN\u00da CL\u00c1SICO MEN\u00da SELECTO MEN\u00da PICOTEO MEN\u00da VEGETARIANO Entrantes Almogrote gomero con tostadas Carpaccio [&hellip;]<\/p>\n","protected":false},"author":3,"featured_media":0,"parent":0,"menu_order":0,"comment_status":"closed","ping_status":"closed","template":"","meta":{"site-sidebar-layout":"no-sidebar","site-content-layout":"","ast-site-content-layout":"full-width-container","site-content-style":"default","site-sidebar-style":"default","ast-global-header-display":"","ast-banner-title-visibility":"","ast-main-header-display":"","ast-hfb-above-header-display":"","ast-hfb-below-header-display":"","ast-hfb-mobile-header-display":"","site-post-title":"disabled","ast-breadcrumbs-content":"","ast-featured-img":"disabled","footer-sml-layout":"","ast-disable-related-posts":"","theme-transparent-header-meta":"","adv-header-id-meta":"","stick-header-meta":"","header-above-stick-meta":"","header-main-stick-meta":"","header-below-stick-meta":"","astra-migrate-meta-layouts":"default","ast-page-background-enabled":"default","ast-page-background-meta":{"desktop":{"background-color":"var(--ast-global-color-5)","background-image":"","background-repeat":"repeat","background-position":"center center","background-size":"auto","background-attachment":"scroll","background-type":"","background-media":"","overlay-type":"","overlay-color":"","overlay-opacity":"","overlay-gradient":""},"tablet":{"background-color":"","background-image":"","background-repeat":"repeat","background-position":"center center","background-size":"auto","background-attachment":"scroll","background-type":"","background-media":"","overlay-type":"","overlay-color":"","overlay-opacity":"","overlay-gradient":""},"mobile":{"background-color":"","background-image":"","background-repeat":"repeat","background-position":"center center","background-size":"auto","background-attachment":"scroll","background-type":"","background-media":"","overlay-type":"","overlay-color":"","overlay-opacity":"","overlay-gradient":""}},"ast-content-background-meta":{"desktop":{"background-color":"var(--ast-global-color-4)","background-image":"","background-repeat":"repeat","background-position":"center center","background-size":"auto","background-attachment":"scroll","background-type":"","background-media":"","overlay-type":"","overlay-color":"","overlay-opacity":"","overlay-gradient":""},"tablet":{"background-color":"var(--ast-global-color-4)","background-image":"","background-repeat":"repeat","background-position":"center center","background-size":"auto","background-attachment":"scroll","background-type":"","background-media":"","overlay-type":"","overlay-color":"","overlay-opacity":"","overlay-gradient":""},"mobile":{"background-color":"var(--ast-global-color-4)","background-image":"","background-repeat":"repeat","background-position":"center center","background-size":"auto","background-attachment":"scroll","background-type":"","background-media":"","overlay-type":"","overlay-color":"","overlay-opacity":"","overlay-gradient":""}},"footnotes":""},"class_list":["post-8631","page","type-page","status-publish","hentry"],"_links":{"self":[{"href":"https:\/\/grupoelpadrino.com\/de\/wp-json\/wp\/v2\/pages\/8631","targetHints":{"allow":["GET"]}}],"collection":[{"href":"https:\/\/grupoelpadrino.com\/de\/wp-json\/wp\/v2\/pages"}],"about":[{"href":"https:\/\/grupoelpadrino.com\/de\/wp-json\/wp\/v2\/types\/page"}],"author":[{"embeddable":true,"href":"https:\/\/grupoelpadrino.com\/de\/wp-json\/wp\/v2\/users\/3"}],"replies":[{"embeddable":true,"href":"https:\/\/grupoelpadrino.com\/de\/wp-json\/wp\/v2\/comments?post=8631"}],"version-history":[{"count":13,"href":"https:\/\/grupoelpadrino.com\/de\/wp-json\/wp\/v2\/pages\/8631\/revisions"}],"predecessor-version":[{"id":8644,"href":"https:\/\/grupoelpadrino.com\/de\/wp-json\/wp\/v2\/pages\/8631\/revisions\/8644"}],"wp:attachment":[{"href":"https:\/\/grupoelpadrino.com\/de\/wp-json\/wp\/v2\/media?parent=8631"}],"curies":[{"name":"wp","href":"https:\/\/api.w.org\/{rel}","templated":true}]}}