{"id":8566,"date":"2025-05-12T10:03:58","date_gmt":"2025-05-12T08:03:58","guid":{"rendered":"https:\/\/padrino.dreamify.es\/?page_id=8566"},"modified":"2025-07-17T12:40:26","modified_gmt":"2025-07-17T10:40:26","slug":"postres-el-lago","status":"publish","type":"page","link":"https:\/\/grupoelpadrino.com\/de\/postres-el-lago\/","title":{"rendered":"Postres El Lago"},"content":{"rendered":"<div data-elementor-type=\"wp-page\" data-elementor-id=\"8566\" class=\"elementor elementor-8566\" data-elementor-post-type=\"page\">\n\t\t\t\t<div class=\"elementor-element elementor-element-664761cd e-flex e-con-boxed e-con e-parent\" data-id=\"664761cd\" data-element_type=\"container\" data-e-type=\"container\" data-settings=\"{&quot;background_background&quot;:&quot;classic&quot;,&quot;shape_divider_bottom&quot;:&quot;mountains&quot;}\">\n\t\t\t\t\t<div class=\"e-con-inner\">\n\t\t\t\t<div class=\"elementor-shape elementor-shape-bottom\" aria-hidden=\"true\" data-negative=\"false\">\n\t\t\t<svg xmlns=\"http:\/\/www.w3.org\/2000\/svg\" viewbox=\"0 0 1000 100\" preserveaspectratio=\"none\">\n\t<path class=\"elementor-shape-fill\" opacity=\"0.33\" d=\"M473,67.3c-203.9,88.3-263.1-34-320.3,0C66,119.1,0,59.7,0,59.7V0h1000v59.7 c0,0-62.1,26.1-94.9,29.3c-32.8,3.3-62.8-12.3-75.8-22.1C806,49.6,745.3,8.7,694.9,4.7S492.4,59,473,67.3z\"\/>\n\t<path class=\"elementor-shape-fill\" opacity=\"0.66\" d=\"M734,67.3c-45.5,0-77.2-23.2-129.1-39.1c-28.6-8.7-150.3-10.1-254,39.1 s-91.7-34.4-149.2,0C115.7,118.3,0,39.8,0,39.8V0h1000v36.5c0,0-28.2-18.5-92.1-18.5C810.2,18.1,775.7,67.3,734,67.3z\"\/>\n\t<path class=\"elementor-shape-fill\" d=\"M766.1,28.9c-200-57.5-266,65.5-395.1,19.5C242,1.8,242,5.4,184.8,20.6C128,35.8,132.3,44.9,89.9,52.5C28.6,63.7,0,0,0,0 h1000c0,0-9.9,40.9-83.6,48.1S829.6,47,766.1,28.9z\"\/>\n<\/svg>\t\t<\/div>\n\t\t<div class=\"elementor-element elementor-element-2edc5346 e-con-full e-flex e-con e-child\" data-id=\"2edc5346\" data-element_type=\"container\" data-e-type=\"container\">\n\t\t\t\t<div class=\"elementor-element elementor-element-38f8dd92 elementor-invisible elementor-widget elementor-widget-heading\" data-id=\"38f8dd92\" data-element_type=\"widget\" data-e-type=\"widget\" data-settings=\"{&quot;_animation&quot;:&quot;fadeInDown&quot;,&quot;_animation_mobile&quot;:&quot;none&quot;}\" data-widget_type=\"heading.default\">\n\t\t\t\t<div class=\"elementor-widget-container\">\n\t\t\t\t\t<h2 class=\"elementor-heading-title elementor-size-default\">Restaurant Pizzer\u00eda El Lago<\/h2>\t\t\t\t<\/div>\n\t\t\t\t<\/div>\n\t\t\t\t<\/div>\n\t\t<div class=\"elementor-element elementor-element-c9b782 e-con-full e-flex e-con e-child\" data-id=\"c9b782\" data-element_type=\"container\" data-e-type=\"container\">\n\t\t\t\t<div class=\"elementor-element elementor-element-197adbf6 elementor-widget__width-auto elementor-widget elementor-widget-button\" data-id=\"197adbf6\" data-element_type=\"widget\" data-e-type=\"widget\" data-widget_type=\"button.default\">\n\t\t\t\t<div class=\"elementor-widget-container\">\n\t\t\t\t\t\t\t\t\t<div class=\"elementor-button-wrapper\">\n\t\t\t\t\t<a class=\"elementor-button elementor-button-link elementor-size-sm\" href=\"\/de\/carta-el-lago\/menu-el-lago\/\">\n\t\t\t\t\t\t<span class=\"elementor-button-content-wrapper\">\n\t\t\t\t\t\t\t\t\t<span class=\"elementor-button-text\">SPEISEKARTE<\/span>\n\t\t\t\t\t<\/span>\n\t\t\t\t\t<\/a>\n\t\t\t\t<\/div>\n\t\t\t\t\t\t\t\t<\/div>\n\t\t\t\t<\/div>\n\t\t\t\t<div class=\"elementor-element elementor-element-1f64e35f elementor-widget__width-auto elementor-widget elementor-widget-button\" data-id=\"1f64e35f\" data-element_type=\"widget\" data-e-type=\"widget\" data-widget_type=\"button.default\">\n\t\t\t\t<div class=\"elementor-widget-container\">\n\t\t\t\t\t\t\t\t\t<div class=\"elementor-button-wrapper\">\n\t\t\t\t\t<a class=\"elementor-button elementor-button-link elementor-size-sm\" href=\"\/de\/reserva-el-lago\/\">\n\t\t\t\t\t\t<span class=\"elementor-button-content-wrapper\">\n\t\t\t\t\t\t\t\t\t<span class=\"elementor-button-text\">RESERVIERUNG<\/span>\n\t\t\t\t\t<\/span>\n\t\t\t\t\t<\/a>\n\t\t\t\t<\/div>\n\t\t\t\t\t\t\t\t<\/div>\n\t\t\t\t<\/div>\n\t\t\t\t<\/div>\n\t\t\t\t\t<\/div>\n\t\t\t\t<\/div>\n\t\t<div class=\"elementor-element elementor-element-e5b81fd e-flex e-con-boxed e-con e-parent\" data-id=\"e5b81fd\" data-element_type=\"container\" data-e-type=\"container\">\n\t\t\t\t\t<div class=\"e-con-inner\">\n\t\t\t\t<div class=\"elementor-element elementor-element-0af3e4d elementor-widget elementor-widget-html\" data-id=\"0af3e4d\" data-element_type=\"widget\" data-e-type=\"widget\" data-widget_type=\"html.default\">\n\t\t\t\t<div class=\"elementor-widget-container\">\n\t\t\t\t\t<style>\r\n  .menu-container {\r\n    font-family: Arial, sans-serif;\r\n    max-width: 1200px;\r\n    margin: auto;\r\n    background-color: white;\r\n    padding: 2rem;\r\n    border-radius: 10px;\r\n  }\r\n\r\n  .menu-tabs, .submenu-tabs {\r\n    display: flex;\r\n    flex-wrap: wrap;\r\n    gap: 0.5rem;\r\n    margin-bottom: 1rem;\r\n    justify-content: center;\r\n  }\r\n\r\n  .tab-button, .subtab-button {\r\n    padding: 18px 15px;\r\n    cursor: pointer;\r\n    background: #00666D;\r\n    color: #fff;\r\n    font-weight: 600;\r\n    font-size: 15px;\r\n    border: none;\r\n    border-radius: 5px;\r\n  }\r\n\r\n  .tab-button.active, .subtab-button.active {\r\n    background: #FFF;\r\n    color: #000;\r\n    font-weight: bold;\r\n  }\r\n  \r\n  .tab-button:hover{\r\n      color:#b28e65;\r\n  }\r\n\r\n  .subtab-button {\r\n    background: #3FBFBF;\r\n    color: #000;\r\n    transition: background-color 0.3s ease;\r\n  }\r\n\r\n  .subtab-button.active {\r\n    background: #fff;\r\n    color: #000;\r\n  }\r\n\r\n  .menu-content, .submenu-content {\r\n    display: none;\r\n  }\r\n\r\n  .menu-content.active, .submenu-content.active {\r\n    display: block;\r\n  }\r\n\r\n  .dish-list {\r\n    list-style: none;\r\n    padding: 0;\r\n    margin: 0;\r\n  }\r\n\r\n  .dish-item {\r\n    margin-bottom: 1rem;\r\n    padding: 1rem;\r\n    border-radius: 8px;\r\n  }\r\n\r\n  .dish-title-price {\r\n    display: flex;\r\n    justify-content: space-between;\r\n    align-items: center;\r\n\r\n    max-width: 650px;\r\n    margin: 0 auto;\r\n  }\r\n\r\n  .dish-info {\r\n    display: flex;\r\n    \/*align-items: center;*\/\r\n    gap: 1rem;\r\n    flex-wrap: wrap;\r\n  }\r\n\r\n  .price {\r\n    font-weight: bold;\r\n    white-space: nowrap;\r\n    margin-left: 1rem;\r\n  }\r\n\r\n  .allergens {\r\n    display: flex;\r\n    gap: 6px;\r\n    flex-wrap: wrap;\r\n  }\r\n\r\n  .allergens i {\r\n    font-size: 22px;\r\n    color: #333;\r\n  }\r\n\r\n  @media (max-width: 768px) {\r\n    .dish-title-price {\r\n      flex-direction: column;\r\n      align-items: center;\r\n      text-align: center;\r\n    }\r\n\r\n    .dish-info {\r\n      flex-direction: column;\r\n      align-items: center;\r\n      gap: 0.5rem;\r\n    }\r\n\r\n    .allergens {\r\n      justify-content: center;\r\n      gap: 4px;\r\n    }\r\n    \r\n    .price {\r\n    margin-left: 0;\r\n  }\r\n  .tab-button,\r\n    .subtab-button {\r\n    font-size: 13px;\r\n    font-weight: 400;\r\n}\r\n.menu-container {\r\n    padding:10px;\r\n}\r\n\r\n  }\r\n<\/style>\r\n<div class=\"menu-container\">\r\n  <!-- Men\u00fa principal -->\r\n  <div class=\"menu-tabs\">\r\n    <a href=\"\/de\/menu-el-lago\/\" class=\"tab-button\">MEN\u00dc<\/a>\r\n        <a href=\"\/de\/fuera-de-carta-el-lago\/\" class=\"tab-button\">EXTRA AUSSER DER KARTE<\/a>\r\n    <a href=\"\/de\/desayunos-el-lago\/\" class=\"tab-button\">FR\u00dcHST\u00dcCK<\/a>\r\n    <a href=\"\/de\/bebidas-el-lago\/\" class=\"tab-button\">GETR\u00c4NKE<\/a>\r\n    <a href=\"\/de\/cervezas-el-lago\/\" class=\"tab-button\">BIER UND C\u00d3CKTELES<\/a>\r\n    <a href=\"\/de\/vinos-el-lago\/\" class=\"tab-button\">WEINE<\/a>\r\n    <button class=\"tab-button active\" data-target=\"menu\">DESSERTS<\/button>\r\n    \r\n<\/div>\r\n\r\n  <!-- Contenido de MEN\u00da -->\r\n <div class=\"menu-content active\" id=\"menu\">\r\n    <div class=\"submenu-tabs\">\r\n      <button class=\"subtab-button active\" data-target=\"postres\">DESSERTS<\/button>\r\n      <button class=\"subtab-button\" data-target=\"helados\">EIS<\/button>\r\n      <button class=\"subtab-button\" data-target=\"cafe\">KAFFEE<\/button>\r\n    <\/div>\r\n\r\n    <!-- Subcontenidos -->\r\n    <div class=\"submenu-content active\" id=\"postres\">\r\n        <ul class=\"dish-list\">\r\n   <li class=\"dish-item\">\r\n    <div class=\"dish-title-price\">\r\n      <div class=\"dish-info\">\r\n        <strong>Tiramisu<\/strong>\r\n        <div class=\"allergens\">\r\n          <i class=\"icon icon-leche\"><\/i>\r\n          <i class=\"icon icon-huevo\"><\/i>\r\n          <i class=\"icon icon-gluten\"><\/i>\r\n        <\/div>\r\n      <\/div>\r\n      <span class=\"price\">5,00 \u20ac<\/span>\r\n    <\/div>\r\n  <\/li>\r\n \r\n  <li class=\"dish-item\">\r\n    <div class=\"dish-title-price\">\r\n      <div class=\"dish-info\">\r\n        <strong>Kanarische S\u00fcssigkeiten: Cremiger Maria-Keks Mit S\u00fcsser Gua<\/strong>\r\n        <div class=\"allergens\">\r\n          <i class=\"icon icon-leche\"><\/i>\r\n          <i class=\"icon icon-huevo\"><\/i>\r\n          <i class=\"icon icon-gluten\"><\/i>\r\n        <\/div>\r\n      <\/div>\r\n      <span class=\"price\">5,00 \u20ac<\/span>\r\n    <\/div>\r\n  <\/li>\r\n  <li class=\"dish-item\">\r\n    <div class=\"dish-title-price\">\r\n      <div class=\"dish-info\">\r\n        <strong>Brownie mit Vanille Eis<\/strong>\r\n        <div class=\"allergens\">\r\n          <i class=\"icon icon-leche\"><\/i>\r\n          <i class=\"icon icon-huevo\"><\/i>\r\n          <i class=\"icon icon-gluten\"><\/i>\r\n          <i class=\"icon icon-frutos-secos\"><\/i>\r\n        <\/div>\r\n      <\/div>\r\n      <span class=\"price\">6,90 \u20ac<\/span>\r\n    <\/div>\r\n  <\/li>\r\n<\/ul>\r\n    <\/div>\r\n    <div class=\"submenu-content\" id=\"helados\">\r\n    <ul class=\"dish-list\">\r\n  <li class=\"dish-item\">\r\n    <div class=\"dish-title-price\">\r\n      <div class=\"dish-info\">\r\n        <strong>Teneriffa<\/strong>Sahne, Rahm, Pistazie, malaga und nougat\r\n        <div class=\"allergens\">\r\n          <i class=\"icon icon-gluten\"><\/i>\r\n          <i class=\"icon icon-huevo\"><\/i>\r\n          <i class=\"icon icon-leche\"><\/i>\r\n          <i class=\"icon icon-frutos-secos\"><\/i>\r\n        <\/div>\r\n      <\/div>\r\n      <span class=\"price\">7,90 \u20ac<\/span>\r\n    <\/div>\r\n  <\/li>\r\n  <li class=\"dish-item\">\r\n    <div class=\"dish-title-price\">\r\n      <div class=\"dish-info\">\r\n        <strong>La Gomera<\/strong> Vanilla ice cream, mandarin sorbet, Sahne und sauce caramel\r\n        <div class=\"allergens\">\r\n          <i class=\"icon icon-gluten\"><\/i>\r\n          <i class=\"icon icon-huevo\"><\/i>\r\n          <i class=\"icon icon-leche\"><\/i>\r\n        <\/div>\r\n      <\/div>\r\n      <span class=\"price\">7,90 \u20ac<\/span>\r\n    <\/div>\r\n  <\/li>\r\n  <li class=\"dish-item\">\r\n    <div class=\"dish-title-price\">\r\n      <div class=\"dish-info\">\r\n        <strong>Fuerteventura<\/strong>Erdbeer-Eis, Sahne, Sirup, Erdbeer-Sahne und Erdbeer-Nat\u00fcrliche\r\n        <div class=\"allergens\">\r\n          <i class=\"icon icon-gluten\"><\/i>\r\n          <i class=\"icon icon-huevo\"><\/i>\r\n          <i class=\"icon icon-leche\"><\/i>\r\n        <\/div>\r\n      <\/div>\r\n      <span class=\"price\">7,90 \u20ac<\/span>\r\n    <\/div>\r\n  <\/li>\r\n  <li class=\"dish-item\">\r\n    <div class=\"dish-title-price\">\r\n      <div class=\"dish-info\">\r\n        <strong>El Hierro<\/strong>Eiscreme Erdbeer und Vanille, Erdbeeren und Nat\u00fcrliche Sirup Erdbeere\r\n        <div class=\"allergens\">\r\n          <i class=\"icon icon-gluten\"><\/i>\r\n          <i class=\"icon icon-huevo\"><\/i>\r\n          <i class=\"icon icon-leche\"><\/i>\r\n        <\/div>\r\n      <\/div>\r\n      <span class=\"price\">7,90 \u20ac<\/span>\r\n    <\/div>\r\n  <\/li>\r\n  <li class=\"dish-item\">\r\n    <div class=\"dish-title-price\">\r\n      <div class=\"dish-info\">\r\n        <strong>Lanzarote<\/strong>Nougat-Eis, Nuss, stracciatella, Schokolade und Sahne\r\n        <div class=\"allergens\">\r\n          <i class=\"icon icon-gluten\"><\/i>\r\n          <i class=\"icon icon-huevo\"><\/i>\r\n          <i class=\"icon icon-leche\"><\/i>\r\n          <i class=\"icon icon-frutos-secos\"><\/i>\r\n        <\/div>\r\n      <\/div>\r\n      <span class=\"price\">7,90 \u20ac<\/span>\r\n    <\/div>\r\n  <\/li>\r\n  <li class=\"dish-item\">\r\n    <div class=\"dish-title-price\">\r\n      <div class=\"dish-info\">\r\n        <strong>Gran Canaria<\/strong>Nougat-Eis, Nuss, stracciatella, Schokolade und Sahne\r\n        <div class=\"allergens\">\r\n          <i class=\"icon icon-gluten\"><\/i>\r\n          <i class=\"icon icon-huevo\"><\/i>\r\n          <i class=\"icon icon-leche\"><\/i>\r\n        <\/div>\r\n      <\/div>\r\n      <span class=\"price\">7,90 \u20ac<\/span>\r\n    <\/div>\r\n  <\/li>\r\n  <li class=\"dish-item\">\r\n    <div class=\"dish-title-price\">\r\n      <div class=\"dish-info\">\r\n        <strong>El Sabinar<\/strong>Eis stracciatella, Vanille-und Erdbeer-Sirup-Erdbeere und Sahne\r\n        <div class=\"allergens\">\r\n          <i class=\"icon icon-gluten\"><\/i>\r\n          <i class=\"icon icon-huevo\"><\/i>\r\n          <i class=\"icon icon-leche\"><\/i>\r\n        <\/div>\r\n      <\/div>\r\n      <span class=\"price\">7,90 \u20ac<\/span>\r\n    <\/div>\r\n  <\/li>\r\n  <li class=\"dish-item\">\r\n    <div class=\"dish-title-price\">\r\n      <div class=\"dish-info\">\r\n        <strong>Masca<\/strong>Vanilla ice cream, mandarin sorbet, Sirup, Erdbeeren und Schlagsahne\r\n        <div class=\"allergens\">\r\n          <i class=\"icon icon-gluten\"><\/i>\r\n          <i class=\"icon icon-huevo\"><\/i>\r\n          <i class=\"icon icon-leche\"><\/i>\r\n        <\/div>\r\n      <\/div>\r\n      <span class=\"price\">7,90 \u20ac<\/span>\r\n    <\/div>\r\n  <\/li>\r\n  <li class=\"dish-item\">\r\n    <div class=\"dish-title-price\">\r\n      <div class=\"dish-info\">\r\n        <strong>Timanfaya<\/strong>Eis stracciatella und nougat, Karamell und Schlagsahne\r\n        <div class=\"allergens\">\r\n          <i class=\"icon icon-gluten\"><\/i>\r\n          <i class=\"icon icon-huevo\"><\/i>\r\n          <i class=\"icon icon-leche\"><\/i>\r\n          <i class=\"icon icon-frutos-secos\"><\/i>\r\n        <\/div>\r\n      <\/div>\r\n      <span class=\"price\">7,90 \u20ac<\/span>\r\n    <\/div>\r\n  <\/li>\r\n    <li class=\"dish-item\">\r\n  <div class=\"dish-title-price\">\r\n    <div class=\"dish-info\">\r\n      <p><strong>Glas Abwechslungsreiche<\/strong> 3 Kugeln einer Sorte von Eis und Sahne<\/p>\r\n      <div class=\"allergens\">\r\n        <i class=\"icon icon-gluten\"><\/i>\r\n        <i class=\"icon icon-huevo\"><\/i>\r\n        <i class=\"icon icon-leche\"><\/i>\r\n        <i class=\"icon icon-cacahuetes\"><\/i>\r\n      <\/div>\r\n    <\/div>\r\n    <span class=\"price\">6,25 \u20ac<\/span>\r\n  <\/div>\r\n<\/li>\r\n\r\n<li class=\"dish-item\">\r\n  <div class=\"dish-title-price\">\r\n    <div class=\"dish-info\">\r\n      <p><strong>Lemon sorbet<\/strong><\/p>\r\n      <div class=\"allergens\">\r\n        <i class=\"icon icon-gluten\"><\/i>\r\n        <i class=\"icon icon-huevo\"><\/i>\r\n        <i class=\"icon icon-leche\"><\/i>\r\n      <\/div>\r\n    <\/div>\r\n    <span class=\"price\">6,00 \u20ac<\/span>\r\n  <\/div>\r\n<\/li>\r\n\r\n<li class=\"dish-item\">\r\n  <div class=\"dish-title-price\">\r\n    <div class=\"dish-info\">\r\n      <p><strong>Sundae  N\u00fcsse<\/strong> Vanille-Eiscreme, N\u00fcsse, Karamell und Schlagsahne<\/p>\r\n      <div class=\"allergens\">\r\n        <i class=\"icon icon-gluten\"><\/i>\r\n        <i class=\"icon icon-huevo\"><\/i>\r\n        <i class=\"icon icon-leche\"><\/i>\r\n        <i class=\"icon icon-cacahuetes\"><\/i>\r\n      <\/div>\r\n    <\/div>\r\n    <span class=\"price\">6,25 \u20ac<\/span>\r\n  <\/div>\r\n<\/li>\r\n\r\n<li class=\"dish-item\">\r\n  <div class=\"dish-title-price\">\r\n    <div class=\"dish-info\">\r\n      <p><strong>Kugel Eis<\/strong><\/p>\r\n      <div class=\"allergens\">\r\n        <i class=\"icon icon-gluten\"><\/i>\r\n        <i class=\"icon icon-huevo\"><\/i>\r\n        <i class=\"icon icon-leche\"><\/i>\r\n      <\/div>\r\n    <\/div>\r\n    <span class=\"price\">2,40 \u20ac<\/span>\r\n  <\/div>\r\n<\/li>\r\n\r\n<li class=\"dish-item\">\r\n  <div class=\"dish-title-price\">\r\n    <div class=\"dish-info\">\r\n      <p><strong>Banana Split<\/strong> Vanilla ice cream, Banane, Karamell und Sahne<\/p>\r\n      <div class=\"allergens\">\r\n        <i class=\"icon icon-gluten\"><\/i>\r\n        <i class=\"icon icon-huevo\"><\/i>\r\n        <i class=\"icon icon-leche\"><\/i>\r\n      <\/div>\r\n    <\/div>\r\n    <span class=\"price\">6,90 \u20ac<\/span>\r\n  <\/div>\r\n<\/li>\r\n\r\n<\/ul>\r\n\r\n    <\/div>\r\n    <div class=\"submenu-content\" id=\"cafe\">\r\n      <ul class=\"dish-list\">\r\n   <li class=\"dish-item\">\r\n    <div class=\"dish-title-price\">\r\n      <div class=\"dish-info\">\r\n        <strong>Kaffee-Eis<\/strong> Vanilleeis, Kaffee und Sahne\r\n        <div class=\"allergens\">\r\n          <i class=\"icon icon-huevo\"><\/i>\r\n          <i class=\"icon icon-leche\"><\/i>\r\n        <\/div>\r\n      <\/div>\r\n      <span class=\"price\">6,00 \u20ac<\/span>\r\n    <\/div>\r\n  <\/li>\r\n  <li class=\"dish-item\">\r\n    <div class=\"dish-title-price\">\r\n      <div class=\"dish-info\">\r\n        <strong>Irish Coffee<\/strong> Kaffee, whiskey und Sahne\r\n        <div class=\"allergens\">\r\n          <i class=\"icon icon-leche\"><\/i>\r\n        <\/div>\r\n      <\/div>\r\n      <span class=\"price\">7,00 \u20ac<\/span>\r\n    <\/div>\r\n  <\/li>\r\n  <li class=\"dish-item\">\r\n    <div class=\"dish-title-price\">\r\n      <div class=\"dish-info\">\r\n        <strong>Lumumba<\/strong> Schnaps, Schokolade und Sahne\r\n        <div class=\"allergens\">\r\n          <i class=\"icon icon-leche\"><\/i>\r\n          <i class=\"icon icon-frutos-secos\"><\/i>\r\n        <\/div>\r\n      <\/div>\r\n      <span class=\"price\">6,50 \u20ac<\/span>\r\n    <\/div>\r\n  <\/li>\r\n  <li class=\"dish-item\">\r\n    <div class=\"dish-title-price\">\r\n      <div class=\"dish-info\">\r\n        <strong>Cafe Calypso<\/strong> Kaffee, tia Maria und Sahne\r\n        <div class=\"allergens\">\r\n          <i class=\"icon icon-leche\"><\/i>\r\n        <\/div>\r\n      <\/div>\r\n      <span class=\"price\">5,25 \u20ac<\/span>\r\n    <\/div>\r\n  <\/li>\r\n  <li class=\"dish-item\">\r\n    <div class=\"dish-title-price\">\r\n      <div class=\"dish-info\">\r\n        <strong>Eis-Schokolade<\/strong> Vanille-Eis, Schokolade, K\u00e4lte, und Schlagsahne\r\n        <div class=\"allergens\">\r\n          <i class=\"icon icon-huevo\"><\/i>\r\n          <i class=\"icon icon-leche\"><\/i>\r\n          <i class=\"icon icon-frutos-secos\"><\/i>\r\n        <\/div>\r\n      <\/div>\r\n      <span class=\"price\">6,00 \u20ac<\/span>\r\n    <\/div>\r\n  <\/li>\r\n<\/ul>\r\n\r\n    <\/div>\r\n  <\/div>\r\n  \r\n<\/div>\r\n\r\n<script>\r\n  \/\/ Cambiar entre pesta\u00f1as principales (solo MEN\u00da activa contenido)\r\n  document.querySelectorAll('.tab-button').forEach(button => {\r\n    button.addEventListener('click', e => {\r\n      if (button.dataset.target !== \"menu\") return; \/\/ solo men\u00fa tiene contenido\r\n      document.querySelectorAll('.tab-button').forEach(btn => btn.classList.remove('active'));\r\n      document.querySelectorAll('.menu-content').forEach(content => content.classList.remove('active'));\r\n\r\n      button.classList.add('active');\r\n      document.getElementById(button.dataset.target).classList.add('active');\r\n    });\r\n  });\r\n\r\n  \/\/ Submen\u00fa dentro de MEN\u00da\r\n  document.querySelectorAll('.subtab-button').forEach(button => {\r\n    button.addEventListener('click', () => {\r\n      document.querySelectorAll('.subtab-button').forEach(btn => btn.classList.remove('active'));\r\n      document.querySelectorAll('.submenu-content').forEach(content => content.classList.remove('active'));\r\n\r\n      button.classList.add('active');\r\n      document.getElementById(button.dataset.target).classList.add('active');\r\n    });\r\n  });\r\n<\/script>\r\n\t\t\t\t<\/div>\n\t\t\t\t<\/div>\n\t\t\t\t\t<\/div>\n\t\t\t\t<\/div>\n\t\t<div class=\"elementor-element elementor-element-7824210 e-flex e-con-boxed e-con e-parent\" data-id=\"7824210\" data-element_type=\"container\" data-e-type=\"container\" data-settings=\"{&quot;background_background&quot;:&quot;classic&quot;}\">\n\t\t\t\t\t<div class=\"e-con-inner\">\n\t\t\t\t<div class=\"elementor-element elementor-element-92d0e73 elementor-widget elementor-widget-text-editor\" data-id=\"92d0e73\" data-element_type=\"widget\" data-e-type=\"widget\" data-widget_type=\"text-editor.default\">\n\t\t\t\t<div class=\"elementor-widget-container\">\n\t\t\t\t\t\t\t\t\t<p><strong>I.G.I.C 7% NICHT INKLUSIVE<\/strong><\/p>\t\t\t\t\t\t\t\t<\/div>\n\t\t\t\t<\/div>\n\t\t\t\t<div class=\"elementor-element elementor-element-ee65e06 elementor-widget__width-auto elementor-align-right elementor-mobile-align-center elementor-widget elementor-widget-button\" data-id=\"ee65e06\" data-element_type=\"widget\" data-e-type=\"widget\" data-widget_type=\"button.default\">\n\t\t\t\t<div class=\"elementor-widget-container\">\n\t\t\t\t\t\t\t\t\t<div class=\"elementor-button-wrapper\">\n\t\t\t\t\t<a class=\"elementor-button elementor-button-link elementor-size-sm\" href=\"#elementor-action%3Aaction%3Dpopup%3Aopen%26settings%3DeyJpZCI6Ijc4MTQiLCJ0b2dnbGUiOmZhbHNlfQ%3D%3D\">\n\t\t\t\t\t\t<span class=\"elementor-button-content-wrapper\">\n\t\t\t\t\t\t\t\t\t<span class=\"elementor-button-text\">ALLERGENE<\/span>\n\t\t\t\t\t<\/span>\n\t\t\t\t\t<\/a>\n\t\t\t\t<\/div>\n\t\t\t\t\t\t\t\t<\/div>\n\t\t\t\t<\/div>\n\t\t\t\t\t<\/div>\n\t\t\t\t<\/div>\n\t\t\t\t<\/div>","protected":false},"excerpt":{"rendered":"<p>Restaurante Pizzer\u00eda El Lago CARTA RESERVAR MEN\u00da FUERA DE CARTA DESAYUNOS BEBIDAS CERVEZAS Y C\u00d3CKTELES VINOS POSTRES POSTRES HELADOS CAF\u00c9 [&hellip;]<\/p>\n","protected":false},"author":3,"featured_media":0,"parent":0,"menu_order":0,"comment_status":"closed","ping_status":"closed","template":"","meta":{"site-sidebar-layout":"no-sidebar","site-content-layout":"","ast-site-content-layout":"full-width-container","site-content-style":"default","site-sidebar-style":"default","ast-global-header-display":"","ast-banner-title-visibility":"","ast-main-header-display":"","ast-hfb-above-header-display":"","ast-hfb-below-header-display":"","ast-hfb-mobile-header-display":"","site-post-title":"disabled","ast-breadcrumbs-content":"","ast-featured-img":"disabled","footer-sml-layout":"","ast-disable-related-posts":"","theme-transparent-header-meta":"","adv-header-id-meta":"","stick-header-meta":"","header-above-stick-meta":"","header-main-stick-meta":"","header-below-stick-meta":"","astra-migrate-meta-layouts":"default","ast-page-background-enabled":"default","ast-page-background-meta":{"desktop":{"background-color":"var(--ast-global-color-5)","background-image":"","background-repeat":"repeat","background-position":"center center","background-size":"auto","background-attachment":"scroll","background-type":"","background-media":"","overlay-type":"","overlay-color":"","overlay-opacity":"","overlay-gradient":""},"tablet":{"background-color":"","background-image":"","background-repeat":"repeat","background-position":"center center","background-size":"auto","background-attachment":"scroll","background-type":"","background-media":"","overlay-type":"","overlay-color":"","overlay-opacity":"","overlay-gradient":""},"mobile":{"background-color":"","background-image":"","background-repeat":"repeat","background-position":"center center","background-size":"auto","background-attachment":"scroll","background-type":"","background-media":"","overlay-type":"","overlay-color":"","overlay-opacity":"","overlay-gradient":""}},"ast-content-background-meta":{"desktop":{"background-color":"var(--ast-global-color-4)","background-image":"","background-repeat":"repeat","background-position":"center center","background-size":"auto","background-attachment":"scroll","background-type":"","background-media":"","overlay-type":"","overlay-color":"","overlay-opacity":"","overlay-gradient":""},"tablet":{"background-color":"var(--ast-global-color-4)","background-image":"","background-repeat":"repeat","background-position":"center center","background-size":"auto","background-attachment":"scroll","background-type":"","background-media":"","overlay-type":"","overlay-color":"","overlay-opacity":"","overlay-gradient":""},"mobile":{"background-color":"var(--ast-global-color-4)","background-image":"","background-repeat":"repeat","background-position":"center center","background-size":"auto","background-attachment":"scroll","background-type":"","background-media":"","overlay-type":"","overlay-color":"","overlay-opacity":"","overlay-gradient":""}},"footnotes":""},"class_list":["post-8566","page","type-page","status-publish","hentry"],"_links":{"self":[{"href":"https:\/\/grupoelpadrino.com\/de\/wp-json\/wp\/v2\/pages\/8566","targetHints":{"allow":["GET"]}}],"collection":[{"href":"https:\/\/grupoelpadrino.com\/de\/wp-json\/wp\/v2\/pages"}],"about":[{"href":"https:\/\/grupoelpadrino.com\/de\/wp-json\/wp\/v2\/types\/page"}],"author":[{"embeddable":true,"href":"https:\/\/grupoelpadrino.com\/de\/wp-json\/wp\/v2\/users\/3"}],"replies":[{"embeddable":true,"href":"https:\/\/grupoelpadrino.com\/de\/wp-json\/wp\/v2\/comments?post=8566"}],"version-history":[{"count":22,"href":"https:\/\/grupoelpadrino.com\/de\/wp-json\/wp\/v2\/pages\/8566\/revisions"}],"predecessor-version":[{"id":9110,"href":"https:\/\/grupoelpadrino.com\/de\/wp-json\/wp\/v2\/pages\/8566\/revisions\/9110"}],"wp:attachment":[{"href":"https:\/\/grupoelpadrino.com\/de\/wp-json\/wp\/v2\/media?parent=8566"}],"curies":[{"name":"wp","href":"https:\/\/api.w.org\/{rel}","templated":true}]}}