{"id":7801,"date":"2025-04-22T12:21:56","date_gmt":"2025-04-22T10:21:56","guid":{"rendered":"http:\/\/localhost\/grupo-padrino\/?page_id=7801"},"modified":"2025-04-22T12:22:36","modified_gmt":"2025-04-22T10:22:36","slug":"politica-de-privacidad","status":"publish","type":"page","link":"https:\/\/grupoelpadrino.com\/de\/politica-de-privacidad\/","title":{"rendered":"Datenschutzerkl\u00e4rung"},"content":{"rendered":"<div data-elementor-type=\"wp-page\" data-elementor-id=\"7801\" class=\"elementor elementor-7801\" data-elementor-post-type=\"page\">\n\t\t\t\t<div class=\"elementor-element elementor-element-0f76967 e-flex e-con-boxed e-con e-parent\" data-id=\"0f76967\" data-element_type=\"container\" data-e-type=\"container\">\n\t\t\t\t\t<div class=\"e-con-inner\">\n\t\t\t\t<div class=\"elementor-element elementor-element-02b4140 elementor-widget elementor-widget-heading\" data-id=\"02b4140\" data-element_type=\"widget\" data-e-type=\"widget\" data-widget_type=\"heading.default\">\n\t\t\t\t<div class=\"elementor-widget-container\">\n\t\t\t\t\t<h2 class=\"elementor-heading-title elementor-size-default\">Datenschutzerkl\u00e4rung<\/h2>\t\t\t\t<\/div>\n\t\t\t\t<\/div>\n\t\t\t\t<div class=\"elementor-element elementor-element-18c210f elementor-widget elementor-widget-text-editor\" data-id=\"18c210f\" data-element_type=\"widget\" data-e-type=\"widget\" data-widget_type=\"text-editor.default\">\n\t\t\t\t<div class=\"elementor-widget-container\">\n\t\t\t\t\t\t\t\t\t<p>DER PATE INVESTMENTS SL ist verpflichtet sicherzustellen, dass Ihre Privatsph\u00e4re gesch\u00fctzt ist. Diese Datenschutzerkl\u00e4rung erl\u00e4utert, wie wir mit den personenbezogenen Informationen, die wir \u00fcber unsere website sammeln, und andere digitale Kan\u00e4le, in \u00fcbereinstimmung mit der Allgemeinen Verordnung f\u00fcr den Datenschutz (RGPD) (EU 2016\/679) und dem Organgesetz 3\/2018, zum Schutz Personenbezogener Daten und Gew\u00e4hrleistung digitaler Rechte (LOPDGDD).<\/p><h4 class=\"wp-block-heading\">Verantwortlich f\u00fcr die Datenverarbeitung<\/h4><ul><li><strong>Verantwortlich<\/strong>: DER PATE INVESTMENTS SL<\/li><li><strong>NIF<\/strong>: B67796268<\/li><li><strong>Registrierte Adresse<\/strong>: AV CRISTOBAL COLON 14 PUERTO DE LA CRUZ 38400<\/li><li><strong>E-mail<\/strong>:\u00a0<a class=\"css-1rn59kg\" title=\"mailto:INFO@GRUPOELPADRINO.COM\" href=\"mailto:INFO@GRUPOELPADRINO.COM\" data-testid=\"link-with-safety\" data-renderer-mark=\"true\">INFO@GRUPOELPADRINO.COM<\/a><\/li><\/ul><h4>Welche Informationen sammeln wir<\/h4><p>Wir sammeln die folgenden pers\u00f6nlichen Informationen:<\/p><ul><li>Name und Nachname<\/li><li>Kontaktinformationen einschlie\u00dflich E-Mail-Adresse und Telefonnummer<\/li><li>Demografische Informationen wie Postleitzahl, Vorlieben und Interessen<\/li><li>Technische Informationen wie IP-Adresse, browser-Typ und Browser-Daten (cookies)<\/li><\/ul><h4>Zweck der Datenverarbeitung<\/h4><p>Wir sammeln diese Informationen, um besseren Service und insbesondere aus folgenden Gr\u00fcnden:<\/p><ul><li><strong>Unternehmensberatungen<\/strong>: Antworten auf Fragen, Anfragen oder Informationen bereitzustellen.<\/li><li><strong>Verbesserung unserer Produkte und services<\/strong>: Wir nutzen die Daten zur internen Analyse.<\/li><li><strong>Kommerzielle Kommunikation<\/strong>: Nur mit Ihrer ausdr\u00fccklichen Einwilligung, senden wir Ihnen Werbe Informationen \u00fcber Produkte, Dienstleistungen oder Ereignisse, die wir glauben, dass Sie f\u00fcr Sie von Interesse sein.<\/li><li><strong>Einhaltung rechtlicher Verpflichtungen.<\/strong>: Wenn notwendig, werden wir die Daten verarbeiten, um unseren gesetzlichen Verpflichtungen nachzukommen.<\/li><\/ul><h4>Legitimation f\u00fcr die Behandlung der Daten<\/h4><p>Die Rechtsgrundlage f\u00fcr die Verarbeitung Ihrer Daten ist die\u00a0<strong>ausdr\u00fcckliche Zustimmung<\/strong>\u00a0von Ihnen zur Verf\u00fcgung gestellten wenn Sie dies akzeptieren Datenschutzrichtlinie und indem Sie uns Ihre pers\u00f6nlichen Informationen.<\/p><h4>Rechte der Nutzer<\/h4><p>Als Inhaber der pers\u00f6nlichen Daten, haben Sie das Recht auf:<\/p><ul><li><strong>Zugang<\/strong>\u00a0Ihre personenbezogenen Daten.<\/li><li><strong>Korrigieren<\/strong>\u00a0jeder unrichtig oder unvollst\u00e4ndig sind.<\/li><li><strong>Um die L\u00f6schung<\/strong>\u00a0Ihre Daten, sobald Sie nicht mehr erforderlich f\u00fcr die Zwecke, f\u00fcr die Sie erhoben wurden.<\/li><li><strong>Begrenzen Sie die Behandlung<\/strong>\u00a0Ihre Daten unter bestimmten Umst\u00e4nden.<\/li><li><strong>Gegen<\/strong>\u00a0der Verarbeitung Ihrer Daten f\u00fcr marketing-Zwecke.<\/li><li><strong>Strip<\/strong>\u00a0Ihre Daten an einen anderen Verantwortlichen, wenn dies technisch m\u00f6glich ist.<\/li><\/ul><p>Sie k\u00f6nnen diese Rechte aus\u00fcben, indem Sie eine e-mail an\u00a0<a class=\"css-1rn59kg\" title=\"mailto:INFO@GRUPOELPADRINO.COM\" href=\"mailto:INFO@GRUPOELPADRINO.COM\" data-testid=\"link-with-safety\" data-renderer-mark=\"true\">INFO@GRUPOELPADRINO.COM<\/a>\u00a0oder per post an unsere oben genannten Adresse. In allen F\u00e4llen m\u00fcssen Sie eine Kopie Ihres Personalausweises Ihre Identit\u00e4t zu \u00fcberpr\u00fcfen.<\/p><h4>Sicherheit der Daten<\/h4><p>DER PATE INVESTMENTS SL ist verpflichtet, daf\u00fcr zu sorgen, dass Ihre Informationen sicher sind. Um zu verhindern, dass unbefugte Zugriff oder die Offenlegung Ihrer pers\u00f6nlichen Daten haben, haben wir Sicherheitsma\u00dfnahmen ergriffen, physische, elektronische und administrative Ma\u00dfnahmen.<\/p><h4>Verwendung von Cookies<\/h4><p>Unsere website verwendet cookies, um technische Informationen sammeln und verbessern Sie Ihre Benutzer-Erfahrung. F\u00fcr weitere Informationen, wie wir die cookies nutzen, bitte beachten Sie unsere\u00a0<strong>Cookie-Richtlinie<\/strong>.<\/p><h4>Aufbewahrung von Daten<\/h4><p>Ihre personenbezogenen Daten werden so lange aufbewahrt, wie es ist, eine Gesch\u00e4ftsbeziehung oder bis Sie verlangen, dass seine Unterdr\u00fcckung durch die Partei, die in \u00fcbereinstimmung mit den Fristen, die durch die Verordnungen in Kraft.<\/p><h4>\u00c4nderungen in den Datenschutzbestimmungen<\/h4><p>DER PATE INVESTMENTS SL beh\u00e4lt sich das Recht vor, diese Datenschutzerkl\u00e4rung zu \u00e4ndern zu jeder Zeit. Jede \u00e4nderung wird mitgeteilt werden durch diese website.<\/p><h4>Kontakt<\/h4><p>Wenn Sie Fragen zu dieser Datenschutzerkl\u00e4rung oder dar\u00fcber, wie wir mit Ihren pers\u00f6nlichen Daten, Sie k\u00f6nnen Kontakt mit uns durch\u00a0<a class=\"css-1rn59kg\" title=\"mailto:INFO@GRUPOELPADRINO.COM\" href=\"mailto:INFO@GRUPOELPADRINO.COM\" data-testid=\"link-with-safety\" data-renderer-mark=\"true\">INFO@GRUPOELPADRINO.COM<\/a>.<\/p>\t\t\t\t\t\t\t\t<\/div>\n\t\t\t\t<\/div>\n\t\t\t\t\t<\/div>\n\t\t\t\t<\/div>\n\t\t\t\t<\/div>","protected":false},"excerpt":{"rendered":"<p>Pol\u00edtica de Privacidad EL PADRINO INVERSIONES SL se compromete a garantizar que su privacidad est\u00e9 protegida. Esta pol\u00edtica de privacidad [&hellip;]<\/p>\n","protected":false},"author":3,"featured_media":0,"parent":0,"menu_order":0,"comment_status":"closed","ping_status":"closed","template":"","meta":{"site-sidebar-layout":"no-sidebar","site-content-layout":"","ast-site-content-layout":"full-width-container","site-content-style":"default","site-sidebar-style":"default","ast-global-header-display":"","ast-banner-title-visibility":"","ast-main-header-display":"","ast-hfb-above-header-display":"","ast-hfb-below-header-display":"","ast-hfb-mobile-header-display":"","site-post-title":"disabled","ast-breadcrumbs-content":"","ast-featured-img":"disabled","footer-sml-layout":"","ast-disable-related-posts":"","theme-transparent-header-meta":"","adv-header-id-meta":"","stick-header-meta":"","header-above-stick-meta":"","header-main-stick-meta":"","header-below-stick-meta":"","astra-migrate-meta-layouts":"default","ast-page-background-enabled":"default","ast-page-background-meta":{"desktop":{"background-color":"var(--ast-global-color-5)","background-image":"","background-repeat":"repeat","background-position":"center center","background-size":"auto","background-attachment":"scroll","background-type":"","background-media":"","overlay-type":"","overlay-color":"","overlay-opacity":"","overlay-gradient":""},"tablet":{"background-color":"","background-image":"","background-repeat":"repeat","background-position":"center center","background-size":"auto","background-attachment":"scroll","background-type":"","background-media":"","overlay-type":"","overlay-color":"","overlay-opacity":"","overlay-gradient":""},"mobile":{"background-color":"","background-image":"","background-repeat":"repeat","background-position":"center center","background-size":"auto","background-attachment":"scroll","background-type":"","background-media":"","overlay-type":"","overlay-color":"","overlay-opacity":"","overlay-gradient":""}},"ast-content-background-meta":{"desktop":{"background-color":"var(--ast-global-color-4)","background-image":"","background-repeat":"repeat","background-position":"center center","background-size":"auto","background-attachment":"scroll","background-type":"","background-media":"","overlay-type":"","overlay-color":"","overlay-opacity":"","overlay-gradient":""},"tablet":{"background-color":"var(--ast-global-color-4)","background-image":"","background-repeat":"repeat","background-position":"center center","background-size":"auto","background-attachment":"scroll","background-type":"","background-media":"","overlay-type":"","overlay-color":"","overlay-opacity":"","overlay-gradient":""},"mobile":{"background-color":"var(--ast-global-color-4)","background-image":"","background-repeat":"repeat","background-position":"center center","background-size":"auto","background-attachment":"scroll","background-type":"","background-media":"","overlay-type":"","overlay-color":"","overlay-opacity":"","overlay-gradient":""}},"footnotes":""},"class_list":["post-7801","page","type-page","status-publish","hentry"],"_links":{"self":[{"href":"https:\/\/grupoelpadrino.com\/de\/wp-json\/wp\/v2\/pages\/7801","targetHints":{"allow":["GET"]}}],"collection":[{"href":"https:\/\/grupoelpadrino.com\/de\/wp-json\/wp\/v2\/pages"}],"about":[{"href":"https:\/\/grupoelpadrino.com\/de\/wp-json\/wp\/v2\/types\/page"}],"author":[{"embeddable":true,"href":"https:\/\/grupoelpadrino.com\/de\/wp-json\/wp\/v2\/users\/3"}],"replies":[{"embeddable":true,"href":"https:\/\/grupoelpadrino.com\/de\/wp-json\/wp\/v2\/comments?post=7801"}],"version-history":[{"count":7,"href":"https:\/\/grupoelpadrino.com\/de\/wp-json\/wp\/v2\/pages\/7801\/revisions"}],"predecessor-version":[{"id":7808,"href":"https:\/\/grupoelpadrino.com\/de\/wp-json\/wp\/v2\/pages\/7801\/revisions\/7808"}],"wp:attachment":[{"href":"https:\/\/grupoelpadrino.com\/de\/wp-json\/wp\/v2\/media?parent=7801"}],"curies":[{"name":"wp","href":"https:\/\/api.w.org\/{rel}","templated":true}]}}