{"id":7793,"date":"2025-04-22T12:19:54","date_gmt":"2025-04-22T10:19:54","guid":{"rendered":"http:\/\/localhost\/grupo-padrino\/?page_id=7793"},"modified":"2025-04-22T12:22:48","modified_gmt":"2025-04-22T10:22:48","slug":"aviso-legal","status":"publish","type":"page","link":"https:\/\/grupoelpadrino.com\/de\/aviso-legal\/","title":{"rendered":"Impressum"},"content":{"rendered":"<div data-elementor-type=\"wp-page\" data-elementor-id=\"7793\" class=\"elementor elementor-7793\" data-elementor-post-type=\"page\">\n\t\t\t\t<div class=\"elementor-element elementor-element-0f76967 e-flex e-con-boxed e-con e-parent\" data-id=\"0f76967\" data-element_type=\"container\" data-e-type=\"container\">\n\t\t\t\t\t<div class=\"e-con-inner\">\n\t\t\t\t<div class=\"elementor-element elementor-element-02b4140 elementor-widget elementor-widget-heading\" data-id=\"02b4140\" data-element_type=\"widget\" data-e-type=\"widget\" data-widget_type=\"heading.default\">\n\t\t\t\t<div class=\"elementor-widget-container\">\n\t\t\t\t\t<h2 class=\"elementor-heading-title elementor-size-default\">Impressum<\/h2>\t\t\t\t<\/div>\n\t\t\t\t<\/div>\n\t\t\t\t<div class=\"elementor-element elementor-element-18c210f elementor-widget elementor-widget-text-editor\" data-id=\"18c210f\" data-element_type=\"widget\" data-e-type=\"widget\" data-widget_type=\"text-editor.default\">\n\t\t\t\t<div class=\"elementor-widget-container\">\n\t\t\t\t\t\t\t\t\tIn \u00fcbereinstimmung mit den Bestimmungen des Gesetzes 34\/2002, von 11 Juli, Dienstleistungen der Informationsgesellschaft und des Elektronischen Handels (LSSI-CE), informieren wir Sie \u00fcber die folgenden rechtlichen Aspekte dieser website:\n<h4>Eigentum der Website<\/h4>\n<ul>\n \t<li><strong>Soziale Grund<\/strong>: DER PATE INVESTMENTS SL<\/li>\n \t<li><strong>CIF<\/strong>: B67796268<\/li>\n \t<li><strong>Adresse Steuern und Sozialabgaben<\/strong>: AV CRISTOBAL COLON 14 PUERTO DE LA CRUZ 38400<\/li>\n \t<li><strong>E-mail<\/strong>:\u00a0<a class=\"css-1rn59kg\" title=\"mailto:INFO@GRUPOELPADRINO.COM\" href=\"mailto:INFO@GRUPOELPADRINO.COM\" data-testid=\"link-with-safety\" data-renderer-mark=\"true\">INFO@GRUPOELPADRINO.COM<\/a><\/li>\n<\/ul>\n<h4>Nutzungsbedingungen<\/h4>\nDer Zugang zu und die Nutzung der web-site DER PATE INVESTMENTS SL verleiht den Zustand des Benutzers und impliziert die vollst\u00e4ndige und vorbehaltlose Annahme jeder und jeder einzelne Bestimmungen dieses Rechtlichen Hinweises in der version, ver\u00f6ffentlicht von DER PATE INVESTMENTS SL im selben moment, in dem der Benutzer auf die website zugreift.\n<h4>Geistiges und gewerbliches Eigentum<\/h4>\nAlle Inhalte auf der website, die verstanden wird, aber nicht beschr\u00e4nkt auf, text, Fotografien, Grafiken, Bilder, Symbole, Technologie, software, und andere audiovisuelle oder solide Inhalte, sowie seine grafische Gestaltung und Quellcodes sind geistiges Eigentum des SPONSORS INVESTMENTS SL, ohne auf den Anwender \u00fcbertragen keines der Nutzungsrechte, die \u00fcber Sie hinaus, was ist streng notwendig f\u00fcr die korrekte Nutzung der website.\n<h4>Datenschutz<\/h4>\nDER PATE INVESTMENTS SL entspricht den aktuellen Bestimmungen zum Datenschutz, und sorgt f\u00fcr die korrekte Verwaltung der personenbezogenen Daten, die erhoben werden k\u00f6nnen durch das Kontaktformular auf der website, in \u00fcbereinstimmung mit den Bestimmungen der Verordnung (EU) 2016\/679 (Allgemeine Verordnung \u00fcber Datenschutz).\n<h4>Haftung f\u00fcr Inhalte<\/h4>\nDER PATE INVESTMENTS SL ist nicht verantwortlich f\u00fcr die Rechtm\u00e4\u00dfigkeit anderer websites Dritter, von der aus Sie auf dieser website. Nicht verantwortlich f\u00fcr die Rechtm\u00e4\u00dfigkeit anderer websites Dritter, die m\u00f6glicherweise verlinkten \/ verkn\u00fcpften Seiten, die von dieser Website.\n<h4>Anwendbare Gesetzgebung und Gerichtsstand<\/h4>\nDie Beziehung zwischen DER PATE INVESTMENTS SL und dem Nutzer gelten die aktuellen spanischen Vorschriften und etwaige kontroversen vorgelegt werden, sind die Gerichte und Gerichtsh\u00f6fe der Stadt von Teneriffa, es sei denn, das anwendbare Recht sieht etwas anderes vor.\n\n<hr \/>\n\nF\u00fcr mehr Informationen oder irgendwelche Zweifel \u00fcber dieses Rechtlichen Hinweises, Kontaktieren Sie uns bitte per e-mail: <a class=\"css-1rn59kg\" style=\"font-size: 16px; background-color: #ffffff;\" title=\"mailto:INFO@GRUPOELPADRINO.COM\" href=\"mailto:INFO@GRUPOELPADRINO.COM\" data-testid=\"link-with-safety\" data-renderer-mark=\"true\">INFO@GRUPOELPADRINO.COM<\/a>\n\n<span style=\"text-decoration: underline;\"><em>.<\/em><\/span>\t\t\t\t\t\t\t\t<\/div>\n\t\t\t\t<\/div>\n\t\t\t\t\t<\/div>\n\t\t\t\t<\/div>\n\t\t\t\t<\/div>","protected":false},"excerpt":{"rendered":"<p>Aviso Legal En cumplimiento con lo dispuesto en la Ley 34\/2002, de 11 de julio, de Servicios de la Sociedad [&hellip;]<\/p>\n","protected":false},"author":3,"featured_media":0,"parent":0,"menu_order":0,"comment_status":"closed","ping_status":"closed","template":"","meta":{"site-sidebar-layout":"no-sidebar","site-content-layout":"","ast-site-content-layout":"full-width-container","site-content-style":"default","site-sidebar-style":"default","ast-global-header-display":"","ast-banner-title-visibility":"","ast-main-header-display":"","ast-hfb-above-header-display":"","ast-hfb-below-header-display":"","ast-hfb-mobile-header-display":"","site-post-title":"disabled","ast-breadcrumbs-content":"","ast-featured-img":"disabled","footer-sml-layout":"","ast-disable-related-posts":"","theme-transparent-header-meta":"","adv-header-id-meta":"","stick-header-meta":"","header-above-stick-meta":"","header-main-stick-meta":"","header-below-stick-meta":"","astra-migrate-meta-layouts":"default","ast-page-background-enabled":"default","ast-page-background-meta":{"desktop":{"background-color":"var(--ast-global-color-5)","background-image":"","background-repeat":"repeat","background-position":"center center","background-size":"auto","background-attachment":"scroll","background-type":"","background-media":"","overlay-type":"","overlay-color":"","overlay-opacity":"","overlay-gradient":""},"tablet":{"background-color":"","background-image":"","background-repeat":"repeat","background-position":"center center","background-size":"auto","background-attachment":"scroll","background-type":"","background-media":"","overlay-type":"","overlay-color":"","overlay-opacity":"","overlay-gradient":""},"mobile":{"background-color":"","background-image":"","background-repeat":"repeat","background-position":"center center","background-size":"auto","background-attachment":"scroll","background-type":"","background-media":"","overlay-type":"","overlay-color":"","overlay-opacity":"","overlay-gradient":""}},"ast-content-background-meta":{"desktop":{"background-color":"var(--ast-global-color-4)","background-image":"","background-repeat":"repeat","background-position":"center center","background-size":"auto","background-attachment":"scroll","background-type":"","background-media":"","overlay-type":"","overlay-color":"","overlay-opacity":"","overlay-gradient":""},"tablet":{"background-color":"var(--ast-global-color-4)","background-image":"","background-repeat":"repeat","background-position":"center center","background-size":"auto","background-attachment":"scroll","background-type":"","background-media":"","overlay-type":"","overlay-color":"","overlay-opacity":"","overlay-gradient":""},"mobile":{"background-color":"var(--ast-global-color-4)","background-image":"","background-repeat":"repeat","background-position":"center center","background-size":"auto","background-attachment":"scroll","background-type":"","background-media":"","overlay-type":"","overlay-color":"","overlay-opacity":"","overlay-gradient":""}},"footnotes":""},"class_list":["post-7793","page","type-page","status-publish","hentry"],"_links":{"self":[{"href":"https:\/\/grupoelpadrino.com\/de\/wp-json\/wp\/v2\/pages\/7793","targetHints":{"allow":["GET"]}}],"collection":[{"href":"https:\/\/grupoelpadrino.com\/de\/wp-json\/wp\/v2\/pages"}],"about":[{"href":"https:\/\/grupoelpadrino.com\/de\/wp-json\/wp\/v2\/types\/page"}],"author":[{"embeddable":true,"href":"https:\/\/grupoelpadrino.com\/de\/wp-json\/wp\/v2\/users\/3"}],"replies":[{"embeddable":true,"href":"https:\/\/grupoelpadrino.com\/de\/wp-json\/wp\/v2\/comments?post=7793"}],"version-history":[{"count":10,"href":"https:\/\/grupoelpadrino.com\/de\/wp-json\/wp\/v2\/pages\/7793\/revisions"}],"predecessor-version":[{"id":7811,"href":"https:\/\/grupoelpadrino.com\/de\/wp-json\/wp\/v2\/pages\/7793\/revisions\/7811"}],"wp:attachment":[{"href":"https:\/\/grupoelpadrino.com\/de\/wp-json\/wp\/v2\/media?parent=7793"}],"curies":[{"name":"wp","href":"https:\/\/api.w.org\/{rel}","templated":true}]}}