{"id":7447,"date":"2025-04-13T18:30:42","date_gmt":"2025-04-13T16:30:42","guid":{"rendered":"http:\/\/localhost\/grupo-padrino\/?page_id=7447"},"modified":"2025-07-22T08:14:59","modified_gmt":"2025-07-22T06:14:59","slug":"tapas-la-cazuela","status":"publish","type":"page","link":"https:\/\/grupoelpadrino.com\/de\/tapas-la-cazuela\/","title":{"rendered":"Tapas La Cazuela"},"content":{"rendered":"<div data-elementor-type=\"wp-page\" data-elementor-id=\"7447\" class=\"elementor elementor-7447\" data-elementor-post-type=\"page\">\n\t\t\t\t<div class=\"elementor-element elementor-element-64b46904 e-flex e-con-boxed e-con e-parent\" data-id=\"64b46904\" data-element_type=\"container\" data-e-type=\"container\" data-settings=\"{&quot;background_background&quot;:&quot;classic&quot;}\">\n\t\t\t\t\t<div class=\"e-con-inner\">\n\t\t<div class=\"elementor-element elementor-element-737c7519 e-con-full e-flex e-con e-child\" data-id=\"737c7519\" data-element_type=\"container\" data-e-type=\"container\">\n\t\t\t\t<div class=\"elementor-element elementor-element-69cf6d8e elementor-widget elementor-widget-heading\" data-id=\"69cf6d8e\" data-element_type=\"widget\" data-e-type=\"widget\" data-widget_type=\"heading.default\">\n\t\t\t\t<div class=\"elementor-widget-container\">\n\t\t\t\t\t<h1 class=\"elementor-heading-title elementor-size-default\">La Cazuela<\/h1>\t\t\t\t<\/div>\n\t\t\t\t<\/div>\n\t\t<div class=\"elementor-element elementor-element-1fb4045f e-con-full e-flex e-con e-child\" data-id=\"1fb4045f\" data-element_type=\"container\" data-e-type=\"container\">\n\t\t\t\t<div class=\"elementor-element elementor-element-1e3254cc elementor-widget__width-auto elementor-widget elementor-widget-button\" data-id=\"1e3254cc\" data-element_type=\"widget\" data-e-type=\"widget\" data-widget_type=\"button.default\">\n\t\t\t\t<div class=\"elementor-widget-container\">\n\t\t\t\t\t\t\t\t\t<div class=\"elementor-button-wrapper\">\n\t\t\t\t\t<a class=\"elementor-button elementor-button-link elementor-size-sm\" href=\"\/de\/cartalacazuela\/\">\n\t\t\t\t\t\t<span class=\"elementor-button-content-wrapper\">\n\t\t\t\t\t\t\t\t\t<span class=\"elementor-button-text\">SPEISEKARTE<\/span>\n\t\t\t\t\t<\/span>\n\t\t\t\t\t<\/a>\n\t\t\t\t<\/div>\n\t\t\t\t\t\t\t\t<\/div>\n\t\t\t\t<\/div>\n\t\t\t\t<div class=\"elementor-element elementor-element-6c09879f elementor-widget__width-auto elementor-widget elementor-widget-button\" data-id=\"6c09879f\" data-element_type=\"widget\" data-e-type=\"widget\" data-widget_type=\"button.default\">\n\t\t\t\t<div class=\"elementor-widget-container\">\n\t\t\t\t\t\t\t\t\t<div class=\"elementor-button-wrapper\">\n\t\t\t\t\t<a class=\"elementor-button elementor-button-link elementor-size-sm\" href=\"\/de\/reserva-la-cazuela\/\">\n\t\t\t\t\t\t<span class=\"elementor-button-content-wrapper\">\n\t\t\t\t\t\t\t\t\t<span class=\"elementor-button-text\">RESERVIERUNG<\/span>\n\t\t\t\t\t<\/span>\n\t\t\t\t\t<\/a>\n\t\t\t\t<\/div>\n\t\t\t\t\t\t\t\t<\/div>\n\t\t\t\t<\/div>\n\t\t\t\t<\/div>\n\t\t\t\t<\/div>\n\t\t\t\t\t<\/div>\n\t\t\t\t<\/div>\n\t\t<div class=\"elementor-element elementor-element-582f813 e-flex e-con-boxed e-con e-parent\" data-id=\"582f813\" data-element_type=\"container\" data-e-type=\"container\" data-settings=\"{&quot;background_background&quot;:&quot;classic&quot;,&quot;shape_divider_top&quot;:&quot;curve-asymmetrical&quot;,&quot;shape_divider_top_negative&quot;:&quot;yes&quot;,&quot;shape_divider_bottom&quot;:&quot;curve-asymmetrical&quot;}\">\n\t\t\t\t\t<div class=\"e-con-inner\">\n\t\t\t\t<div class=\"elementor-shape elementor-shape-top\" aria-hidden=\"true\" data-negative=\"true\">\n\t\t\t<svg xmlns=\"http:\/\/www.w3.org\/2000\/svg\" viewbox=\"0 0 1000 100\" preserveaspectratio=\"none\">\n\t<path class=\"elementor-shape-fill\" d=\"M615.2,96.7C240.2,97.8,0,18.9,0,0v100h1000V0C1000,19.2,989.8,96,615.2,96.7z\"\/>\n<\/svg>\t\t<\/div>\n\t\t\t\t<div class=\"elementor-shape elementor-shape-bottom\" aria-hidden=\"true\" data-negative=\"false\">\n\t\t\t<svg xmlns=\"http:\/\/www.w3.org\/2000\/svg\" viewbox=\"0 0 1000 100\" preserveaspectratio=\"none\">\n\t<path class=\"elementor-shape-fill\" d=\"M0,0c0,0,0,6,0,6.7c0,18,240.2,93.6,615.2,92.6C989.8,98.5,1000,25,1000,6.7c0-0.7,0-6.7,0-6.7H0z\"\/>\n<\/svg>\t\t<\/div>\n\t\t\t\t<div class=\"elementor-element elementor-element-34a8830 elementor-widget elementor-widget-heading\" data-id=\"34a8830\" data-element_type=\"widget\" data-e-type=\"widget\" data-widget_type=\"heading.default\">\n\t\t\t\t<div class=\"elementor-widget-container\">\n\t\t\t\t\t<h2 class=\"elementor-heading-title elementor-size-default\">SPEISEKARTE LA CAZUELA<\/h2>\t\t\t\t<\/div>\n\t\t\t\t<\/div>\n\t\t\t\t\t<\/div>\n\t\t\t\t<\/div>\n\t\t<div class=\"elementor-element elementor-element-faac2b4 e-flex e-con-boxed e-con e-parent\" data-id=\"faac2b4\" data-element_type=\"container\" data-e-type=\"container\" data-settings=\"{&quot;background_background&quot;:&quot;classic&quot;}\">\n\t\t\t\t\t<div class=\"e-con-inner\">\n\t\t\t\t<div class=\"elementor-element elementor-element-094aff1 elementor-widget elementor-widget-html\" data-id=\"094aff1\" data-element_type=\"widget\" data-e-type=\"widget\" data-widget_type=\"html.default\">\n\t\t\t\t<div class=\"elementor-widget-container\">\n\t\t\t\t\t<style>\r\n  .menu-container {\r\n    font-family: Arial, sans-serif;\r\n    max-width: 1200px;\r\n    margin: auto;\r\n    background-color: white;\r\n    padding: 2rem;\r\n    border-radius: 10px;\r\n  }\r\n\r\n\r\n  .menu-tabs, .submenu-tabs {\r\n    display: flex;\r\n    flex-wrap: wrap;\r\n    gap: 0.5rem;\r\n    margin-bottom: 1rem;\r\n    justify-content: center;\r\n  }\r\n\r\n  .tab-button, .subtab-button {\r\n    padding: 18px 15px;\r\n    cursor: pointer;\r\n    background: #721739;\r\n    color: #B28E65;\r\n    font-weight: 600;\r\n    font-size: 15px;\r\n    border: none;\r\n    border-radius: 5px;\r\n  }\r\n\r\n  .tab-button.active, .subtab-button.active {\r\n    background: #FFF;\r\n    color: #721739;\r\n    font-weight: bold;\r\n  }\r\n\r\n  .subtab-button {\r\n    background: #F7DAD7;\r\n    color: #B28E65;\r\n    transition: background-color 0.3s ease;\r\n  }\r\n\r\n  .subtab-button.active {\r\n    background: #fff;\r\n    color: #721739;\r\n  }\r\n\r\n  .menu-content, .submenu-content {\r\n    display: none;\r\n  }\r\n\r\n  .menu-content.active, .submenu-content.active {\r\n    display: block;\r\n  }\r\n\r\n  .dish-list {\r\n    list-style: none;\r\n    padding: 0;\r\n    margin: 0;\r\n  }\r\n\r\n  .dish-item {\r\n    margin-bottom: 1rem;\r\n    padding: 1rem;\r\n    border-radius: 8px;\r\n  }\r\n\r\n  .dish-title-price {\r\n    display: flex;\r\n    justify-content: space-between;\r\n    align-items: center;\r\n\r\n    max-width: 800px;\r\n    margin: 0 auto;\r\n  }\r\n\r\n  .dish-info {\r\n    display: flex;\r\n    \/*align-items: center;*\/\r\n    gap: 1rem;\r\n    flex-wrap: wrap;\r\n  }\r\n\r\n  .price {\r\n    font-weight: bold;\r\n    white-space: nowrap;\r\n    margin-left: 1rem;\r\n  }\r\n\r\n  .allergens {\r\n    display: flex;\r\n    gap: 6px;\r\n    flex-wrap: wrap;\r\n  }\r\n\r\n  .allergens i {\r\n    font-size: 22px;\r\n    color: #333;\r\n  }\r\n\r\n  @media (max-width: 768px) {\r\n    .dish-title-price {\r\n      flex-direction: column;\r\n      align-items: center;\r\n      text-align: center;\r\n    }\r\n\r\n    .dish-info {\r\n      flex-direction: column;\r\n      align-items: center;\r\n      gap: 0.5rem;\r\n    }\r\n\r\n    .allergens {\r\n      justify-content: center;\r\n      gap: 4px;\r\n    }\r\n    \r\n    .price {\r\n    margin-left: 0;\r\n  }\r\n  .tab-button,\r\n    .subtab-button {\r\n    font-size: 13px;\r\n    font-weight: 400;\r\n}\r\n.menu-container {\r\n    padding:10px;\r\n}\r\n\r\n  }\r\n<\/style>\r\n\r\n<div class=\"menu-container\">\r\n  <!-- Men\u00fa principal -->\r\n<div class=\"menu-tabs\">\r\n    <a href=\"\/de\/cartalacazuela\/\" class=\"tab-button\">MEN\u00dc<\/a>\r\n        <a href=\"\/de\/fuera-de-carta-la-cazuela\/\" class=\"tab-button\">EXTRA AUSSER DER KARTE<\/a>\r\n    <button class=\"tab-button active\" data-target=\"menu\">TAPAS<\/button>\r\n    <a href=\"\/de\/cervezas-y-cocktails-la-cazuela\/\" class=\"tab-button\">BIERE UND COCKTAILS<\/a>\r\n    <a href=\"\/de\/vinos-la-cazuela\/\" class=\"tab-button\">WEINE<\/a>\r\n    <a href=\"\/de\/bebidas-la-cazuela\/\" class=\"tab-button\">GETR\u00c4NKE<\/a>\r\n    <a href=\"\/de\/postres-la-cazuela\/\" class=\"tab-button\">DESSERTS<\/a>\r\n<\/div>\r\n\r\n\r\n    <!-- Contenidos -->\r\n<ul class=\"dish-list\">\r\n  <li class=\"dish-item\">\r\n    <div class=\"dish-title-price\">\r\n      <div class=\"dish-info\">\r\n        <strong>1.\tAlmogrote mit Toast<\/strong>\r\n        <div class=\"allergens\">\r\n          <i class=\"icon-leche\"><\/i>\r\n          <i class=\"icon-gluten\"><\/i>\r\n        <\/div>\r\n      <\/div>\r\n      <span class=\"price\">6,95 \u20ac<\/span>\r\n    <\/div>\r\n  <\/li>\r\n\r\n  <li class=\"dish-item\">\r\n    <div class=\"dish-title-price\">\r\n      <div class=\"dish-info\">\r\n        <strong>2.\tSalat mit angemachten Tomaten, Sardellen und Frischk\u00e4se<\/strong>\r\n        <div class=\"allergens\">\r\n          <i class=\"icon-pescado\"><\/i>\r\n          <i class=\"icon-leche\"><\/i>\r\n          <i class=\"icon-sulfitos\"><\/i>\r\n        <\/div>\r\n      <\/div>\r\n      <span class=\"price\">6,00 \u20ac<\/span>\r\n    <\/div>\r\n  <\/li>\r\n\r\n  <li class=\"dish-item\">\r\n    <div class=\"dish-title-price\">\r\n      <div class=\"dish-info\">\r\n        <strong>3.\tKanarische K\u00e4seplatte<\/strong>\r\n        <div class=\"allergens\">\r\n          <i class=\"icon-leche\"><\/i>\r\n        <\/div>\r\n      <\/div>\r\n      <span class=\"price\">6,40 \u20ac<\/span>\r\n    <\/div>\r\n  <\/li>\r\n\r\n  <li class=\"dish-item\">\r\n    <div class=\"dish-title-price\">\r\n      <div class=\"dish-info\">\r\n        <strong>4.\tR\u00e4ucherlachs und Avocado-Buschetta<\/strong>\r\n        <div class=\"allergens\">\r\n          <i class=\"icon-gluten\"><\/i>\r\n          <i class=\"icon-pescado\"><\/i>\r\n          <i class=\"icon-sulfitos\"><\/i>\r\n        <\/div>\r\n      <\/div>\r\n      <span class=\"price\">6,90 \u20ac<\/span>\r\n    <\/div>\r\n  <\/li>\r\n\r\n  <li class=\"dish-item\">\r\n    <div class=\"dish-title-price\">\r\n      <div class=\"dish-info\">\r\n        <strong>5.\tBruschetta mit iberischem Schinken, Tomaten und Oregano-K\u00e4se<\/strong>\r\n        <div class=\"allergens\">\r\n          <i class=\"icon-gluten\"><\/i>\r\n          <i class=\"icon-leche\"><\/i>\r\n        <\/div>\r\n      <\/div>\r\n      <span class=\"price\">6,80 \u20ac<\/span>\r\n    <\/div>\r\n  <\/li>\r\n\r\n  <li class=\"dish-item\">\r\n    <div class=\"dish-title-price\">\r\n      <div class=\"dish-info\">\r\n        <strong>6.\tGuacamole Bruschetta mit Knoblauchgarnelen<\/strong>\r\n        <div class=\"allergens\">\r\n          <i class=\"icon-gluten\"><\/i>\r\n          <i class=\"icon-gamba\"><\/i>\r\n        <\/div>\r\n      <\/div>\r\n      <span class=\"price\">7,70 \u20ac<\/span>\r\n    <\/div>\r\n  <\/li>\r\n\r\n  <li class=\"dish-item\">\r\n    <div class=\"dish-title-price\">\r\n      <div class=\"dish-info\">\r\n        <strong>7.\tLaminierter Oktopus mit Pfeffer\u00f6l<\/strong>\r\n        <div class=\"allergens\">\r\n          <i class=\"icon-concha\"><\/i>\r\n        <\/div>\r\n      <\/div>\r\n      <span class=\"price\">6,50 \u20ac<\/span>\r\n    <\/div>\r\n  <\/li>\r\n\r\n  <li class=\"dish-item\">\r\n    <div class=\"dish-title-price\">\r\n      <div class=\"dish-info\">\r\n        <strong>8.\tGer\u00e4ucherter Lachs mit s\u00fc\u00df-w\u00fcrzigem Koriander-Mojo<\/strong>\r\n        <div class=\"allergens\">\r\n          <i class=\"icon-pescado\"><\/i>\r\n          <i class=\"icon-sulfitos\"><\/i>\r\n        <\/div>\r\n      <\/div>\r\n      <span class=\"price\">6,80 \u20ac<\/span>\r\n    <\/div>\r\n  <\/li>\r\n\r\n  <li class=\"dish-item\">\r\n    <div class=\"dish-title-price\">\r\n      <div class=\"dish-info\">\r\n        <strong>9.\tGebratener Ziegenk\u00e4se mit Mangomarmelade<\/strong>\r\n        <div class=\"allergens\">\r\n          <i class=\"icon-huevo\"><\/i>\r\n          <i class=\"icon-gluten\"><\/i>\r\n          <i class=\"icon-leche\"><\/i>\r\n        <\/div>\r\n      <\/div>\r\n      <span class=\"price\">7,30 \u20ac<\/span>\r\n    <\/div>\r\n  <\/li>\r\n\r\n  <li class=\"dish-item\">\r\n    <div class=\"dish-title-price\">\r\n      <div class=\"dish-info\">\r\n        <strong>10.\tKroketten mit iberischem Schinken<\/strong>\r\n        <div class=\"allergens\">\r\n          <i class=\"icon-huevo\"><\/i>\r\n          <i class=\"icon-gluten\"><\/i>\r\n          <i class=\"icon-leche\"><\/i>\r\n        <\/div>\r\n      <\/div>\r\n      <span class=\"price\">7,20 \u20ac<\/span>\r\n    <\/div>\r\n  <\/li>\r\n\r\n <li class=\"dish-item\">\r\n    <div class=\"dish-title-price\">\r\n      <div class=\"dish-info\">\r\n        <strong>11.\tWrackfischkroketten mit Avocado-Aioli<\/strong>\r\n        <div class=\"allergens\">\r\n          <i class=\"icon-huevo\"><\/i>\r\n          <i class=\"icon-gluten\"><\/i>\r\n          <i class=\"icon-leche\"><\/i>\r\n          <i class=\"icon-pescado\"><\/i>\r\n        <\/div>\r\n      <\/div>\r\n      <span class=\"price\">7,20 \u20ac<\/span>\r\n    <\/div>\r\n  <\/li>\r\n  \r\n  <li class=\"dish-item\">\r\n    <div class=\"dish-title-price\">\r\n      <div class=\"dish-info\">\r\n        <strong>12.\tAndalusischer frittierter Tintenfisch aus der Sahara<\/strong>\r\n        <div class=\"allergens\">\r\n          <i class=\"icon-gluten\"><\/i>\r\n          <i class=\"icon-concha\"><\/i>\r\n        <\/div>\r\n      <\/div>\r\n      <span class=\"price\">6,80 \u20ac<\/span>\r\n    <\/div>\r\n  <\/li>\r\n\r\n  <li class=\"dish-item\">\r\n    <div class=\"dish-title-price\">\r\n      <div class=\"dish-info\">\r\n        <strong>13.\tGebratener Garnelenspie\u00df mit getoastetes brot<\/strong>\r\n        <div class=\"allergens\">\r\n          <i class=\"icon-huevo\"><\/i>\r\n          <i class=\"icon-gluten\"><\/i>\r\n          <i class=\"icon-gamba\"><\/i>\r\n        <\/div>\r\n      <\/div>\r\n      <span class=\"price\">6,90 \u20ac<\/span>\r\n    <\/div>\r\n  <\/li>\r\n  \r\n  <li class=\"dish-item\">\r\n    <div class=\"dish-title-price\">\r\n      <div class=\"dish-info\">\r\n        <strong>14.\tKnusprige Sesamgarnelen mit  Ananassauce<\/strong>\r\n        <div class=\"allergens\">\r\n          <i class=\"icon-huevo\"><\/i>\r\n          <i class=\"icon-gluten\"><\/i>\r\n          <i class=\"icon-gamba\"><\/i>\r\n          <i class=\"icon-sesamo\"><\/i>\r\n        <\/div>\r\n      <\/div>\r\n      <span class=\"price\">6,90 \u20ac<\/span>\r\n    <\/div>\r\n  <\/li>\r\n\r\n  <li class=\"dish-item\">\r\n    <div class=\"dish-title-price\">\r\n      <div class=\"dish-info\">\r\n        <strong>15.\tGebratener Oktopus auf Guacamole<\/strong>\r\n        <div class=\"allergens\">\r\n          <i class=\"icon-concha\"><\/i>\r\n          <i class=\"icon-huevo\"><\/i>\r\n          <i class=\"icon-gluten\"><\/i>\r\n        <\/div>\r\n      <\/div>\r\n      <span class=\"price\">7,60 \u20ac<\/span>\r\n    <\/div>\r\n  <\/li>\r\n\r\n  <li class=\"dish-item\">\r\n    <div class=\"dish-title-price\">\r\n      <div class=\"dish-info\">\r\n        <strong>16.\tGebratener Wrackfisch mit runzeligen Kartoffeln und rotem Mojo<\/strong>\r\n        <div class=\"allergens\">\r\n          <i class=\"icon-pescado\"><\/i>\r\n         \r\n          <i class=\"icon-gluten\"><\/i>\r\n        <\/div>\r\n      <\/div>\r\n      <span class=\"price\">6,80 \u20ac<\/span>\r\n    <\/div>\r\n  <\/li>\r\n\r\n  <li class=\"dish-item\">\r\n    <div class=\"dish-title-price\">\r\n      <div class=\"dish-info\">\r\n        <strong>17.\tKnoblauch-Schweinefilet mit Pommes frites<\/strong>\r\n        <div class=\"allergens\">\r\n          <i class=\"icon-gluten\"><\/i>\r\n          \r\n        <\/div>\r\n      <\/div>\r\n      <span class=\"price\">6,40 \u20ac<\/span>\r\n    <\/div>\r\n  <\/li>\r\n\r\n  <li class=\"dish-item\">\r\n    <div class=\"dish-title-price\">\r\n      <div class=\"dish-info\">\r\n        <strong>18.\tH\u00e4hnchenspie\u00df mit w\u00fcrziger Erdnusssauce<\/strong>\r\n        <div class=\"allergens\">\r\n          <i class=\"icon-soja\"><\/i>\r\n          <i class=\"icon-cacahuete\"><\/i>\r\n        <\/div>\r\n      <\/div>\r\n      <span class=\"price\">6,00 \u20ac<\/span>\r\n    <\/div>\r\n  <\/li>\r\n\r\n  <li class=\"dish-item\">\r\n    <div class=\"dish-title-price\">\r\n      <div class=\"dish-info\">\r\n        <strong>19.\tGourmet Rinderfilet Fleischb\u00e4llchen<\/strong>\r\n        <div class=\"allergens\">\r\n          <i class=\"icon-huevo\"><\/i>\r\n          <i class=\"icon-gluten\"><\/i>\r\n        <\/div>\r\n      <\/div>\r\n      <span class=\"price\">6,40 \u20ac<\/span>\r\n    <\/div>\r\n  <\/li>\r\n\r\n  <li class=\"dish-item\">\r\n    <div class=\"dish-title-price\">\r\n      <div class=\"dish-info\">\r\n        <strong>20.\tMini-Rinderfilet-Burger<\/strong>\r\n        <div class=\"allergens\">\r\n          <i class=\"icon-huevo\"><\/i>\r\n          <i class=\"icon-gluten\"><\/i>\r\n          <i class=\"icon-leche\"><\/i>\r\n        <\/div>\r\n      <\/div>\r\n      <span class=\"price\">6,40 \u20ac<\/span>\r\n    <\/div>\r\n  <\/li>\r\n<\/ul>\r\n\r\n\r\n<\/div>\r\n    \r\n<\/div>\r\n\r\n<script>\r\n  \/\/ Cambiar entre pesta\u00f1as principales (solo MEN\u00da activa contenido)\r\n  document.querySelectorAll('.tab-button').forEach(button => {\r\n    button.addEventListener('click', e => {\r\n      if (button.dataset.target !== \"menu\") return; \/\/ solo men\u00fa tiene contenido\r\n      document.querySelectorAll('.tab-button').forEach(btn => btn.classList.remove('active'));\r\n      document.querySelectorAll('.menu-content').forEach(content => content.classList.remove('active'));\r\n\r\n      button.classList.add('active');\r\n      document.getElementById(button.dataset.target).classList.add('active');\r\n    });\r\n  });\r\n\r\n  \/\/ Submen\u00fa dentro de MEN\u00da\r\n  document.querySelectorAll('.subtab-button').forEach(button => {\r\n    button.addEventListener('click', () => {\r\n      document.querySelectorAll('.subtab-button').forEach(btn => btn.classList.remove('active'));\r\n      document.querySelectorAll('.submenu-content').forEach(content => content.classList.remove('active'));\r\n\r\n      button.classList.add('active');\r\n      document.getElementById(button.dataset.target).classList.add('active');\r\n    });\r\n  });\r\n<\/script>\r\n\t\t\t\t<\/div>\n\t\t\t\t<\/div>\n\t\t\t\t\t<\/div>\n\t\t\t\t<\/div>\n\t\t<div class=\"elementor-element elementor-element-896163d e-flex e-con-boxed e-con e-parent\" data-id=\"896163d\" data-element_type=\"container\" data-e-type=\"container\" data-settings=\"{&quot;background_background&quot;:&quot;classic&quot;}\">\n\t\t\t\t\t<div class=\"e-con-inner\">\n\t\t\t\t<div class=\"elementor-element elementor-element-4e084af elementor-widget elementor-widget-text-editor\" data-id=\"4e084af\" data-element_type=\"widget\" data-e-type=\"widget\" data-widget_type=\"text-editor.default\">\n\t\t\t\t<div class=\"elementor-widget-container\">\n\t\t\t\t\t\t\t\t\t<p><strong>I.G.I.C 7% NICHT INKLUSIVE<\/strong><\/p>\t\t\t\t\t\t\t\t<\/div>\n\t\t\t\t<\/div>\n\t\t\t\t<div class=\"elementor-element elementor-element-e69c938 elementor-widget__width-auto elementor-align-right elementor-widget elementor-widget-button\" data-id=\"e69c938\" data-element_type=\"widget\" data-e-type=\"widget\" data-widget_type=\"button.default\">\n\t\t\t\t<div class=\"elementor-widget-container\">\n\t\t\t\t\t\t\t\t\t<div class=\"elementor-button-wrapper\">\n\t\t\t\t\t<a class=\"elementor-button elementor-button-link elementor-size-sm\" href=\"#elementor-action%3Aaction%3Dpopup%3Aopen%26settings%3DeyJpZCI6Ijc4MTQiLCJ0b2dnbGUiOmZhbHNlfQ%3D%3D\">\n\t\t\t\t\t\t<span class=\"elementor-button-content-wrapper\">\n\t\t\t\t\t\t\t\t\t<span class=\"elementor-button-text\">ALLERGENE<\/span>\n\t\t\t\t\t<\/span>\n\t\t\t\t\t<\/a>\n\t\t\t\t<\/div>\n\t\t\t\t\t\t\t\t<\/div>\n\t\t\t\t<\/div>\n\t\t\t\t\t<\/div>\n\t\t\t\t<\/div>\n\t\t\t\t<\/div>","protected":false},"excerpt":{"rendered":"<p>La Cazuela CARTA RESERVAR CARTA LA CAZUELA MEN\u00da FUERA DE CARTA TAPAS CERVEZAS Y C\u00d3CTELES VINOS BEBIDAS POSTRES 1. Almogrote [&hellip;]<\/p>\n","protected":false},"author":3,"featured_media":0,"parent":0,"menu_order":0,"comment_status":"closed","ping_status":"closed","template":"","meta":{"site-sidebar-layout":"no-sidebar","site-content-layout":"","ast-site-content-layout":"full-width-container","site-content-style":"default","site-sidebar-style":"default","ast-global-header-display":"","ast-banner-title-visibility":"","ast-main-header-display":"","ast-hfb-above-header-display":"","ast-hfb-below-header-display":"","ast-hfb-mobile-header-display":"","site-post-title":"disabled","ast-breadcrumbs-content":"","ast-featured-img":"disabled","footer-sml-layout":"","ast-disable-related-posts":"","theme-transparent-header-meta":"","adv-header-id-meta":"","stick-header-meta":"","header-above-stick-meta":"","header-main-stick-meta":"","header-below-stick-meta":"","astra-migrate-meta-layouts":"default","ast-page-background-enabled":"default","ast-page-background-meta":{"desktop":{"background-color":"var(--ast-global-color-5)","background-image":"","background-repeat":"repeat","background-position":"center center","background-size":"auto","background-attachment":"scroll","background-type":"","background-media":"","overlay-type":"","overlay-color":"","overlay-opacity":"","overlay-gradient":""},"tablet":{"background-color":"","background-image":"","background-repeat":"repeat","background-position":"center center","background-size":"auto","background-attachment":"scroll","background-type":"","background-media":"","overlay-type":"","overlay-color":"","overlay-opacity":"","overlay-gradient":""},"mobile":{"background-color":"","background-image":"","background-repeat":"repeat","background-position":"center center","background-size":"auto","background-attachment":"scroll","background-type":"","background-media":"","overlay-type":"","overlay-color":"","overlay-opacity":"","overlay-gradient":""}},"ast-content-background-meta":{"desktop":{"background-color":"var(--ast-global-color-4)","background-image":"","background-repeat":"repeat","background-position":"center center","background-size":"auto","background-attachment":"scroll","background-type":"","background-media":"","overlay-type":"","overlay-color":"","overlay-opacity":"","overlay-gradient":""},"tablet":{"background-color":"var(--ast-global-color-4)","background-image":"","background-repeat":"repeat","background-position":"center center","background-size":"auto","background-attachment":"scroll","background-type":"","background-media":"","overlay-type":"","overlay-color":"","overlay-opacity":"","overlay-gradient":""},"mobile":{"background-color":"var(--ast-global-color-4)","background-image":"","background-repeat":"repeat","background-position":"center center","background-size":"auto","background-attachment":"scroll","background-type":"","background-media":"","overlay-type":"","overlay-color":"","overlay-opacity":"","overlay-gradient":""}},"footnotes":""},"class_list":["post-7447","page","type-page","status-publish","hentry"],"_links":{"self":[{"href":"https:\/\/grupoelpadrino.com\/de\/wp-json\/wp\/v2\/pages\/7447","targetHints":{"allow":["GET"]}}],"collection":[{"href":"https:\/\/grupoelpadrino.com\/de\/wp-json\/wp\/v2\/pages"}],"about":[{"href":"https:\/\/grupoelpadrino.com\/de\/wp-json\/wp\/v2\/types\/page"}],"author":[{"embeddable":true,"href":"https:\/\/grupoelpadrino.com\/de\/wp-json\/wp\/v2\/users\/3"}],"replies":[{"embeddable":true,"href":"https:\/\/grupoelpadrino.com\/de\/wp-json\/wp\/v2\/comments?post=7447"}],"version-history":[{"count":64,"href":"https:\/\/grupoelpadrino.com\/de\/wp-json\/wp\/v2\/pages\/7447\/revisions"}],"predecessor-version":[{"id":9216,"href":"https:\/\/grupoelpadrino.com\/de\/wp-json\/wp\/v2\/pages\/7447\/revisions\/9216"}],"wp:attachment":[{"href":"https:\/\/grupoelpadrino.com\/de\/wp-json\/wp\/v2\/media?parent=7447"}],"curies":[{"name":"wp","href":"https:\/\/api.w.org\/{rel}","templated":true}]}}